{"id":432501,"date":"2026-04-09T16:24:55","date_gmt":"2026-04-09T20:24:55","guid":{"rendered":"https:\/\/www.noxgaming.ca\/?post_type=product&#038;p=432501"},"modified":"2026-04-17T13:38:03","modified_gmt":"2026-04-17T17:38:03","slug":"vpg-sim-racing-50mm-extension","status":"publish","type":"product","link":"https:\/\/www.noxgaming.ca\/fr\/product\/vpg-sim-racing-50mm-extension\/","title":{"rendered":"VPG Sim Racing Extension 50mm"},"content":{"rendered":"<p>Un entretoise l\u00e9ger, pr\u00eat pour la course, con\u00e7u pour allier forme et fonction. L'entretoise est usin\u00e9e avec pr\u00e9cision par CNC \u00e0 partir d'aluminium 6061, finie avec un anodisage noir dur durable, et optimis\u00e9e par FEA pour offrir une r\u00e9sistance maximale avec un poids minimal \u2014 elle fonctionne ainsi de mani\u00e8re fiable sur les bases de roues \u00e0 entra\u00eenement direct (DD) les plus exigeantes sans compromettre l'esth\u00e9tique.<\/p>","protected":false},"excerpt":{"rendered":"<p>Un entretoise l\u00e9ger, pr\u00eat pour la course, con\u00e7u pour allier forme et fonction. L'entretoise est usin\u00e9e avec pr\u00e9cision par CNC \u00e0 partir d'aluminium 6061, finie avec un anodisage noir dur durable, et optimis\u00e9e par FEA pour offrir une r\u00e9sistance maximale avec un poids minimal \u2014 elle fonctionne ainsi de mani\u00e8re fiable sur les bases de roues \u00e0 entra\u00eenement direct (DD) les plus exigeantes sans compromettre l'esth\u00e9tique.<\/p>","protected":false},"featured_media":432502,"template":"","meta":{"_acf_changed":false},"product_brand":[577],"product_cat":[481],"product_tag":[],"class_list":{"0":"post-432501","1":"product","2":"type-product","3":"status-publish","4":"has-post-thumbnail","6":"product_brand-vpg-sim","7":"product_cat-sim-racing-accessories","9":"first","10":"instock","11":"taxable","12":"shipping-taxable","13":"purchasable","14":"product-type-simple"},"acf":[],"_links":{"self":[{"href":"https:\/\/www.noxgaming.ca\/fr\/wp-json\/wp\/v2\/product\/432501","targetHints":{"allow":["GET"]}}],"collection":[{"href":"https:\/\/www.noxgaming.ca\/fr\/wp-json\/wp\/v2\/product"}],"about":[{"href":"https:\/\/www.noxgaming.ca\/fr\/wp-json\/wp\/v2\/types\/product"}],"wp:featuredmedia":[{"embeddable":true,"href":"https:\/\/www.noxgaming.ca\/fr\/wp-json\/wp\/v2\/media\/432502"}],"wp:attachment":[{"href":"https:\/\/www.noxgaming.ca\/fr\/wp-json\/wp\/v2\/media?parent=432501"}],"wp:term":[{"taxonomy":"product_brand","embeddable":true,"href":"https:\/\/www.noxgaming.ca\/fr\/wp-json\/wp\/v2\/product_brand?post=432501"},{"taxonomy":"product_cat","embeddable":true,"href":"https:\/\/www.noxgaming.ca\/fr\/wp-json\/wp\/v2\/product_cat?post=432501"},{"taxonomy":"product_tag","embeddable":true,"href":"https:\/\/www.noxgaming.ca\/fr\/wp-json\/wp\/v2\/product_tag?post=432501"}],"curies":[{"name":"wp","href":"https:\/\/api.w.org\/{rel}","templated":true}]}}