{"id":432392,"date":"2026-04-08T14:46:31","date_gmt":"2026-04-08T18:46:31","guid":{"rendered":"https:\/\/www.noxgaming.ca\/?post_type=product&#038;p=432392"},"modified":"2026-04-17T13:38:20","modified_gmt":"2026-04-17T17:38:20","slug":"conspit-ces-e-stop-emergency-stop","status":"publish","type":"product","link":"https:\/\/www.noxgaming.ca\/fr\/product\/conspit-ces-e-stop-emergency-stop\/","title":{"rendered":"CONSPIT CES E Arr\u00eat d'urgence"},"content":{"rendered":"<p>Un interrupteur d'arr\u00eat d'urgence externe qui permet la d\u00e9sactivation rapide du moteur Ares, adapt\u00e9 au coaching et aux jeux d'enfants sous la surveillance des parents.<\/p>","protected":false},"excerpt":{"rendered":"<p>Un interrupteur d'arr\u00eat d'urgence externe qui permet la d\u00e9sactivation rapide du moteur Ares, adapt\u00e9 au coaching et aux jeux d'enfants sous la surveillance des parents.<\/p>","protected":false},"featured_media":432393,"template":"","meta":{"_acf_changed":false},"product_brand":[425],"product_cat":[481],"product_tag":[],"class_list":{"0":"post-432392","1":"product","2":"type-product","3":"status-publish","4":"has-post-thumbnail","6":"product_brand-conspit","7":"product_cat-sim-racing-accessories","9":"first","10":"instock","11":"taxable","12":"shipping-taxable","13":"purchasable","14":"product-type-simple"},"acf":[],"_links":{"self":[{"href":"https:\/\/www.noxgaming.ca\/fr\/wp-json\/wp\/v2\/product\/432392","targetHints":{"allow":["GET"]}}],"collection":[{"href":"https:\/\/www.noxgaming.ca\/fr\/wp-json\/wp\/v2\/product"}],"about":[{"href":"https:\/\/www.noxgaming.ca\/fr\/wp-json\/wp\/v2\/types\/product"}],"wp:featuredmedia":[{"embeddable":true,"href":"https:\/\/www.noxgaming.ca\/fr\/wp-json\/wp\/v2\/media\/432393"}],"wp:attachment":[{"href":"https:\/\/www.noxgaming.ca\/fr\/wp-json\/wp\/v2\/media?parent=432392"}],"wp:term":[{"taxonomy":"product_brand","embeddable":true,"href":"https:\/\/www.noxgaming.ca\/fr\/wp-json\/wp\/v2\/product_brand?post=432392"},{"taxonomy":"product_cat","embeddable":true,"href":"https:\/\/www.noxgaming.ca\/fr\/wp-json\/wp\/v2\/product_cat?post=432392"},{"taxonomy":"product_tag","embeddable":true,"href":"https:\/\/www.noxgaming.ca\/fr\/wp-json\/wp\/v2\/product_tag?post=432392"}],"curies":[{"name":"wp","href":"https:\/\/api.w.org\/{rel}","templated":true}]}}