{"id":431265,"date":"2026-03-12T12:39:25","date_gmt":"2026-03-12T16:39:25","guid":{"rendered":"https:\/\/www.noxgaming.ca\/?post_type=product&#038;p=431265"},"modified":"2026-04-17T13:39:17","modified_gmt":"2026-04-17T17:39:17","slug":"simagic-alpha-evo-ultra-28nm-direct-drive-wheel-base","status":"publish","type":"product","link":"https:\/\/www.noxgaming.ca\/fr\/product\/simagic-alpha-evo-ultra-28nm-direct-drive-wheel-base\/","title":{"rendered":"SIMAGIC Base Alpha EVO Ultra 28Nm Direct Drive"},"content":{"rendered":"<p>Le SIMAGIC Alpha EVO Ultra est la base la plus puissante et la plus avanc\u00e9e de la s\u00e9rie Alpha EVO. D\u00e9livrant un couple maximal de 28 Nm avec une r\u00e9ponse ultra-rapide et pr\u00e9cise, il est dot\u00e9 d'un rotor compact \u00e0 tr\u00e8s faible inertie et d'une technologie z\u00e9ro-cogging pour une exp\u00e9rience de conduite des plus fluides et des plus authentiques. Dot\u00e9 d'un refroidissement actif, d'une protection d'urgence et d'une connectivit\u00e9 bimode, l'Alpha EVO Ultra est con\u00e7u pour les simulateurs de course professionnels \u00e0 la recherche de performances maximales.<\/p>","protected":false},"excerpt":{"rendered":"<p>The SIMAGIC Alpha EVO Ultra is the most powerful and advanced base in the Alpha EVO series. Delivering 28 Nm of peak torque with ultra-fast and precise response, it features a compact ultra-low inertia rotor and zero-cogging technology for the smoothest and most authentic driving experience. With active cooling, emergency protection, and dual-mode connectivity, the [&hellip;]<\/p>\n","protected":false},"featured_media":431270,"template":"","meta":{"_acf_changed":false},"product_brand":[334],"product_cat":[484],"product_tag":[522,335,336,375],"class_list":{"0":"post-431265","1":"product","2":"type-product","3":"status-publish","4":"has-post-thumbnail","6":"product_brand-simagic","7":"product_cat-wheelbase","8":"product_tag-evo","9":"product_tag-sim-racing","10":"product_tag-simagic","11":"product_tag-wheelbase","13":"first","14":"onbackorder","15":"taxable","16":"shipping-taxable","17":"purchasable","18":"product-type-simple"},"acf":[],"_links":{"self":[{"href":"https:\/\/www.noxgaming.ca\/fr\/wp-json\/wp\/v2\/product\/431265","targetHints":{"allow":["GET"]}}],"collection":[{"href":"https:\/\/www.noxgaming.ca\/fr\/wp-json\/wp\/v2\/product"}],"about":[{"href":"https:\/\/www.noxgaming.ca\/fr\/wp-json\/wp\/v2\/types\/product"}],"wp:featuredmedia":[{"embeddable":true,"href":"https:\/\/www.noxgaming.ca\/fr\/wp-json\/wp\/v2\/media\/431270"}],"wp:attachment":[{"href":"https:\/\/www.noxgaming.ca\/fr\/wp-json\/wp\/v2\/media?parent=431265"}],"wp:term":[{"taxonomy":"product_brand","embeddable":true,"href":"https:\/\/www.noxgaming.ca\/fr\/wp-json\/wp\/v2\/product_brand?post=431265"},{"taxonomy":"product_cat","embeddable":true,"href":"https:\/\/www.noxgaming.ca\/fr\/wp-json\/wp\/v2\/product_cat?post=431265"},{"taxonomy":"product_tag","embeddable":true,"href":"https:\/\/www.noxgaming.ca\/fr\/wp-json\/wp\/v2\/product_tag?post=431265"}],"curies":[{"name":"wp","href":"https:\/\/api.w.org\/{rel}","templated":true}]}}