{"id":4312,"date":"2024-05-27T18:05:04","date_gmt":"2024-05-27T22:05:04","guid":{"rendered":"https:\/\/www.noxgaming.ca\/product\/simagic-haptic-pedals-reactor\/"},"modified":"2026-04-17T13:48:41","modified_gmt":"2026-04-17T17:48:41","slug":"simagic-haptic-pedals-reactor","status":"publish","type":"product","link":"https:\/\/www.noxgaming.ca\/fr\/product\/simagic-haptic-pedals-reactor\/","title":{"rendered":"R\u00e9acteur haptique pour p\u00e9dales SIMAGIC"},"content":{"rendered":"<p>Les moteurs haptiques nouvellement brevet\u00e9s de Simagic simulent les m\u00eames forces que celles rencontr\u00e9es dans les vraies automobiles, offrant ainsi un retour d'information in\u00e9gal\u00e9 et r\u00e9aliste.<\/p>\n<p>La fr\u00e9quence et l'amplitude des vibrations peuvent \u00eatre r\u00e9gl\u00e9es et param\u00e9tr\u00e9es pour recr\u00e9er avec pr\u00e9cision les informations de conduite de diff\u00e9rents v\u00e9hicules.<\/p>\n<p>Divers param\u00e8tres de t\u00e9l\u00e9m\u00e9trie et caract\u00e9ristiques de vibration peuvent \u00eatre modifi\u00e9s et sont constamment mis \u00e0 jour via le logiciel.<\/p>\n<p><b>Caract\u00e9ristiques :<\/b><\/p>\n<ul>\n<li><b>Aluminium usin\u00e9 CNC<\/b><\/li>\n<li><b>Compatibilit\u00e9 : <\/b>P1000, P1000-F, P1000i, P2000, TB-RS<\/li>\n<li><b>Peut \u00eatre install\u00e9 sur : <\/b>P\u00e9dale d'acc\u00e9l\u00e9rateur, Frein, Embrayage, Frein \u00e0 main TB-RS<\/li>\n<li><b>Contenu de la bo\u00eete : <\/b>1x P-HPR, 6x vis M4x10, 1x cl\u00e9 Allen (2.5mm)<\/li>\n<\/ul>\n<p><b>NOUVEAU POUR P2000<\/b> : Requ\u00eates <b><u>SIMAGIC HCB-P2000 HAPTIC CONTROL BOX WITH STAND, POWER SUPPLY<\/u><\/b><\/p>\n<p><b>ATTENTION : Les r\u00e9acteurs de p\u00e9dales haptiques n\u00e9cessitent l'alimentation Simagic (P-APS).<\/b><b><br \/>\n<\/b><br \/>\n<b>Si tu poss\u00e8des d\u00e9j\u00e0 un bloc d'alimentation Simagic (P-APS), tu n'as pas besoin d'en commander un deuxi\u00e8me.<br \/>\n<\/b><br \/>\n<b>Alimentation pour : P\u00e9dales haptiques R\u00e9acteurs, Sim Ray-Bar, Sim Ray-Heel Stop.<\/b><\/p>\n<p><b>Con\u00e7u pour fonctionner EXCLUSIVEMENT avec les produits Simagic. L'utilisation de ce produit sur des p\u00e9dales d'autres marques n'est pas prise en charge par Simagic, et ne sera pas couverte par la garantie. <\/b><\/p>","protected":false},"excerpt":{"rendered":"<p>Pour P500, P1000, P2000, TB1, DS-X8 et autres.<\/p>","protected":false},"featured_media":4313,"template":"","meta":{"_acf_changed":false},"product_brand":[334],"product_cat":[503],"product_tag":[346,340,335,341,336],"class_list":{"0":"post-4312","1":"product","2":"type-product","3":"status-publish","4":"has-post-thumbnail","6":"product_brand-simagic","7":"product_cat-haptic-motors","8":"product_tag-haptics","9":"product_tag-pedal-accessories","10":"product_tag-sim-racing","11":"product_tag-sim-racing-accessories","12":"product_tag-simagic","14":"first","15":"instock","16":"taxable","17":"shipping-taxable","18":"purchasable","19":"product-type-simple"},"acf":[],"_links":{"self":[{"href":"https:\/\/www.noxgaming.ca\/fr\/wp-json\/wp\/v2\/product\/4312","targetHints":{"allow":["GET"]}}],"collection":[{"href":"https:\/\/www.noxgaming.ca\/fr\/wp-json\/wp\/v2\/product"}],"about":[{"href":"https:\/\/www.noxgaming.ca\/fr\/wp-json\/wp\/v2\/types\/product"}],"wp:featuredmedia":[{"embeddable":true,"href":"https:\/\/www.noxgaming.ca\/fr\/wp-json\/wp\/v2\/media\/4313"}],"wp:attachment":[{"href":"https:\/\/www.noxgaming.ca\/fr\/wp-json\/wp\/v2\/media?parent=4312"}],"wp:term":[{"taxonomy":"product_brand","embeddable":true,"href":"https:\/\/www.noxgaming.ca\/fr\/wp-json\/wp\/v2\/product_brand?post=4312"},{"taxonomy":"product_cat","embeddable":true,"href":"https:\/\/www.noxgaming.ca\/fr\/wp-json\/wp\/v2\/product_cat?post=4312"},{"taxonomy":"product_tag","embeddable":true,"href":"https:\/\/www.noxgaming.ca\/fr\/wp-json\/wp\/v2\/product_tag?post=4312"}],"curies":[{"name":"wp","href":"https:\/\/api.w.org\/{rel}","templated":true}]}}