{"id":431082,"date":"2026-03-06T11:55:05","date_gmt":"2026-03-06T16:55:05","guid":{"rendered":"https:\/\/www.noxgaming.ca\/?post_type=product&#038;p=431082"},"modified":"2026-04-17T13:39:25","modified_gmt":"2026-04-17T17:39:25","slug":"in-stock-custom-one-off-gaming-pc-ready-to-ship-amd-ryzen-5-7600x3d-rtx-5060-8gb-32gb-ddr5-cl30-1tb-nvme-4-0-ssd","status":"publish","type":"product","link":"https:\/\/www.noxgaming.ca\/fr\/product\/in-stock-custom-one-off-gaming-pc-ready-to-ship-amd-ryzen-5-7600x3d-rtx-5060-8gb-32gb-ddr5-cl30-1tb-nvme-4-0-ssd\/","title":{"rendered":"VENDU - PC Gaming personnalis\u00e9 - Pr\u00eat \u00e0 \u00eatre exp\u00e9di\u00e9 | AMD Ryzen 5 7600X3D | RTX 5060 8GB | 32GB DDR5 CL30 | 1TB NVMe 4.0 SSD"},"content":{"rendered":"","protected":false},"excerpt":{"rendered":"","protected":false},"featured_media":431086,"template":"","meta":{"_acf_changed":false},"product_brand":[313],"product_cat":[515],"product_tag":[],"class_list":{"0":"post-431082","1":"product","2":"type-product","3":"status-publish","4":"has-post-thumbnail","6":"product_brand-nox-gaming","7":"product_cat-ready-to-ship-gaming-pc","9":"first","10":"onbackorder","11":"sale","12":"taxable","13":"shipping-taxable","14":"purchasable","15":"product-type-simple"},"acf":[],"_links":{"self":[{"href":"https:\/\/www.noxgaming.ca\/fr\/wp-json\/wp\/v2\/product\/431082","targetHints":{"allow":["GET"]}}],"collection":[{"href":"https:\/\/www.noxgaming.ca\/fr\/wp-json\/wp\/v2\/product"}],"about":[{"href":"https:\/\/www.noxgaming.ca\/fr\/wp-json\/wp\/v2\/types\/product"}],"wp:featuredmedia":[{"embeddable":true,"href":"https:\/\/www.noxgaming.ca\/fr\/wp-json\/wp\/v2\/media\/431086"}],"wp:attachment":[{"href":"https:\/\/www.noxgaming.ca\/fr\/wp-json\/wp\/v2\/media?parent=431082"}],"wp:term":[{"taxonomy":"product_brand","embeddable":true,"href":"https:\/\/www.noxgaming.ca\/fr\/wp-json\/wp\/v2\/product_brand?post=431082"},{"taxonomy":"product_cat","embeddable":true,"href":"https:\/\/www.noxgaming.ca\/fr\/wp-json\/wp\/v2\/product_cat?post=431082"},{"taxonomy":"product_tag","embeddable":true,"href":"https:\/\/www.noxgaming.ca\/fr\/wp-json\/wp\/v2\/product_tag?post=431082"}],"curies":[{"name":"wp","href":"https:\/\/api.w.org\/{rel}","templated":true}]}}