{"id":430952,"date":"2026-03-03T17:16:25","date_gmt":"2026-03-03T22:16:25","guid":{"rendered":"https:\/\/www.noxgaming.ca\/?post_type=product&#038;p=430952"},"modified":"2026-04-17T13:39:59","modified_gmt":"2026-04-17T17:39:59","slug":"moza-mhg-flightstick","status":"publish","type":"product","link":"https:\/\/www.noxgaming.ca\/fr\/product\/moza-mhg-flightstick\/","title":{"rendered":"MOZA MHG Flightstick"},"content":{"rendered":"<p>Le MOZA MHG Flightstick est construit en composite de fibre de carbone renforc\u00e9e pour plus de durabilit\u00e9 et de pr\u00e9cision. Dot\u00e9 de capteurs \u00e0 effet Hall, d'une g\u00e2chette \u00e0 deux niveaux, d'un \u00e9clairage RVB personnalisable et d'une disposition des commandes compl\u00e8te, il est con\u00e7u pour une immersion maximale dans tous les sc\u00e9narios de vol.<\/p>\n<h4><span class=\"heading reversed-link lg:text-4xl text-2xl tracking-tighter leading-tight\">Prenez les commandes avec le manche \u00e0 balai MHG<\/span><\/h4>\n<div class=\"leading-none text-xs xl:text-sm\">\n<div class=\"metafield-rich_text_field\">\n<p>Plus de 25 entr\u00e9es programmables, une pr\u00e9cision \u00e0 effet Hall et une construction durable en fibre de carbone - con\u00e7ue pour une simulation de vol de qualit\u00e9 professionnelle.<\/p>\n<h4><span class=\"heading reversed-link lg:text-4xl text-2xl tracking-tighter leading-tight\">Design inspir\u00e9 des vaisseaux spatiaux et des chasseurs<\/span><\/h4>\n<div class=\"leading-none text-xs xl:text-sm\">\n<div class=\"metafield-rich_text_field\">\n<p>Alliant l'esth\u00e9tique des vaisseaux spatiaux et des avions de chasse, le MHG offre une prise en main authentique et intuitive dans diverses simulations de vol.<\/p>\n<h4><span class=\"heading reversed-link lg:text-4xl text-2xl tracking-tighter leading-tight\">Disposition compl\u00e8te des boutons<\/span><\/h4>\n<div class=\"leading-none text-xs xl:text-sm\">\n<div class=\"metafield-rich_text_field\">\n<p>Avec 4 boutons, trois interrupteurs \u00e0 5 voies, un interrupteur \u00e0 3 voies et un interrupteur \u00e0 chapeau, le MHG offre plus de 25 entr\u00e9es virtuelles. Changez instantan\u00e9ment de profil de mapping via le MOZA Cockpit ou les toggles embarqu\u00e9s.<\/p>\n<h4><span class=\"heading reversed-link lg:text-4xl text-2xl tracking-tighter leading-tight\">Axe Z de haute pr\u00e9cision<\/span><\/h4>\n<div class=\"leading-none text-xs xl:text-sm\">\n<div class=\"metafield-rich_text_field\">\n<p>\u00c9quip\u00e9 d'un capteur \u00e0 effet Hall, l'axe Z (lacet) assure une saisie pr\u00e9cise avec une sensation de centrage nette. Verrouillable lorsqu'il n'est pas utilis\u00e9 pour plus de flexibilit\u00e9.<\/p>\n<h4><span class=\"heading reversed-link lg:text-4xl text-2xl tracking-tighter leading-tight\">D\u00e9clencheur \u00e0 deux niveaux<\/span><\/h4>\n<div class=\"leading-none text-xs xl:text-sm\">\n<div class=\"metafield-rich_text_field\">\n<p>Une g\u00e2chette r\u00e9active \u00e0 deux niveaux permet un contr\u00f4le plus fin dans les sc\u00e9narios de combat et de vol tactique.<\/p>\n<h4><span class=\"heading reversed-link lg:text-4xl text-2xl tracking-tighter leading-tight\">Interrupteur \u00e0 chapeau \u00e0 effet Hall<\/span><\/h4>\n<div class=\"leading-none text-xs xl:text-sm\">\n<div class=\"metafield-rich_text_field\">\n<p>Dot\u00e9 d'un capteur \u00e0 effet Hall sans contact, le commutateur \u00e0 chapeau offre une entr\u00e9e fluide et sans d\u00e9rive, ainsi qu'une plus grande durabilit\u00e9 que les potentiom\u00e8tres traditionnels. Configurable comme entr\u00e9e d'axe ou de bouton.<\/p>\n<h4><span class=\"heading reversed-link lg:text-4xl text-2xl tracking-tighter leading-tight\">Construction en fibres de carbone renforc\u00e9es<\/span><\/h4>\n<div class=\"leading-none text-xs xl:text-sm\">\n<div class=\"metafield-rich_text_field\">\n<p>Fabriqu\u00e9 en composite de fibre de carbone haute r\u00e9sistance, le MHG est con\u00e7u pour supporter des couples \u00e9lev\u00e9s comme celui de l'AB9, ce qui garantit sa durabilit\u00e9 dans les conditions les plus difficiles.<\/p>\n<\/div>\n<\/div>\n<\/div>\n<\/div>\n<\/div>\n<\/div>\n<\/div>\n<\/div>\n<\/div>\n<\/div>\n<\/div>\n<\/div>\n<\/div>\n<\/div>","protected":false},"excerpt":{"rendered":"<p>The MOZA MHG Flightstick is built with reinforced carbon fiber composite for durability and precision. Featuring Hall-effect sensors, a two-stage trigger, customizable RGB lighting, and a comprehensive control layout, it\u2019s designed for maximum immersion across every flight scenario. Take Command with the MHG Flightstick Over 25 programmable inputs, Hall-effect precision, and durable carbon fiber construction\u2014engineered [&hellip;]<\/p>\n","protected":false},"featured_media":430954,"template":"","meta":{"_acf_changed":false},"product_brand":[517],"product_cat":[508],"product_tag":[417,419,418,412,416],"class_list":{"0":"post-430952","1":"product","2":"type-product","3":"status-publish","4":"has-post-thumbnail","6":"product_brand-moza-flight","7":"product_cat-flightsticks-yokes","8":"product_tag-flight-simulation","9":"product_tag-flightstick","10":"product_tag-flightsticks-yokes","11":"product_tag-moza","12":"product_tag-moza-flight","14":"first","15":"instock","16":"taxable","17":"shipping-taxable","18":"purchasable","19":"product-type-simple"},"acf":[],"_links":{"self":[{"href":"https:\/\/www.noxgaming.ca\/fr\/wp-json\/wp\/v2\/product\/430952","targetHints":{"allow":["GET"]}}],"collection":[{"href":"https:\/\/www.noxgaming.ca\/fr\/wp-json\/wp\/v2\/product"}],"about":[{"href":"https:\/\/www.noxgaming.ca\/fr\/wp-json\/wp\/v2\/types\/product"}],"wp:featuredmedia":[{"embeddable":true,"href":"https:\/\/www.noxgaming.ca\/fr\/wp-json\/wp\/v2\/media\/430954"}],"wp:attachment":[{"href":"https:\/\/www.noxgaming.ca\/fr\/wp-json\/wp\/v2\/media?parent=430952"}],"wp:term":[{"taxonomy":"product_brand","embeddable":true,"href":"https:\/\/www.noxgaming.ca\/fr\/wp-json\/wp\/v2\/product_brand?post=430952"},{"taxonomy":"product_cat","embeddable":true,"href":"https:\/\/www.noxgaming.ca\/fr\/wp-json\/wp\/v2\/product_cat?post=430952"},{"taxonomy":"product_tag","embeddable":true,"href":"https:\/\/www.noxgaming.ca\/fr\/wp-json\/wp\/v2\/product_tag?post=430952"}],"curies":[{"name":"wp","href":"https:\/\/api.w.org\/{rel}","templated":true}]}}