{"id":430946,"date":"2026-03-03T17:16:38","date_gmt":"2026-03-03T22:16:38","guid":{"rendered":"https:\/\/www.noxgaming.ca\/?post_type=product&#038;p=430946"},"modified":"2026-04-17T13:39:56","modified_gmt":"2026-04-17T17:39:56","slug":"moza-mtq-throttle-quadrant","status":"publish","type":"product","link":"https:\/\/www.noxgaming.ca\/fr\/product\/moza-mtq-throttle-quadrant\/","title":{"rendered":"MOZA MTQ Quadrant d'acc\u00e9l\u00e9rateur"},"content":{"rendered":"<h4><span class=\"heading reversed-link lg:text-4xl text-2xl tracking-tighter leading-tight\">Puissance modulaire, contr\u00f4le de pr\u00e9cision<\/span><\/h4>\n<div class=\"leading-none text-xs xl:text-sm\">\n<div class=\"metafield-rich_text_field\">\n<p>Faites l'exp\u00e9rience d'une polyvalence in\u00e9gal\u00e9e gr\u00e2ce au syst\u00e8me d'acc\u00e9l\u00e9rateur modulaire du MTQ. Des avions de chasse aux avions de ligne Airbus et Boeing, profitez de d\u00e9tentes authentiques, d'agencements personnalisables et de l'int\u00e9gration transparente de l'\u00e9cosyst\u00e8me MOZA, pour tous les sc\u00e9narios de vol.<\/p>\n<h4><span class=\"heading reversed-link lg:text-4xl text-2xl tracking-tighter leading-tight\">Modules de commande des gaz sp\u00e9cifiques \u00e0 l'a\u00e9ronef<\/span><\/h4>\n<div class=\"leading-none text-xs xl:text-sm\">\n<div class=\"metafield-rich_text_field\">\n<p>Le MTQ prend en charge des modules d'acc\u00e9l\u00e9ration interchangeables de type chasseur, Airbus et Boeing. Chaque module est con\u00e7u avec une ergonomie et des m\u00e9canismes de d\u00e9tente authentiques : le module pour chasseur offre une pr\u00e9cision de type HOTAS avec des crans de postcombustion, le module pour Airbus reproduit l'inversion de pouss\u00e9e et le retour tactile des crans, tandis que le module pour Boeing offre une course avant \u00e9tendue, un levier d'inversion de pouss\u00e9e du bras et un bouton TO\/GA pour des proc\u00e9dures r\u00e9alistes.<\/p>\n<h4><span class=\"heading reversed-link lg:text-4xl text-2xl tracking-tighter leading-tight\">Panneau de contr\u00f4le polyvalent<\/span><\/h4>\n<div class=\"leading-none text-xs xl:text-sm\">\n<div class=\"metafield-rich_text_field\">\n<p>Un panneau compact mais puissant comprenant 23 commandes physiques, dont 10 boutons multifonctions, 3 boutons rotatifs, 3 interrupteurs \u00e0 bascule et un levier de train d'atterrissage d\u00e9di\u00e9. Six boutons r\u00e9tro\u00e9clair\u00e9s RGB avec 16,7 millions de couleurs ajoutent \u00e0 la fonctionnalit\u00e9 et \u00e0 l'immersion.<\/p>\n<h4><span class=\"heading reversed-link lg:text-4xl text-2xl tracking-tighter leading-tight\">Contr\u00f4le de pr\u00e9cision \u00e0 quatre axes<\/span><\/h4>\n<div class=\"leading-none text-xs xl:text-sm\">\n<div class=\"metafield-rich_text_field\">\n<p>Quatre axes ind\u00e9pendants avec des crans int\u00e9gr\u00e9s permettent un contr\u00f4le pr\u00e9cis des a\u00e9rofreins, des volets et des gaz. Des boutons virtuels configurables et des but\u00e9es m\u00e9caniques offrent une pr\u00e9cision tactile et r\u00e9aliste.<\/p>\n<h4><span class=\"heading reversed-link lg:text-4xl text-2xl tracking-tighter leading-tight\">Int\u00e9gration transparente de l'\u00e9cosyst\u00e8me MOZA<\/span><\/h4>\n<div class=\"leading-none text-xs xl:text-sm\">\n<div class=\"metafield-rich_text_field\">\n<p>La connexion directe aux bases de vol MOZA via un c\u00e2ble RJ11 permet d'\u00e9conomiser les ports USB et garantit une int\u00e9gration plug-and-play avec l'ensemble de l'\u00e9cosyst\u00e8me MOZA.<\/p>\n<h4><span class=\"heading reversed-link lg:text-4xl text-2xl tracking-tighter leading-tight\">Personnalisation avanc\u00e9e du logiciel<\/span><\/h4>\n<div class=\"leading-none text-xs xl:text-sm\">\n<div class=\"metafield-rich_text_field\">\n<p>Configurez la logique de d\u00e9tente, les effets d'\u00e9clairage et la r\u00e9ponse de l'acc\u00e9l\u00e9rateur \u00e0 l'aide du logiciel MOZA Cockpit. La prise en charge de la t\u00e9l\u00e9m\u00e9trie int\u00e9gr\u00e9e permet un retour d'information dynamique sur l'\u00e9clairage sans plugins.<\/p>\n<\/div>\n<p><a href=\"https:\/\/cdn.shopify.com\/s\/files\/1\/0937\/0802\/6176\/files\/MOZA_MTQ_Throttle_Quadrant_User_Manual.pdf\" target=\"_blank\" rel=\"noopener\">MOZA MTQ Throttle Quadrant Manuel de l'utilisateur &gt;<\/a><\/p>\n<\/div>\n<\/div>\n<\/div>\n<\/div>\n<\/div>\n<\/div>\n<\/div>\n<\/div>\n<\/div>\n<\/div>\n<\/div>","protected":false},"excerpt":{"rendered":"<p>Modular Power, Precision Control Experience unmatched versatility with the MTQ\u2019s modular throttle system. From fighter jets to Airbus and Boeing airliners, enjoy authentic detents, customizable layouts, and seamless MOZA ecosystem integration\u2014built for every flight scenario. Aircraft-Specific Throttle Modules The MTQ supports interchangeable fighter, Airbus, and Boeing-style throttle modules. Each is engineered with authentic ergonomics and [&hellip;]<\/p>\n","protected":false},"featured_media":430947,"template":"","meta":{"_acf_changed":false},"product_brand":[517],"product_cat":[505],"product_tag":[417,412,416],"class_list":{"0":"post-430946","1":"product","2":"type-product","3":"status-publish","4":"has-post-thumbnail","6":"product_brand-moza-flight","7":"product_cat-control-panels","8":"product_tag-flight-simulation","9":"product_tag-moza","10":"product_tag-moza-flight","12":"first","13":"instock","14":"taxable","15":"shipping-taxable","16":"purchasable","17":"product-type-simple"},"acf":[],"_links":{"self":[{"href":"https:\/\/www.noxgaming.ca\/fr\/wp-json\/wp\/v2\/product\/430946","targetHints":{"allow":["GET"]}}],"collection":[{"href":"https:\/\/www.noxgaming.ca\/fr\/wp-json\/wp\/v2\/product"}],"about":[{"href":"https:\/\/www.noxgaming.ca\/fr\/wp-json\/wp\/v2\/types\/product"}],"wp:featuredmedia":[{"embeddable":true,"href":"https:\/\/www.noxgaming.ca\/fr\/wp-json\/wp\/v2\/media\/430947"}],"wp:attachment":[{"href":"https:\/\/www.noxgaming.ca\/fr\/wp-json\/wp\/v2\/media?parent=430946"}],"wp:term":[{"taxonomy":"product_brand","embeddable":true,"href":"https:\/\/www.noxgaming.ca\/fr\/wp-json\/wp\/v2\/product_brand?post=430946"},{"taxonomy":"product_cat","embeddable":true,"href":"https:\/\/www.noxgaming.ca\/fr\/wp-json\/wp\/v2\/product_cat?post=430946"},{"taxonomy":"product_tag","embeddable":true,"href":"https:\/\/www.noxgaming.ca\/fr\/wp-json\/wp\/v2\/product_tag?post=430946"}],"curies":[{"name":"wp","href":"https:\/\/api.w.org\/{rel}","templated":true}]}}