{"id":430940,"date":"2026-03-03T17:16:50","date_gmt":"2026-03-03T22:16:50","guid":{"rendered":"https:\/\/www.noxgaming.ca\/?post_type=product&#038;p=430940"},"modified":"2026-04-17T13:39:53","modified_gmt":"2026-04-17T17:39:53","slug":"moza-tqa-throttle-module-airbus-style-controls","status":"publish","type":"product","link":"https:\/\/www.noxgaming.ca\/fr\/product\/moza-tqa-throttle-module-airbus-style-controls\/","title":{"rendered":"Module d'acc\u00e9l\u00e9rateur MOZA TQA - commandes de type Airbus"},"content":{"rendered":"<p>Le module d'acc\u00e9l\u00e9rateur MOZA TQA de type Airbus recr\u00e9e la structure distinctive des crans et le comportement d'inversion de pouss\u00e9e de la s\u00e9rie A3X. Avec des crans tactiles clairement d\u00e9finis et une ergonomie authentique, il offre un contr\u00f4le pr\u00e9cis et confiant de la manette des gaz pour une simulation de vol Airbus immersive.<\/p>","protected":false},"excerpt":{"rendered":"<p>Le module d'acc\u00e9l\u00e9rateur MOZA TQA de type Airbus recr\u00e9e la structure distinctive des crans et le comportement d'inversion de pouss\u00e9e de la s\u00e9rie A3X. Avec des crans tactiles clairement d\u00e9finis et une ergonomie authentique, il offre un contr\u00f4le pr\u00e9cis et confiant de la manette des gaz pour une simulation de vol Airbus immersive.<\/p>","protected":false},"featured_media":430945,"template":"","meta":{"_acf_changed":false},"product_brand":[517],"product_cat":[506,505],"product_tag":[417,412,416],"class_list":{"0":"post-430940","1":"product","2":"type-product","3":"status-publish","4":"has-post-thumbnail","6":"product_brand-moza-flight","7":"product_cat-flight-simulation-accessories","8":"product_cat-control-panels","9":"product_tag-flight-simulation","10":"product_tag-moza","11":"product_tag-moza-flight","13":"first","14":"instock","15":"taxable","16":"shipping-taxable","17":"purchasable","18":"product-type-simple"},"acf":[],"_links":{"self":[{"href":"https:\/\/www.noxgaming.ca\/fr\/wp-json\/wp\/v2\/product\/430940","targetHints":{"allow":["GET"]}}],"collection":[{"href":"https:\/\/www.noxgaming.ca\/fr\/wp-json\/wp\/v2\/product"}],"about":[{"href":"https:\/\/www.noxgaming.ca\/fr\/wp-json\/wp\/v2\/types\/product"}],"wp:featuredmedia":[{"embeddable":true,"href":"https:\/\/www.noxgaming.ca\/fr\/wp-json\/wp\/v2\/media\/430945"}],"wp:attachment":[{"href":"https:\/\/www.noxgaming.ca\/fr\/wp-json\/wp\/v2\/media?parent=430940"}],"wp:term":[{"taxonomy":"product_brand","embeddable":true,"href":"https:\/\/www.noxgaming.ca\/fr\/wp-json\/wp\/v2\/product_brand?post=430940"},{"taxonomy":"product_cat","embeddable":true,"href":"https:\/\/www.noxgaming.ca\/fr\/wp-json\/wp\/v2\/product_cat?post=430940"},{"taxonomy":"product_tag","embeddable":true,"href":"https:\/\/www.noxgaming.ca\/fr\/wp-json\/wp\/v2\/product_tag?post=430940"}],"curies":[{"name":"wp","href":"https:\/\/api.w.org\/{rel}","templated":true}]}}