{"id":430934,"date":"2026-03-03T17:17:00","date_gmt":"2026-03-03T22:17:00","guid":{"rendered":"https:\/\/www.noxgaming.ca\/?post_type=product&#038;p=430934"},"modified":"2026-04-17T13:39:52","modified_gmt":"2026-04-17T17:39:52","slug":"moza-tqb-throttle-module","status":"publish","type":"product","link":"https:\/\/www.noxgaming.ca\/fr\/product\/moza-tqb-throttle-module\/","title":{"rendered":"Module d'acc\u00e9l\u00e9rateur MOZA TQB"},"content":{"rendered":"<p>Le MOZA TQB est un module d'acc\u00e9l\u00e9ration de type Boeing pour le MOZA MTQ Throttle Quadrant. Le MOZA TBQ offre un grand d\u00e9battement vers l'avant, un levier d'inversion de pouss\u00e9e du bras vers le haut et un bouton TO\/GA pour les proc\u00e9dures authentiques de d\u00e9collage et de remise des gaz. Con\u00e7u pour la pr\u00e9cision et le r\u00e9alisme, il apporte \u00e0 votre simulateur les fonctionnalit\u00e9s d'un v\u00e9ritable cockpit Boeing.<\/p>","protected":false},"excerpt":{"rendered":"<p>Le MOZA TQB est un module d'acc\u00e9l\u00e9ration de type Boeing pour le MOZA MTQ Throttle Quadrant. Le MOZA TBQ offre un grand d\u00e9battement vers l'avant, un levier d'inversion de pouss\u00e9e du bras vers le haut et un bouton TO\/GA pour les proc\u00e9dures authentiques de d\u00e9collage et de remise des gaz. Con\u00e7u pour la pr\u00e9cision et le r\u00e9alisme, il apporte \u00e0 votre simulateur les fonctionnalit\u00e9s d'un v\u00e9ritable cockpit Boeing.<\/p>","protected":false},"featured_media":430938,"template":"","meta":{"_acf_changed":false},"product_brand":[517],"product_cat":[506,505],"product_tag":[417,412,416],"class_list":{"0":"post-430934","1":"product","2":"type-product","3":"status-publish","4":"has-post-thumbnail","6":"product_brand-moza-flight","7":"product_cat-flight-simulation-accessories","8":"product_cat-control-panels","9":"product_tag-flight-simulation","10":"product_tag-moza","11":"product_tag-moza-flight","13":"first","14":"instock","15":"taxable","16":"shipping-taxable","17":"purchasable","18":"product-type-simple"},"acf":[],"_links":{"self":[{"href":"https:\/\/www.noxgaming.ca\/fr\/wp-json\/wp\/v2\/product\/430934","targetHints":{"allow":["GET"]}}],"collection":[{"href":"https:\/\/www.noxgaming.ca\/fr\/wp-json\/wp\/v2\/product"}],"about":[{"href":"https:\/\/www.noxgaming.ca\/fr\/wp-json\/wp\/v2\/types\/product"}],"wp:featuredmedia":[{"embeddable":true,"href":"https:\/\/www.noxgaming.ca\/fr\/wp-json\/wp\/v2\/media\/430938"}],"wp:attachment":[{"href":"https:\/\/www.noxgaming.ca\/fr\/wp-json\/wp\/v2\/media?parent=430934"}],"wp:term":[{"taxonomy":"product_brand","embeddable":true,"href":"https:\/\/www.noxgaming.ca\/fr\/wp-json\/wp\/v2\/product_brand?post=430934"},{"taxonomy":"product_cat","embeddable":true,"href":"https:\/\/www.noxgaming.ca\/fr\/wp-json\/wp\/v2\/product_cat?post=430934"},{"taxonomy":"product_tag","embeddable":true,"href":"https:\/\/www.noxgaming.ca\/fr\/wp-json\/wp\/v2\/product_tag?post=430934"}],"curies":[{"name":"wp","href":"https:\/\/api.w.org\/{rel}","templated":true}]}}