{"id":430927,"date":"2026-03-03T17:17:12","date_gmt":"2026-03-03T22:17:12","guid":{"rendered":"https:\/\/www.noxgaming.ca\/?post_type=product&#038;p=430927"},"modified":"2026-04-17T13:39:51","modified_gmt":"2026-04-17T17:39:51","slug":"moza-flight-mrp-rudder-pedals-adjustable-damper-accessory","status":"publish","type":"product","link":"https:\/\/www.noxgaming.ca\/fr\/product\/moza-flight-mrp-rudder-pedals-adjustable-damper-accessory\/","title":{"rendered":"MOZA Flight MRP P\u00e9dales de gouverne de direction r\u00e9glable Accessoire d'amortisseur"},"content":{"rendered":"<p>L'amortisseur r\u00e9glable MOZA MRP vous permet d'ajuster la r\u00e9sistance en fonction du type d'a\u00e9ronef, de l'h\u00e9licopt\u00e8re \u00e0 l'avion de ligne, afin d'am\u00e9liorer le r\u00e9alisme et l'immersion.<\/p>","protected":false},"excerpt":{"rendered":"<p>**PR\u00c9COMMANDE - LIVRAISON MI-JUIN 2026**<\/p>","protected":false},"featured_media":430932,"template":"","meta":{"_acf_changed":false},"product_brand":[517],"product_cat":[506],"product_tag":[417,416],"class_list":{"0":"post-430927","1":"product","2":"type-product","3":"status-publish","4":"has-post-thumbnail","6":"product_brand-moza-flight","7":"product_cat-flight-simulation-accessories","8":"product_tag-flight-simulation","9":"product_tag-moza-flight","11":"first","12":"onbackorder","13":"taxable","14":"shipping-taxable","15":"purchasable","16":"product-type-simple"},"acf":[],"_links":{"self":[{"href":"https:\/\/www.noxgaming.ca\/fr\/wp-json\/wp\/v2\/product\/430927","targetHints":{"allow":["GET"]}}],"collection":[{"href":"https:\/\/www.noxgaming.ca\/fr\/wp-json\/wp\/v2\/product"}],"about":[{"href":"https:\/\/www.noxgaming.ca\/fr\/wp-json\/wp\/v2\/types\/product"}],"wp:featuredmedia":[{"embeddable":true,"href":"https:\/\/www.noxgaming.ca\/fr\/wp-json\/wp\/v2\/media\/430932"}],"wp:attachment":[{"href":"https:\/\/www.noxgaming.ca\/fr\/wp-json\/wp\/v2\/media?parent=430927"}],"wp:term":[{"taxonomy":"product_brand","embeddable":true,"href":"https:\/\/www.noxgaming.ca\/fr\/wp-json\/wp\/v2\/product_brand?post=430927"},{"taxonomy":"product_cat","embeddable":true,"href":"https:\/\/www.noxgaming.ca\/fr\/wp-json\/wp\/v2\/product_cat?post=430927"},{"taxonomy":"product_tag","embeddable":true,"href":"https:\/\/www.noxgaming.ca\/fr\/wp-json\/wp\/v2\/product_tag?post=430927"}],"curies":[{"name":"wp","href":"https:\/\/api.w.org\/{rel}","templated":true}]}}