{"id":430921,"date":"2026-03-03T17:17:23","date_gmt":"2026-03-03T22:17:23","guid":{"rendered":"https:\/\/www.noxgaming.ca\/?post_type=product&#038;p=430921"},"modified":"2026-04-17T13:39:50","modified_gmt":"2026-04-17T17:39:50","slug":"moza-paddles-add-on-kit-for-cs-pro-wheel","status":"publish","type":"product","link":"https:\/\/www.noxgaming.ca\/fr\/product\/moza-paddles-add-on-kit-for-cs-pro-wheel\/","title":{"rendered":"Kit de rajout de pagaies MOZA pour CS Pro Wheel"},"content":{"rendered":"<p>Con\u00e7u pour \u00eatre extensible. Le module d'extension MOZA Paddles Add-on met \u00e0 niveau le volant CS Pro avec des points de montage pr\u00e9install\u00e9s et des connecteurs de signaux pour une disposition \u00e0 six palettes. Les palettes suppl\u00e9mentaires peuvent \u00eatre configur\u00e9es pour le DRS, le KERS ou les r\u00e9glages du v\u00e9hicule, ce qui permet aux pilotes d'avoir un contr\u00f4le total sur les strat\u00e9gies de course complexes.<\/p>","protected":false},"excerpt":{"rendered":"<p>**PR\u00c9COMMANDE - LIVRAISON MI-JUIN 2026\u2033<\/p>","protected":false},"featured_media":430924,"template":"","meta":{"_acf_changed":false},"product_brand":[516],"product_cat":[481],"product_tag":[412,413,335,343],"class_list":{"0":"post-430921","1":"product","2":"type-product","3":"status-publish","4":"has-post-thumbnail","6":"product_brand-moza-racing","7":"product_cat-sim-racing-accessories","8":"product_tag-moza","9":"product_tag-moza-racing","10":"product_tag-sim-racing","11":"product_tag-steering-wheel-accessories","13":"first","14":"onbackorder","15":"taxable","16":"shipping-taxable","17":"purchasable","18":"product-type-simple"},"acf":[],"_links":{"self":[{"href":"https:\/\/www.noxgaming.ca\/fr\/wp-json\/wp\/v2\/product\/430921","targetHints":{"allow":["GET"]}}],"collection":[{"href":"https:\/\/www.noxgaming.ca\/fr\/wp-json\/wp\/v2\/product"}],"about":[{"href":"https:\/\/www.noxgaming.ca\/fr\/wp-json\/wp\/v2\/types\/product"}],"wp:featuredmedia":[{"embeddable":true,"href":"https:\/\/www.noxgaming.ca\/fr\/wp-json\/wp\/v2\/media\/430924"}],"wp:attachment":[{"href":"https:\/\/www.noxgaming.ca\/fr\/wp-json\/wp\/v2\/media?parent=430921"}],"wp:term":[{"taxonomy":"product_brand","embeddable":true,"href":"https:\/\/www.noxgaming.ca\/fr\/wp-json\/wp\/v2\/product_brand?post=430921"},{"taxonomy":"product_cat","embeddable":true,"href":"https:\/\/www.noxgaming.ca\/fr\/wp-json\/wp\/v2\/product_cat?post=430921"},{"taxonomy":"product_tag","embeddable":true,"href":"https:\/\/www.noxgaming.ca\/fr\/wp-json\/wp\/v2\/product_tag?post=430921"}],"curies":[{"name":"wp","href":"https:\/\/api.w.org\/{rel}","templated":true}]}}