{"id":430913,"date":"2026-03-03T17:17:32","date_gmt":"2026-03-03T22:17:32","guid":{"rendered":"https:\/\/www.noxgaming.ca\/?post_type=product&#038;p=430913"},"modified":"2026-04-17T13:39:49","modified_gmt":"2026-04-17T17:39:49","slug":"moza-cs-pro-round-sim-racing-steering-wheel","status":"publish","type":"product","link":"https:\/\/www.noxgaming.ca\/fr\/product\/moza-cs-pro-round-sim-racing-steering-wheel\/","title":{"rendered":"MOZA CS Pro Round Sim Racing Steering Wheel"},"content":{"rendered":"<h4><span class=\"heading reversed-link lg:text-4xl text-2xl tracking-tighter leading-tight\">Volant de pr\u00e9cision pour un contr\u00f4le ultime de la simulation<\/span><\/h4>\n<div class=\"leading-none text-xs xl:text-sm\">\n<div class=\"metafield-rich_text_field\">\n<p>Cuir microfibre \u00e9cologique cousu main, \u00e9cran haute d\u00e9finition de 2,99 pouces enti\u00e8rement personnalisable et palettes magn\u00e9tiques en carbone forg\u00e9 avec capteurs Hall. Chaque bouton, palette et LED est con\u00e7u pour un contr\u00f4le en temps r\u00e9el, offrant une exp\u00e9rience totalement immersive dans le cockpit.<\/p>\n<div class=\"giAJesD1rm\" data-id=\"giAJesD1rm\">\n<div class=\"gp-flex\">\n<h4 class=\"gp-g-heading-1 gp-text-instant gp-text\">Jante facilement interchangeable<\/h4>\n<\/div>\n<\/div>\n<div class=\"gRadEodZVb\" data-id=\"gRadEodZVb\">\n<div class=\"gp-flex\">\n<div class=\"gp-text-instant gp-text\" data-gp-text=\"\">\n<p>Dot\u00e9e d'un sch\u00e9ma de boulonnage standard 6\u00d770, la bo\u00eete \u00e0 boutons CS Pro est facilement interchangeable et compatible avec la plupart des jantes de tiers, ce qui permet aux jantes de drift d'\u00eatre pleinement fonctionnelles.<\/p>\n<\/div>\n<\/div>\n<\/div>\n<\/div>\n<h4><span class=\"heading reversed-link lg:text-4xl text-2xl tracking-tighter leading-tight\">Poign\u00e9e en cuir microfibre cousue main<\/span><\/h4>\n<div class=\"leading-none text-xs xl:text-sm\">\n<div class=\"metafield-rich_text_field\">\n<p>Envelopp\u00e9e de cuir microfibre respectueux de l'environnement avec des coutures sans couture au niveau des repose-pouces, la poign\u00e9e offre une sensation de s\u00e9curit\u00e9 et de confort tout en conservant sa durabilit\u00e9 pour les sessions de course prolong\u00e9es.<\/p>\n<h4><span class=\"heading reversed-link lg:text-4xl text-2xl tracking-tighter leading-tight\">\u00c9cran HD personnalisable de 2,99 pouces<\/span><\/h4>\n<div class=\"leading-none text-xs xl:text-sm\">\n<div class=\"metafield-rich_text_field\">\n<p>L'\u00e9cran haute d\u00e9finition int\u00e9gr\u00e9 de 2,99 pouces prend en charge les tableaux de bord enti\u00e8rement personnalisables via MOZA Pit House, ce qui permet aux conducteurs de cr\u00e9er, d'importer et de partager des mod\u00e8les d'interface utilisateur adapt\u00e9s aux diff\u00e9rentes voitures et disciplines de course.<\/p>\n<h4><span class=\"heading reversed-link lg:text-4xl text-2xl tracking-tighter leading-tight\">Construction renforc\u00e9e par des fibres de carbone<\/span><\/h4>\n<div class=\"leading-none text-xs xl:text-sm\">\n<div class=\"metafield-rich_text_field\">\n<p>Le moyeu est fabriqu\u00e9 \u00e0 partir d'un mat\u00e9riau composite l\u00e9ger renforc\u00e9 de fibres de carbone, ce qui permet de r\u00e9duire le poids total et de minimiser la fatigue tout en permettant une r\u00e9ponse plus rapide et plus pr\u00e9cise du retour de force.<\/p>\n<h4><span class=\"heading reversed-link lg:text-4xl text-2xl tracking-tighter leading-tight\">Syst\u00e8me d'\u00e9clairage RVB enti\u00e8rement personnalisable<\/span><\/h4>\n<div class=\"leading-none text-xs xl:text-sm\">\n<div class=\"metafield-rich_text_field\">\n<p>Dix feux de recul RVB, six feux de drapeau RVB et quatre commutateurs rotatifs RVB \u00e0 12 positions fournissent un retour d'information t\u00e9l\u00e9m\u00e9trique en temps r\u00e9el et des signaux visuels, tous enti\u00e8rement r\u00e9glables avec jusqu'\u00e0 16,7 millions de combinaisons de couleurs.<\/p>\n<h4><span class=\"heading reversed-link lg:text-4xl text-2xl tracking-tighter leading-tight\">Palettes de double embrayage magn\u00e9tiques en carbone forg\u00e9<\/span><\/h4>\n<div class=\"leading-none text-xs xl:text-sm\">\n<div class=\"metafield-rich_text_field\">\n<p>Les palettes en carbone forg\u00e9 inspir\u00e9es du sport automobile et dot\u00e9es de capteurs \u00e0 effet Hall offrent un actionnement pr\u00e9cis et constant. Le syst\u00e8me \u00e0 double embrayage prend en charge plusieurs modes, y compris le lancement \u00e0 double embrayage, l'embrayage simple ou les entr\u00e9es enti\u00e8rement programmables.<\/p>\n<h4><span class=\"heading reversed-link lg:text-4xl text-2xl tracking-tighter leading-tight\">Configuration extensible \u00e0 6 pagaies<\/span><\/h4>\n<div class=\"leading-none text-xs xl:text-sm\">\n<div class=\"metafield-rich_text_field\">\n<p>Con\u00e7u pour une expansion future, le CS Pro prend en charge une disposition optionnelle \u00e0 6 palettes avec des points de montage et des connecteurs pr\u00e9install\u00e9s, permettant un contr\u00f4le avanc\u00e9 pour le DRS, le KERS ou les ajustements du v\u00e9hicule.<\/p>\n<h4><span class=\"heading reversed-link lg:text-4xl text-2xl tracking-tighter leading-tight\">Entr\u00e9es \u00e9tendues et enti\u00e8rement programmables<\/span><\/h4>\n<div class=\"leading-none text-xs xl:text-sm\">\n<div class=\"metafield-rich_text_field\">\n<p>Avec 8 boutons RVB, 4 encodeurs rotatifs \u00e0 douze positions, 2 interrupteurs funky \u00e0 sept voies, 2 molettes et des boutons arri\u00e8re, chaque commande est enti\u00e8rement personnalisable pour s'adapter \u00e0 des strat\u00e9gies de course complexes.<\/p>\n<h4><span class=\"heading reversed-link lg:text-4xl text-2xl tracking-tighter leading-tight\">Ecosyst\u00e8me ouvert et large compatibilit\u00e9 Titre<\/span><\/h4>\n<div class=\"leading-none text-xs xl:text-sm\">\n<div class=\"metafield-rich_text_field\">\n<p>Compatible avec tous les empattements MOZA et prenant en charge la connexion directe au PC via le kit hub MOZA, le CS Pro fonctionne \u00e9galement avec des empattements tiers, con\u00e7us pour des configurations de simulation de course flexibles et ouvertes.<\/p>\n<p><a href=\"https:\/\/cdn.shopify.com\/s\/files\/1\/0937\/0802\/6176\/files\/MOZA_CS_Pro_Steering_Wheel_User_Manual.pdf?v=1767605140\" target=\"_blank\" rel=\"noopener\">Manuel d'utilisation du volant MOZA CS Pro &gt;<\/a><\/p>\n<\/div>\n<\/div>\n<\/div>\n<\/div>\n<\/div>\n<\/div>\n<\/div>\n<\/div>\n<\/div>\n<\/div>\n<\/div>\n<\/div>\n<\/div>\n<\/div>\n<\/div>\n<\/div>\n<\/div>","protected":false},"excerpt":{"rendered":"<p>**PR\u00c9COMMANDE - LIVRAISON MI-JUIN 2026**<\/p>\n<p><span data-type=\"text\">Pr\u00e9sentation du volant CS Pro - un volant de course complet<\/span>. Dot\u00e9 d'une jante standard de 325 mm, d'un \u00e9cran haute d\u00e9finition personnalisable, d'une construction renforc\u00e9e en fibre de carbone et d'un syst\u00e8me d'\u00e9clairage et d'entr\u00e9e enti\u00e8rement programmable, il offre un contr\u00f4le pr\u00e9cis, un retour d'information rapide et un confort de longue dur\u00e9e - con\u00e7u pour les courses de comp\u00e9tition et les possibilit\u00e9s d'extension futures.<\/p>","protected":false},"featured_media":430914,"template":"","meta":{"_acf_changed":false},"product_brand":[516],"product_cat":[490],"product_tag":[412,413,335,337],"class_list":{"0":"post-430913","1":"product","2":"type-product","3":"status-publish","4":"has-post-thumbnail","6":"product_brand-moza-racing","7":"product_cat-wheels-en","8":"product_tag-moza","9":"product_tag-moza-racing","10":"product_tag-sim-racing","11":"product_tag-steering-wheels","13":"first","14":"onbackorder","15":"taxable","16":"shipping-taxable","17":"purchasable","18":"product-type-simple"},"acf":[],"_links":{"self":[{"href":"https:\/\/www.noxgaming.ca\/fr\/wp-json\/wp\/v2\/product\/430913","targetHints":{"allow":["GET"]}}],"collection":[{"href":"https:\/\/www.noxgaming.ca\/fr\/wp-json\/wp\/v2\/product"}],"about":[{"href":"https:\/\/www.noxgaming.ca\/fr\/wp-json\/wp\/v2\/types\/product"}],"wp:featuredmedia":[{"embeddable":true,"href":"https:\/\/www.noxgaming.ca\/fr\/wp-json\/wp\/v2\/media\/430914"}],"wp:attachment":[{"href":"https:\/\/www.noxgaming.ca\/fr\/wp-json\/wp\/v2\/media?parent=430913"}],"wp:term":[{"taxonomy":"product_brand","embeddable":true,"href":"https:\/\/www.noxgaming.ca\/fr\/wp-json\/wp\/v2\/product_brand?post=430913"},{"taxonomy":"product_cat","embeddable":true,"href":"https:\/\/www.noxgaming.ca\/fr\/wp-json\/wp\/v2\/product_cat?post=430913"},{"taxonomy":"product_tag","embeddable":true,"href":"https:\/\/www.noxgaming.ca\/fr\/wp-json\/wp\/v2\/product_tag?post=430913"}],"curies":[{"name":"wp","href":"https:\/\/api.w.org\/{rel}","templated":true}]}}