{"id":430898,"date":"2026-03-03T17:17:49","date_gmt":"2026-03-03T22:17:49","guid":{"rendered":"https:\/\/www.noxgaming.ca\/?post_type=product&#038;p=430898"},"modified":"2026-04-17T13:39:44","modified_gmt":"2026-04-17T17:39:44","slug":"moza-ks-pro-steering-wheel","status":"publish","type":"product","link":"https:\/\/www.noxgaming.ca\/fr\/product\/moza-ks-pro-steering-wheel\/","title":{"rendered":"Volant MOZA KS Pro"},"content":{"rendered":"<p>Le volant KS Pro est un volant GT de 300 mm de type papillon con\u00e7u pour les courses simul\u00e9es de haute intensit\u00e9. Avec un \u00e9cran HD personnalisable, une construction l\u00e9g\u00e8re renforc\u00e9e en fibre de carbone, de nombreuses entr\u00e9es programmables et un \u00e9clairage t\u00e9l\u00e9m\u00e9trique RVB professionnel, il offre une r\u00e9ponse rapide, un contr\u00f4le pr\u00e9cis et une exp\u00e9rience de conduite hautement immersive.<\/p>\n<h4><span class=\"heading reversed-link lg:text-4xl text-2xl tracking-tighter leading-tight\">Volant de course Butterfly-Style 300 mm<\/span><\/h4>\n<div class=\"leading-none text-xs xl:text-sm\">\n<div class=\"metafield-rich_text_field\">\n<p>Une roue compacte de 300 mm de type papillon con\u00e7ue pour des actions de direction rapides et un contr\u00f4le pr\u00e9cis, id\u00e9ale pour les courses de formule et de style GT o\u00f9 la r\u00e9activit\u00e9 et la densit\u00e9 de contr\u00f4le sont les plus importantes.<\/p>\n<h4><span class=\"heading reversed-link lg:text-4xl text-2xl tracking-tighter leading-tight\">Poign\u00e9e ergonomique en TPE<\/span><\/h4>\n<div class=\"leading-none text-xs xl:text-sm\">\n<div class=\"metafield-rich_text_field\">\n<p>La poign\u00e9e TPE respectueuse de l'environnement offre une prise s\u00fbre et confortable avec une excellente r\u00e9sistance \u00e0 l'usure, ce qui permet un contr\u00f4le en toute confiance lors des sessions de course intenses et des changements de direction fr\u00e9quents.<\/p>\n<h4><span class=\"heading reversed-link lg:text-4xl text-2xl tracking-tighter leading-tight\">\u00c9cran HD personnalisable de 2,99 pouces<\/span><\/h4>\n<div class=\"leading-none text-xs xl:text-sm\">\n<div class=\"metafield-rich_text_field\">\n<p>L'\u00e9cran haute d\u00e9finition int\u00e9gr\u00e9 de 2,99 pouces, 60 Hz, 268\u00d7800 prend en charge les tableaux de bord enti\u00e8rement personnalisables via MOZA Pit House, ce qui permet aux pilotes de concevoir, de partager ou d'importer des mod\u00e8les d'interface utilisateur pour diff\u00e9rentes voitures et diff\u00e9rents sc\u00e9narios de course.<\/p>\n<h4><span class=\"heading reversed-link lg:text-4xl text-2xl tracking-tighter leading-tight\">Structure renforc\u00e9e. Retour d'information \u00e9lev\u00e9.<\/span><\/h4>\n<div class=\"leading-none text-xs xl:text-sm\">\n<div class=\"metafield-rich_text_field\">\n<p>La structure principale utilise un composite renforc\u00e9 de fibres de carbone, associ\u00e9 \u00e0 un large noyau int\u00e9gr\u00e9 en acier \u00e0 haute r\u00e9sistance pour am\u00e9liorer consid\u00e9rablement la rigidit\u00e9. Cette conception permet d'atteindre l'\u00e9quilibre id\u00e9al entre l\u00e9g\u00e8ret\u00e9 et r\u00e9sistance exceptionnelle, pour des performances de niveau professionnel.<\/p>\n<h4><span class=\"heading reversed-link lg:text-4xl text-2xl tracking-tighter leading-tight\">\u00c9clairage t\u00e9l\u00e9m\u00e9trique RVB avanc\u00e9<\/span><\/h4>\n<div class=\"leading-none text-xs xl:text-sm\">\n<div class=\"metafield-rich_text_field\">\n<p>Dix feux de contr\u00f4le RVB, six feux de drapeau RVB et des indicateurs rotatifs RVB multipositions fournissent des informations t\u00e9l\u00e9m\u00e9triques en temps r\u00e9el, am\u00e9liorant la connaissance de la situation sans distraire de la piste.<\/p>\n<h4><span class=\"heading reversed-link lg:text-4xl text-2xl tracking-tighter leading-tight\">Disposition des entr\u00e9es programmables \u00e0 haute densit\u00e9<\/span><\/h4>\n<div class=\"leading-none text-xs xl:text-sm\">\n<div class=\"metafield-rich_text_field\">\n<p>Dot\u00e9 de 10 boutons RVB, de plusieurs encodeurs rotatifs, de deux commutateurs funky \u00e0 7 voies, de molettes et de boutons arri\u00e8re, le KS Pro offre des commandes \u00e9tendues et enti\u00e8rement programmables pour des r\u00e9glages de course complexes.<\/p>\n<h4><span class=\"heading reversed-link lg:text-4xl text-2xl tracking-tighter leading-tight\">Palettes de double embrayage magn\u00e9tiques en carbone forg\u00e9<\/span><\/h4>\n<div class=\"leading-none text-xs xl:text-sm\">\n<div class=\"metafield-rich_text_field\">\n<p>Les palettes en carbone forg\u00e9 inspir\u00e9es du sport automobile et dot\u00e9es de capteurs \u00e0 effet Hall assurent un actionnement pr\u00e9cis et constant. Le syst\u00e8me \u00e0 double embrayage prend en charge plusieurs modes de fonctionnement ou des entr\u00e9es programmables pour un contr\u00f4le avanc\u00e9 de la course.<\/p>\n<h4><span class=\"heading reversed-link lg:text-4xl text-2xl tracking-tighter leading-tight\">Syst\u00e8me de fixation rapide tout aluminium<\/span><\/h4>\n<div class=\"leading-none text-xs xl:text-sm\">\n<div class=\"metafield-rich_text_field\">\n<p>Un blocage rapide en aluminium de qualit\u00e9 a\u00e9rospatiale permet des changements de roue rapides et s\u00fbrs tout en maintenant une connexion solide et sans jeu, inspir\u00e9e par le mat\u00e9riel de sport automobile r\u00e9el.<\/p>\n<h4><span class=\"heading reversed-link lg:text-4xl text-2xl tracking-tighter leading-tight\">Compatibilit\u00e9 avec l'\u00e9cosyst\u00e8me ouvert<\/span><\/h4>\n<div class=\"leading-none text-xs xl:text-sm\">\n<div class=\"metafield-rich_text_field\">\n<p>Compatible avec tous les empattements MOZA et prenant en charge les empattements de tiers gr\u00e2ce au kit de moyeu MOZA, le KS Pro est con\u00e7u pour des configurations flexibles et des voies de mise \u00e0 niveau \u00e0 long terme.<\/p>\n<\/div>\n<p><a href=\"https:\/\/cdn.shopify.com\/s\/files\/1\/0937\/0802\/6176\/files\/MOZA_KS_Pro_GT_Wheel_User_Manual.pdf?v=1767597730\" target=\"_blank\" rel=\"noopener\">MOZA KS Pro GT Wheel Manuel de l'utilisateur &gt;<\/a><\/p>\n<\/div>\n<\/div>\n<\/div>\n<\/div>\n<\/div>\n<\/div>\n<\/div>\n<\/div>\n<\/div>\n<\/div>\n<\/div>\n<\/div>\n<\/div>\n<\/div>\n<\/div>\n<\/div>\n<\/div>","protected":false},"excerpt":{"rendered":"<p>**PRE-COMMANDE UNIQUEMENT - EXP\u00c9DITION Mi-juin 2026\u2033.<\/p>\n<p>Roue GT 300 mm de style papillon con\u00e7ue pour les courses simul\u00e9es de haute intensit\u00e9 avec un \u00e9cran HD personnalisable, une construction l\u00e9g\u00e8re renforc\u00e9e en fibre de carbone, de nombreuses entr\u00e9es programmables et un \u00e9clairage t\u00e9l\u00e9m\u00e9trique RVB professionnel.<\/p>","protected":false},"featured_media":430902,"template":"","meta":{"_acf_changed":false},"product_brand":[516],"product_cat":[490],"product_tag":[412,413,335,337],"class_list":{"0":"post-430898","1":"product","2":"type-product","3":"status-publish","4":"has-post-thumbnail","6":"product_brand-moza-racing","7":"product_cat-wheels-en","8":"product_tag-moza","9":"product_tag-moza-racing","10":"product_tag-sim-racing","11":"product_tag-steering-wheels","13":"first","14":"onbackorder","15":"taxable","16":"shipping-taxable","17":"purchasable","18":"product-type-simple"},"acf":[],"_links":{"self":[{"href":"https:\/\/www.noxgaming.ca\/fr\/wp-json\/wp\/v2\/product\/430898","targetHints":{"allow":["GET"]}}],"collection":[{"href":"https:\/\/www.noxgaming.ca\/fr\/wp-json\/wp\/v2\/product"}],"about":[{"href":"https:\/\/www.noxgaming.ca\/fr\/wp-json\/wp\/v2\/types\/product"}],"wp:featuredmedia":[{"embeddable":true,"href":"https:\/\/www.noxgaming.ca\/fr\/wp-json\/wp\/v2\/media\/430902"}],"wp:attachment":[{"href":"https:\/\/www.noxgaming.ca\/fr\/wp-json\/wp\/v2\/media?parent=430898"}],"wp:term":[{"taxonomy":"product_brand","embeddable":true,"href":"https:\/\/www.noxgaming.ca\/fr\/wp-json\/wp\/v2\/product_brand?post=430898"},{"taxonomy":"product_cat","embeddable":true,"href":"https:\/\/www.noxgaming.ca\/fr\/wp-json\/wp\/v2\/product_cat?post=430898"},{"taxonomy":"product_tag","embeddable":true,"href":"https:\/\/www.noxgaming.ca\/fr\/wp-json\/wp\/v2\/product_tag?post=430898"}],"curies":[{"name":"wp","href":"https:\/\/api.w.org\/{rel}","templated":true}]}}