{"id":430890,"date":"2026-03-03T17:18:17","date_gmt":"2026-03-03T22:18:17","guid":{"rendered":"https:\/\/www.noxgaming.ca\/?post_type=product&#038;p=430890"},"modified":"2026-04-17T13:39:32","modified_gmt":"2026-04-17T17:39:32","slug":"moza-r25-ultra-true-torque-dd-wheelbase-25nm","status":"publish","type":"product","link":"https:\/\/www.noxgaming.ca\/fr\/product\/moza-r25-ultra-true-torque-dd-wheelbase-25nm\/","title":{"rendered":"MOZA R25 Ultra True Torque DD Wheelbase 25Nm"},"content":{"rendered":"<div>\n<div class=\"gHyhRk6fm8\" data-id=\"gHyhRk6fm8\" data-test-force-publish=\"1761300113669\">\n<div class=\"gp-flex\">\n<h4 class=\"gp-text-instant gp-text\">Tout nouveau moteur \u00e0 fil plat sans cliquetis<\/h4>\n<\/div>\n<\/div>\n<\/div>\n<div>\n<div class=\"gOG6slRT1P\" data-id=\"gOG6slRT1P\" data-test-force-publish=\"1761300113670\">\n<div class=\"gp-flex\">\n<div class=\"gp-text-instant gp-text\" data-gp-text=\"\">\n<p>Le R25 est \u00e9quip\u00e9 de la nouvelle g\u00e9n\u00e9ration de moteurs MOZA \u00e0 fil plat sp\u00e9cialement con\u00e7us pour la simulation de course. Il d\u00e9livre un couple maximal de 25 Nm et offre une densit\u00e9 de couple sup\u00e9rieure de 26% \u00e0 celle de ses concurrents de taille similaire. Gr\u00e2ce \u00e0 l'absence totale d'engrenage, il assure une rotation ultra-fluide et reproduit avec pr\u00e9cision tous les d\u00e9tails, des subtils mouvements de direction aux forces agressives des virages, afin de capturer toutes les sensations m\u00e9caniques de la conduite dans le monde r\u00e9el.<\/p>\n<div>\n<div class=\"gHJyHbet_B\" data-id=\"gHJyHbet_B\">\n<div class=\"gp-flex\">\n<h4 class=\"gp-text-instant gp-text\">Capteur de couple en temps r\u00e9el<\/h4>\n<\/div>\n<\/div>\n<\/div>\n<div>\n<div class=\"gZ69G5Vg9T\" data-id=\"gZ69G5Vg9T\">\n<div class=\"gp-flex\">\n<div class=\"gp-text-instant gp-text\" data-gp-text=\"\">\n<p>Le R25 Ultra Base est \u00e9quip\u00e9 d'un v\u00e9ritable capteur de couple, offrant une pr\u00e9cision d'\u00e9chantillonnage de 0,1% et une fr\u00e9quence de r\u00e9ponse allant jusqu'\u00e0 2 kHz. Ce capteur de couple avanc\u00e9 capture les signaux de direction avec pr\u00e9cision, vous offrant une maniabilit\u00e9 plus pr\u00e9cise, un contr\u00f4le plus serr\u00e9 et des d\u00e9tails in\u00e9gal\u00e9s.<\/p>\n<div>\n<div class=\"ga6d-xgCGQ\" data-id=\"ga6d-xgCGQ\" data-test-force-publish=\"1761300114088\">\n<div class=\"gp-flex\">\n<h4 class=\"gp-text-instant gp-text\">Couple soutenu de 25 Nm<\/h4>\n<\/div>\n<\/div>\n<\/div>\n<div>\n<div class=\"gkLcxoSBGQ\" data-id=\"gkLcxoSBGQ\" data-test-force-publish=\"1761300114089\">\n<div class=\"gp-flex\">\n<div class=\"gp-text-instant gp-text\" data-gp-text=\"\">\n<p>Aliment\u00e9 par un moteur de qualit\u00e9 industrielle con\u00e7u pour la durabilit\u00e9 et l'efficacit\u00e9 thermique, le R25 d\u00e9livre un couple soutenu de 25 Nm sans ralentissement - id\u00e9al pour les courses simul\u00e9es de niveau professionnel et les sessions d'endurance prolong\u00e9es.<\/p>\n<div>\n<div class=\"gROZmaXMJG\" data-id=\"gROZmaXMJG\">\n<div class=\"gp-flex\">\n<h4 class=\"gp-text-instant gp-text\">Codeur magn\u00e9tique 21 bits avec processeur haute performance 600 MHz<\/h4>\n<\/div>\n<\/div>\n<\/div>\n<div>\n<div class=\"gAsfaO-pvK\" data-id=\"gAsfaO-pvK\">\n<div class=\"gp-flex\">\n<div class=\"gp-text-instant gp-text\" data-gp-text=\"\">\n<p>Gr\u00e2ce \u00e0 un encodeur magn\u00e9tique haute r\u00e9solution de 21 bits, le R25 offre plus de 2 millions de points de pr\u00e9cision, capturant chaque mouvement de la direction et chaque d\u00e9tail de la surface avec une pr\u00e9cision stup\u00e9fiante. Connectez-vous \u00e0 la route comme jamais auparavant.<\/p>\n<div>\n<div class=\"gOQd7r-Tg0\" data-id=\"gOQd7r-Tg0\" data-test-force-publish=\"1761300117465\">\n<div class=\"gp-flex\">\n<h4 class=\"gp-text-instant gp-text\">Design raffin\u00e9 avec personnalisation RGB<\/h4>\n<\/div>\n<\/div>\n<\/div>\n<div>\n<div class=\"gcdfBjBZVE\" data-id=\"gcdfBjBZVE\" data-test-force-publish=\"1761300117466\">\n<div class=\"gp-flex\">\n<div class=\"gp-text-instant gp-text\" data-gp-text=\"\">\n<p>Con\u00e7u avec un profil compact inspir\u00e9 du sport automobile, le R25 a l'air aussi s\u00e9rieux qu'il est performant. Les deux bandes lumineuses RVB situ\u00e9es sur les bords sup\u00e9rieurs offrent 16,7 millions de couleurs et des effets d'\u00e9clairage enti\u00e8rement personnalisables, ainsi qu'un retour d'information t\u00e9l\u00e9m\u00e9trique en temps r\u00e9el pour l'ABS, l'antipatinage, les changements de vitesse et les signaux de drapeau.<\/p>\n<div>\n<div class=\"g3uRtX0FQ9\" data-id=\"g3uRtX0FQ9\">\n<div class=\"gp-flex\">\n<h4 class=\"gp-text-instant gp-text\">Nouvel algorithme de retour de force<\/h4>\n<\/div>\n<\/div>\n<\/div>\n<div>\n<div class=\"g_tc-vS2An\" data-id=\"g_tc-vS2An\">\n<div class=\"gp-flex\">\n<div class=\"gp-text-instant gp-text\" data-gp-text=\"\">\n<p>La puissante base R25 DD s'associe parfaitement au nouvel algorithme de retour de force avanc\u00e9 de MOZA, combinant un mat\u00e9riel et un logiciel de pointe. Cette synergie offre un retour de force plus r\u00e9aliste et permet un r\u00e9glage pr\u00e9cis adapt\u00e9 \u00e0 chaque style de conduite.<\/p>\n<\/div>\n<\/div>\n<\/div>\n<\/div>\n<div>\n<div class=\"grURqBWBpb\" data-id=\"grURqBWBpb\" data-test-force-publish=\"1761300112861\">\n<div class=\"gp-flex\">\n<h4 class=\"gp-text-instant gp-text\">Gestion thermique intelligente<\/h4>\n<\/div>\n<\/div>\n<\/div>\n<div>\n<div class=\"gWKc2SzLYB\" data-id=\"gWKc2SzLYB\" data-test-force-publish=\"1761300112862\">\n<div class=\"gp-flex\">\n<div class=\"gp-text-instant gp-text\" data-gp-text=\"\">\n<p>Le R25 est \u00e9quip\u00e9 du syst\u00e8me de refroidissement intelligent MOZA enti\u00e8rement mis \u00e0 jour, offrant une grande marge de man\u0153uvre au moteur et une efficacit\u00e9 thermique optimis\u00e9e, il fonctionne plus froidement, m\u00eame en cas de couple \u00e9lev\u00e9 soutenu. Le contr\u00f4le de la temp\u00e9rature en temps r\u00e9el et la r\u00e9gulation intelligente du couple fonctionnent ensemble pour maintenir des performances optimales pendant les sessions de course les plus exigeantes.<\/p>\n<div>\n<div class=\"g-RMdQvvn6\" data-id=\"g-RMdQvvn6\" data-test-force-publish=\"1761300111627\">\n<div class=\"gp-flex\">\n<h4 class=\"gp-text-instant gp-text\">Bo\u00eetier en aluminium usin\u00e9 CNC<\/h4>\n<\/div>\n<\/div>\n<\/div>\n<div>\n<div class=\"gb8RLjmEDW\" data-id=\"gb8RLjmEDW\" data-test-force-publish=\"1761300111628\">\n<div class=\"gp-flex\">\n<div class=\"gp-text-instant gp-text\" data-gp-text=\"\">\n<p>Construit \u00e0 partir d'un monocorps rigide en aluminium moul\u00e9 sous pression, le R25 offre une int\u00e9grit\u00e9 structurelle et une rigidit\u00e9 torsionnelle exceptionnelles - essentielles pour supporter un couple \u00e9lev\u00e9 - tout en conservant un poids global minimal.<\/p>\n<div>\n<div class=\"geXrD1m4f-\" data-id=\"geXrD1m4f-\" data-test-force-publish=\"1761300118070\">\n<div class=\"gp-flex\">\n<h4 class=\"gp-text-instant gp-text\">Durabilit\u00e9 extr\u00eame<\/h4>\n<\/div>\n<\/div>\n<\/div>\n<div>\n<div class=\"gimQ-GTP7i\" data-id=\"gimQ-GTP7i\" data-test-force-publish=\"1761300118072\">\n<div class=\"gp-flex\">\n<div class=\"gp-text-instant gp-text\" data-gp-text=\"\">\n<p>Con\u00e7ue pour l'endurance et la performance, la bague collectrice MOZA supporte plus de 10 millions de rotations et transf\u00e8re les donn\u00e9es \u00e0 2M\/s, assurant une connexion solide et une communication sans d\u00e9calage entre la roue et la base.<\/p>\n<div>\n<div class=\"gLEbmsKWgO\" data-id=\"gLEbmsKWgO\" data-test-force-publish=\"1761300116139\">\n<div class=\"gp-flex\">\n<h4 class=\"gp-text-instant gp-text\">Int\u00e9gration des \u00e9cosyst\u00e8mes indig\u00e8nes<\/h4>\n<\/div>\n<\/div>\n<\/div>\n<div>\n<div class=\"g-ZK6FGx3x\" data-id=\"g-ZK6FGx3x\" data-test-force-publish=\"1761300116140\">\n<div class=\"gp-flex\">\n<div class=\"gp-text-instant gp-text\" data-gp-text=\"\">\n<p>Dot\u00e9 de ports d\u00e9di\u00e9s \u00e0 tous les principaux p\u00e9riph\u00e9riques MOZA, le R25 vous permet d'avoir une installation propre et sans souci. Il suffit de brancher des p\u00e9dales, des manettes, des tableaux de bord ou un frein \u00e0 main sans avoir besoin de hubs ou de c\u00e2bles USB suppl\u00e9mentaires.<\/p>\n<div>\n<div class=\"g3nspwpWpW\" data-id=\"g3nspwpWpW\" data-test-force-publish=\"1761300118489\">\n<div class=\"gp-flex\">\n<h4 class=\"gp-text-instant gp-text\">Protection sans intervention<\/h4>\n<\/div>\n<\/div>\n<\/div>\n<div>\n<div class=\"g52lSHujfM\" data-id=\"g52lSHujfM\" data-test-force-publish=\"1761300118496\">\n<div class=\"gp-flex\">\n<div class=\"gp-text-instant gp-text\" data-gp-text=\"\">\n<p>Cette fonction permet d'\u00e9viter efficacement le risque de blessure et de r\u00e9tablir rapidement le contr\u00f4le en d\u00e9tectant que les mains ne sont plus sur le volant. Une fois activ\u00e9e, elle arr\u00eate rapidement toute oscillation et recentre le volant en toute s\u00e9curit\u00e9.<\/p>\n<p><a href=\"https:\/\/cdn.shopify.com\/s\/files\/1\/0937\/0802\/6176\/files\/MOZA_R25_Ultra_True_Torque_DD_Wheel_Base_User_Manual_1016.pdf?v=1760604950\" target=\"_blank\" rel=\"noopener\">MOZA R25 Ultra True Torque DD Wheelbase Manuel de l'utilisateur &gt;<\/a><\/p>\n<\/div>\n<\/div>\n<\/div>\n<\/div>\n<\/div>\n<\/div>\n<\/div>\n<\/div>\n<\/div>\n<\/div>\n<\/div>\n<\/div>\n<\/div>\n<\/div>\n<\/div>\n<\/div>\n<\/div>\n<\/div>\n<\/div>\n<\/div>\n<\/div>\n<\/div>\n<\/div>\n<\/div>\n<\/div>\n<\/div>\n<\/div>\n<\/div>\n<\/div>\n<\/div>\n<\/div>\n<\/div>\n<\/div>\n<\/div>\n<\/div>\n<\/div>\n<\/div>\n<\/div>\n<\/div>\n<\/div>","protected":false},"excerpt":{"rendered":"<p>Dot\u00e9 d'un moteur \u00e0 couple soutenu de 25 Nm, d'un capteur de couple r\u00e9el int\u00e9gr\u00e9, d'un moteur \u00e0 fil plat sans effet de balayage, d'un encodeur magn\u00e9tique 21 bits et d'un algorithme FFB avanc\u00e9, le R25 offre une r\u00e9activit\u00e9, un r\u00e9alisme et un contr\u00f4le in\u00e9gal\u00e9s pour les amateurs de esports et de courses professionnelles.<\/p>","protected":false},"featured_media":430893,"template":"","meta":{"_acf_changed":false},"product_brand":[516],"product_cat":[484],"product_tag":[412,520,335,375],"class_list":{"0":"post-430890","1":"product","2":"type-product","3":"status-publish","4":"has-post-thumbnail","6":"product_brand-moza-racing","7":"product_cat-wheelbase","8":"product_tag-moza","9":"product_tag-moza-ultra","10":"product_tag-sim-racing","11":"product_tag-wheelbase","13":"first","14":"instock","15":"taxable","16":"shipping-taxable","17":"purchasable","18":"product-type-simple"},"acf":[],"_links":{"self":[{"href":"https:\/\/www.noxgaming.ca\/fr\/wp-json\/wp\/v2\/product\/430890","targetHints":{"allow":["GET"]}}],"collection":[{"href":"https:\/\/www.noxgaming.ca\/fr\/wp-json\/wp\/v2\/product"}],"about":[{"href":"https:\/\/www.noxgaming.ca\/fr\/wp-json\/wp\/v2\/types\/product"}],"wp:featuredmedia":[{"embeddable":true,"href":"https:\/\/www.noxgaming.ca\/fr\/wp-json\/wp\/v2\/media\/430893"}],"wp:attachment":[{"href":"https:\/\/www.noxgaming.ca\/fr\/wp-json\/wp\/v2\/media?parent=430890"}],"wp:term":[{"taxonomy":"product_brand","embeddable":true,"href":"https:\/\/www.noxgaming.ca\/fr\/wp-json\/wp\/v2\/product_brand?post=430890"},{"taxonomy":"product_cat","embeddable":true,"href":"https:\/\/www.noxgaming.ca\/fr\/wp-json\/wp\/v2\/product_cat?post=430890"},{"taxonomy":"product_tag","embeddable":true,"href":"https:\/\/www.noxgaming.ca\/fr\/wp-json\/wp\/v2\/product_tag?post=430890"}],"curies":[{"name":"wp","href":"https:\/\/api.w.org\/{rel}","templated":true}]}}