{"id":430817,"date":"2026-03-02T14:20:32","date_gmt":"2026-03-02T19:20:32","guid":{"rendered":"https:\/\/www.noxgaming.ca\/?post_type=product&#038;p=430817"},"modified":"2026-04-17T13:40:01","modified_gmt":"2026-04-17T17:40:01","slug":"in-stock-custom-one-off-gaming-pc-ready-to-ship-intel-core-ultra-7-265kf-rtx-5080-16gb-32gb-ddr5-cl30-rgb-2tb-nvme-4-0-ssd","status":"publish","type":"product","link":"https:\/\/www.noxgaming.ca\/fr\/product\/in-stock-custom-one-off-gaming-pc-ready-to-ship-intel-core-ultra-7-265kf-rtx-5080-16gb-32gb-ddr5-cl30-rgb-2tb-nvme-4-0-ssd\/","title":{"rendered":"EN STOCK - PC de jeu personnalis\u00e9 et unique - Pr\u00eat \u00e0 \u00eatre exp\u00e9di\u00e9 | Intel Core Ultra 7 265KF | RTX 5080 16GB | 32GB DDR5 CL30 RGB | 2TB NVMe 4.0 SSD."},"content":{"rendered":"<p>This computer has a small screen inside the case. This screen acts as a monitor; therefore, it is fully customizable.<\/p>\n<p>By default, the free version of AIDA64 Extreme is installed on this screen. However, for a fully customizable experience,<\/p>\n<p>we recommend Wallpaper Engine on Steam (not affiliated).<\/p>","protected":false},"excerpt":{"rendered":"<p>This computer has a small screen inside the case. This screen acts as a monitor; therefore, it is fully customizable. By default, the free version of AIDA64 Extreme is installed on this screen. However, for a fully customizable experience, we recommend Wallpaper Engine on Steam (not affiliated).<\/p>","protected":false},"featured_media":430823,"template":"","meta":{"_acf_changed":false},"product_brand":[313],"product_cat":[515],"product_tag":[],"class_list":{"0":"post-430817","1":"product","2":"type-product","3":"status-publish","4":"has-post-thumbnail","6":"product_brand-nox-gaming","7":"product_cat-ready-to-ship-gaming-pc","9":"first","10":"instock","11":"sale","12":"taxable","13":"shipping-taxable","14":"purchasable","15":"product-type-composite"},"acf":[],"_links":{"self":[{"href":"https:\/\/www.noxgaming.ca\/fr\/wp-json\/wp\/v2\/product\/430817","targetHints":{"allow":["GET"]}}],"collection":[{"href":"https:\/\/www.noxgaming.ca\/fr\/wp-json\/wp\/v2\/product"}],"about":[{"href":"https:\/\/www.noxgaming.ca\/fr\/wp-json\/wp\/v2\/types\/product"}],"wp:featuredmedia":[{"embeddable":true,"href":"https:\/\/www.noxgaming.ca\/fr\/wp-json\/wp\/v2\/media\/430823"}],"wp:attachment":[{"href":"https:\/\/www.noxgaming.ca\/fr\/wp-json\/wp\/v2\/media?parent=430817"}],"wp:term":[{"taxonomy":"product_brand","embeddable":true,"href":"https:\/\/www.noxgaming.ca\/fr\/wp-json\/wp\/v2\/product_brand?post=430817"},{"taxonomy":"product_cat","embeddable":true,"href":"https:\/\/www.noxgaming.ca\/fr\/wp-json\/wp\/v2\/product_cat?post=430817"},{"taxonomy":"product_tag","embeddable":true,"href":"https:\/\/www.noxgaming.ca\/fr\/wp-json\/wp\/v2\/product_tag?post=430817"}],"curies":[{"name":"wp","href":"https:\/\/api.w.org\/{rel}","templated":true}]}}