{"id":430695,"date":"2026-02-26T14:01:25","date_gmt":"2026-02-26T19:01:25","guid":{"rendered":"https:\/\/www.noxgaming.ca\/?post_type=product&#038;p=430695"},"modified":"2026-04-17T13:40:11","modified_gmt":"2026-04-17T17:40:11","slug":"in-stock-custom-one-off-gaming-pc-ready-to-ship-amd-ryzen-7-7800x3d-rtx-5070-ti-16gb-64gb-ddr5-cl36-2tb-nvme-4-0-ssd","status":"publish","type":"product","link":"https:\/\/www.noxgaming.ca\/fr\/product\/in-stock-custom-one-off-gaming-pc-ready-to-ship-amd-ryzen-7-7800x3d-rtx-5070-ti-16gb-64gb-ddr5-cl36-2tb-nvme-4-0-ssd\/","title":{"rendered":"IN STOCK - Custom One-Off Gaming PC - Pr\u00eat \u00e0 \u00eatre exp\u00e9di\u00e9 | AMD Ryzen 7 7800X3D | RTX 5070 Ti 16GB | 64GB DDR5 CL36 | 2TB NVMe 4.0 SSD"},"content":{"rendered":"","protected":false},"excerpt":{"rendered":"","protected":false},"featured_media":430709,"template":"","meta":{"_acf_changed":false},"product_brand":[313],"product_cat":[515],"product_tag":[],"class_list":{"0":"post-430695","1":"product","2":"type-product","3":"status-publish","4":"has-post-thumbnail","6":"product_brand-nox-gaming","7":"product_cat-ready-to-ship-gaming-pc","9":"first","10":"outofstock","11":"taxable","12":"shipping-taxable","13":"purchasable","14":"product-type-simple"},"acf":[],"_links":{"self":[{"href":"https:\/\/www.noxgaming.ca\/fr\/wp-json\/wp\/v2\/product\/430695","targetHints":{"allow":["GET"]}}],"collection":[{"href":"https:\/\/www.noxgaming.ca\/fr\/wp-json\/wp\/v2\/product"}],"about":[{"href":"https:\/\/www.noxgaming.ca\/fr\/wp-json\/wp\/v2\/types\/product"}],"wp:featuredmedia":[{"embeddable":true,"href":"https:\/\/www.noxgaming.ca\/fr\/wp-json\/wp\/v2\/media\/430709"}],"wp:attachment":[{"href":"https:\/\/www.noxgaming.ca\/fr\/wp-json\/wp\/v2\/media?parent=430695"}],"wp:term":[{"taxonomy":"product_brand","embeddable":true,"href":"https:\/\/www.noxgaming.ca\/fr\/wp-json\/wp\/v2\/product_brand?post=430695"},{"taxonomy":"product_cat","embeddable":true,"href":"https:\/\/www.noxgaming.ca\/fr\/wp-json\/wp\/v2\/product_cat?post=430695"},{"taxonomy":"product_tag","embeddable":true,"href":"https:\/\/www.noxgaming.ca\/fr\/wp-json\/wp\/v2\/product_tag?post=430695"}],"curies":[{"name":"wp","href":"https:\/\/api.w.org\/{rel}","templated":true}]}}