{"id":430654,"date":"2026-02-25T11:47:36","date_gmt":"2026-02-25T16:47:36","guid":{"rendered":"https:\/\/www.noxgaming.ca\/?post_type=product&#038;p=430654"},"modified":"2026-04-17T13:40:11","modified_gmt":"2026-04-17T17:40:11","slug":"in-stock-custom-one-off-gaming-pc-ready-to-ship-intel-core-i5-14600kf-asus-prime-geforce-rtx-5070-ti-16gb-corsair-vengeance-rgb-32gb-ddr5-6400-1-tb-nvme-ssd","status":"publish","type":"product","link":"https:\/\/www.noxgaming.ca\/fr\/product\/in-stock-custom-one-off-gaming-pc-ready-to-ship-intel-core-i5-14600kf-asus-prime-geforce-rtx-5070-ti-16gb-corsair-vengeance-rgb-32gb-ddr5-6400-1-tb-nvme-ssd\/","title":{"rendered":"IN STOCK - Custom One-Off Gaming PC - Pr\u00eat \u00e0 \u00eatre exp\u00e9di\u00e9 - Intel i5-14600KF | RTX 5070 Ti 16GB | RGB 32GB DDR5 6400 | 1 TB NVME SSD"},"content":{"rendered":"","protected":false},"excerpt":{"rendered":"","protected":false},"featured_media":430681,"template":"","meta":{"_acf_changed":false},"product_brand":[313],"product_cat":[515],"product_tag":[],"class_list":{"0":"post-430654","1":"product","2":"type-product","3":"status-publish","4":"has-post-thumbnail","6":"product_brand-nox-gaming","7":"product_cat-ready-to-ship-gaming-pc","9":"first","10":"instock","11":"sale","12":"taxable","13":"shipping-taxable","14":"purchasable","15":"product-type-composite"},"acf":[],"_links":{"self":[{"href":"https:\/\/www.noxgaming.ca\/fr\/wp-json\/wp\/v2\/product\/430654","targetHints":{"allow":["GET"]}}],"collection":[{"href":"https:\/\/www.noxgaming.ca\/fr\/wp-json\/wp\/v2\/product"}],"about":[{"href":"https:\/\/www.noxgaming.ca\/fr\/wp-json\/wp\/v2\/types\/product"}],"wp:featuredmedia":[{"embeddable":true,"href":"https:\/\/www.noxgaming.ca\/fr\/wp-json\/wp\/v2\/media\/430681"}],"wp:attachment":[{"href":"https:\/\/www.noxgaming.ca\/fr\/wp-json\/wp\/v2\/media?parent=430654"}],"wp:term":[{"taxonomy":"product_brand","embeddable":true,"href":"https:\/\/www.noxgaming.ca\/fr\/wp-json\/wp\/v2\/product_brand?post=430654"},{"taxonomy":"product_cat","embeddable":true,"href":"https:\/\/www.noxgaming.ca\/fr\/wp-json\/wp\/v2\/product_cat?post=430654"},{"taxonomy":"product_tag","embeddable":true,"href":"https:\/\/www.noxgaming.ca\/fr\/wp-json\/wp\/v2\/product_tag?post=430654"}],"curies":[{"name":"wp","href":"https:\/\/api.w.org\/{rel}","templated":true}]}}