{"id":430638,"date":"2026-02-24T16:18:07","date_gmt":"2026-02-24T21:18:07","guid":{"rendered":"https:\/\/www.noxgaming.ca\/?post_type=product&#038;p=430638"},"modified":"2026-04-17T13:40:17","modified_gmt":"2026-04-17T17:40:17","slug":"moza-mrp-rudder-pedals","status":"publish","type":"product","link":"https:\/\/www.noxgaming.ca\/fr\/product\/moza-mrp-rudder-pedals\/","title":{"rendered":"MOZA MRP P\u00e9dales de gouvernail"},"content":{"rendered":"<p>Les p\u00e9dales de direction MRP de MOZA sont con\u00e7ues pour les configurations exigeantes des simulateurs de vol. Elles sont dot\u00e9es d'un ch\u00e2ssis rigide enti\u00e8rement m\u00e9tallique et d'une tringlerie de pr\u00e9cision pour des performances fluides et fiables au fil du temps. Tu peux r\u00e9gler les angles de la p\u00e9dale, la force de centrage et l'amortissement en option, tandis que les capteurs \u00e0 haute r\u00e9solution fournissent des donn\u00e9es pr\u00e9cises sur le gouvernail et un freinage coh\u00e9rent. Enti\u00e8rement compatibles avec les bases de vol, les manches de vol, les jougs et les quadrants d'acc\u00e9l\u00e9ration MOZA, ils comprennent \u00e9galement des patins antid\u00e9rapants et des options de montage flexibles pour rester stables dans une large gamme de configurations de cockpit.<\/p>\n<h5><span class=\"heading reversed-link lg:text-4xl text-2xl tracking-tighter leading-tight\">Contr\u00f4le de pr\u00e9cision. Con\u00e7u pour une simulation de vol s\u00e9rieuse.<\/span><\/h5>\n<p>Con\u00e7ues avec une structure enti\u00e8rement m\u00e9tallique, des capteurs de pr\u00e9cision et une m\u00e9canique enti\u00e8rement r\u00e9glable, les p\u00e9dales de direction MOZA MRP offrent un contr\u00f4le pr\u00e9cis, fiable et immersif du gouvernail pour chaque phase du vol.<\/p>\n<h5><span class=\"heading reversed-link lg:text-4xl text-2xl tracking-tighter leading-tight\">Construction \u00e0 ossature m\u00e9tallique<\/span><\/h5>\n<div class=\"leading-none text-xs xl:text-sm\">\n<div class=\"metafield-rich_text_field\">\n<p>Inspir\u00e9es par l'esth\u00e9tique des avions furtifs, les p\u00e9dales de direction MRP pr\u00e9sentent un design audacieux et angulaire construit autour d'un cadre et d'un syst\u00e8me de tringlerie en m\u00e9tal de haute qualit\u00e9, offrant une rigidit\u00e9 exceptionnelle, une durabilit\u00e9 \u00e0 long terme et une pr\u00e9sence de qualit\u00e9 professionnelle dans le cockpit.<\/p>\n<h5 data-start=\"0\" data-end=\"34\">Commande de gouvernail de pr\u00e9cision \u00e0 bras oscillant<\/h5>\n<p data-start=\"36\" data-end=\"240\">Le m\u00e9canisme du bras oscillant permet une rotation de plus ou moins 30 degr\u00e9s et une course de 15 cm, ce qui permet d'obtenir un gouvernail souple, lin\u00e9aire et tr\u00e8s r\u00e9actif, avec des but\u00e9es r\u00e9glables pour un r\u00e9glage pr\u00e9cis.<\/p>\n<h5 data-start=\"242\" data-end=\"275\">Ergonomie des p\u00e9dales enti\u00e8rement r\u00e9glable<\/h5>\n<p data-start=\"277\" data-end=\"484\" data-is-last-node=\"\" data-is-only-node=\"\">Le r\u00e9glage progressif de l'angle des p\u00e9dales sur une plage de plus ou moins 25 degr\u00e9s permet aux pilotes de s'adapter \u00e0 diff\u00e9rentes positions assises et \u00e0 diff\u00e9rents styles de vol, tandis que le repose-talon amovible permet de placer les pieds de mani\u00e8re flexible.<\/p>\n<h5><span class=\"heading reversed-link lg:text-4xl text-2xl tracking-tighter leading-tight\">Freinage de haute pr\u00e9cision par capteur \u00e0 effet Hall<\/span><\/h5>\n<div class=\"leading-none text-xs xl:text-sm\">\n<div class=\"metafield-rich_text_field\">\n<p>Des capteurs \u00e0 effet Hall haute r\u00e9solution et une course de la p\u00e9dale de frein pouvant aller jusqu'\u00e0 20\u00b0 garantissent un contr\u00f4le du freinage souple, pr\u00e9cis et constant pendant le roulage, le d\u00e9collage et l'atterrissage.<\/p>\n<h5><span class=\"heading reversed-link lg:text-4xl text-2xl tracking-tighter leading-tight\">Centrage et r\u00e9sistance personnalisables<\/span><\/h5>\n<div class=\"leading-none text-xs xl:text-sm\">\n<div class=\"metafield-rich_text_field\">\n<p>Des ressorts interchangeables permettent un r\u00e9glage fin de la force de centrage, tandis qu'un amortisseur r\u00e9glable en option ajoute une r\u00e9sistance raffin\u00e9e pour un meilleur r\u00e9alisme \u00e0 travers diff\u00e9rents types d'avions.<\/p>\n<h5><span class=\"heading reversed-link lg:text-4xl text-2xl tracking-tighter leading-tight\">Int\u00e9gration transparente de l'\u00e9cosyst\u00e8me MOZA<\/span><\/h5>\n<div class=\"leading-none text-xs xl:text-sm\">\n<div class=\"metafield-rich_text_field\">\n<p>Prend en charge la connexion directe RJ11 aux bases de vol MOZA ou l'USB standard pour une compatibilit\u00e9 universelle avec les PC, ce qui le rend id\u00e9al pour une utilisation autonome et une int\u00e9gration compl\u00e8te dans le cockpit.<\/p>\n<h5 class=\"banner__title heading leading-none title-sm\"><span class=\"word\" data-word=\"Multi-Scenario\">Multi-sc\u00e9narios<\/span> <span class=\"word\" data-word=\"Mounting\">Montage<\/span><\/h5>\n<div class=\"rte leading-normal body subtext-md text-opacity\">\n<p>Dot\u00e9 d'une conception de trou de montage compatible avec les profils, l'appareil peut \u00eatre directement install\u00e9 sur des gr\u00e9ements en profil\u00e9 d'aluminium. Cette solution de montage flexible prend en charge un large \u00e9ventail de sc\u00e9narios d'installation, offrant plus de libert\u00e9 et de possibilit\u00e9s lors de la construction d'un cockpit personnalis\u00e9.<\/p>\n<p>&nbsp;<\/p>\n<\/div>\n<h3>Caract\u00e9ristiques<\/h3>\n<p><strong>Plateforme :<\/strong> PC<\/p>\n<p><strong>Dimensions :<\/strong> 354 \u00d7 518 \u00d7 264 mm<\/p>\n<p><strong>Poids :<\/strong> 8,0 kg<\/p>\n<p><strong>Mat\u00e9riau du bo\u00eetier :<\/strong> Alliage d'aluminium<\/p>\n<p><strong>Mat\u00e9riau du bras pivotant :<\/strong> Acier \u00e0 haute r\u00e9sistance<\/p>\n<p><strong>Mat\u00e9riau de la plaque de p\u00e9dale :<\/strong> Acier \u00e0 haute r\u00e9sistance<\/p>\n<p><strong>Mat\u00e9riau de la talonni\u00e8re :<\/strong> Plastique tr\u00e8s r\u00e9sistant<\/p>\n<p><strong>Angle de rotation du gouvernail :<\/strong> \u00b130\u00b0<\/p>\n<p><strong>Distance de d\u00e9placement du gouvernail :<\/strong> Jusqu'\u00e0 150 mm<\/p>\n<p><strong>Plage de r\u00e9glage de l'angle de la p\u00e9dale :<\/strong> 0\u00b0-30\u00b0<\/p>\n<p><strong>Angle de rotation de la p\u00e9dale de frein :<\/strong> 0\u00b0-20\u00b0<\/p>\n<p><strong>R\u00e9glage de la force de centrage :<\/strong> Ressorts interchangeables<\/p>\n<p><strong>Amortisseur r\u00e9glable :<\/strong> En option (vendu s\u00e9par\u00e9ment)<\/p>\n<p><strong>Accessoires inclus :<\/strong> C\u00e2ble de donn\u00e9es, vis de montage, cl\u00e9 hexagonale, entretoises, manuel d'utilisation.<\/p>\n<p>&nbsp;<\/p>\n<\/div>\n<\/div>\n<h3>Ce qu'il y a dans la bo\u00eete<\/h3>\n<ul>\n<li>MOZA MRP P\u00e9dales de gouvernail<\/li>\n<li>C\u00e2ble de date<\/li>\n<li>Kit d'outils<\/li>\n<li>Manuel de l'utilisateur<\/li>\n<\/ul>\n<\/div>\n<\/div>\n<\/div>\n<\/div>\n<\/div>\n<\/div>","protected":false},"excerpt":{"rendered":"<p>P\u00e9dales de direction enti\u00e8rement m\u00e9talliques avec commande de bras oscillant en douceur et freins \u00e0 capteur Hall de haute pr\u00e9cision pour des entr\u00e9es coh\u00e9rentes et pr\u00e9cises.<br data-start=\"145\" data-end=\"148\" \/>Sensation et ergonomie enti\u00e8rement r\u00e9glables, avec une connectivit\u00e9 USB ou RJ11 pour les bases MOZA Flight et les configurations PC.<\/p>","protected":false},"featured_media":430639,"template":"","meta":{"_acf_changed":false},"product_brand":[517],"product_cat":[518],"product_tag":[],"class_list":{"0":"post-430638","1":"product","2":"type-product","3":"status-publish","4":"has-post-thumbnail","6":"product_brand-moza-flight","7":"product_cat-feet-controls","9":"first","10":"instock","11":"taxable","12":"shipping-taxable","13":"purchasable","14":"product-type-simple"},"acf":[],"_links":{"self":[{"href":"https:\/\/www.noxgaming.ca\/fr\/wp-json\/wp\/v2\/product\/430638","targetHints":{"allow":["GET"]}}],"collection":[{"href":"https:\/\/www.noxgaming.ca\/fr\/wp-json\/wp\/v2\/product"}],"about":[{"href":"https:\/\/www.noxgaming.ca\/fr\/wp-json\/wp\/v2\/types\/product"}],"wp:featuredmedia":[{"embeddable":true,"href":"https:\/\/www.noxgaming.ca\/fr\/wp-json\/wp\/v2\/media\/430639"}],"wp:attachment":[{"href":"https:\/\/www.noxgaming.ca\/fr\/wp-json\/wp\/v2\/media?parent=430638"}],"wp:term":[{"taxonomy":"product_brand","embeddable":true,"href":"https:\/\/www.noxgaming.ca\/fr\/wp-json\/wp\/v2\/product_brand?post=430638"},{"taxonomy":"product_cat","embeddable":true,"href":"https:\/\/www.noxgaming.ca\/fr\/wp-json\/wp\/v2\/product_cat?post=430638"},{"taxonomy":"product_tag","embeddable":true,"href":"https:\/\/www.noxgaming.ca\/fr\/wp-json\/wp\/v2\/product_tag?post=430638"}],"curies":[{"name":"wp","href":"https:\/\/api.w.org\/{rel}","templated":true}]}}