{"id":430619,"date":"2026-02-24T14:30:25","date_gmt":"2026-02-24T19:30:25","guid":{"rendered":"https:\/\/www.noxgaming.ca\/?post_type=product&#038;p=430619"},"modified":"2026-04-17T13:40:17","modified_gmt":"2026-04-17T17:40:17","slug":"in-stock-custom-one-off-gaming-pc-ready-to-ship-amd-ryzen-7-9850x3d-rtx-5080-16gb-asus-prime-t-force-vulcan-32gb-ddr5-6000mhz-cl30-2tb-nvme-5-0-14-000-mbs","status":"publish","type":"product","link":"https:\/\/www.noxgaming.ca\/fr\/product\/in-stock-custom-one-off-gaming-pc-ready-to-ship-amd-ryzen-7-9850x3d-rtx-5080-16gb-asus-prime-t-force-vulcan-32gb-ddr5-6000mhz-cl30-2tb-nvme-5-0-14-000-mbs\/","title":{"rendered":"EN STOCK - PC de jeu personnalis\u00e9 et unique - Pr\u00eat \u00e0 \u00eatre exp\u00e9di\u00e9 - AMD Ryzen 7 9850X3D | RTX 5080 16 Go | 32 Go DDR5 CL30 | 2 To NVMe 5.0 SSD"},"content":{"rendered":"","protected":false},"excerpt":{"rendered":"","protected":false},"featured_media":430674,"template":"","meta":{"_acf_changed":false},"product_brand":[313],"product_cat":[515],"product_tag":[],"class_list":{"0":"post-430619","1":"product","2":"type-product","3":"status-publish","4":"has-post-thumbnail","6":"product_brand-nox-gaming","7":"product_cat-ready-to-ship-gaming-pc","9":"first","10":"instock","11":"sale","12":"taxable","13":"shipping-taxable","14":"purchasable","15":"product-type-composite"},"acf":[],"_links":{"self":[{"href":"https:\/\/www.noxgaming.ca\/fr\/wp-json\/wp\/v2\/product\/430619","targetHints":{"allow":["GET"]}}],"collection":[{"href":"https:\/\/www.noxgaming.ca\/fr\/wp-json\/wp\/v2\/product"}],"about":[{"href":"https:\/\/www.noxgaming.ca\/fr\/wp-json\/wp\/v2\/types\/product"}],"wp:featuredmedia":[{"embeddable":true,"href":"https:\/\/www.noxgaming.ca\/fr\/wp-json\/wp\/v2\/media\/430674"}],"wp:attachment":[{"href":"https:\/\/www.noxgaming.ca\/fr\/wp-json\/wp\/v2\/media?parent=430619"}],"wp:term":[{"taxonomy":"product_brand","embeddable":true,"href":"https:\/\/www.noxgaming.ca\/fr\/wp-json\/wp\/v2\/product_brand?post=430619"},{"taxonomy":"product_cat","embeddable":true,"href":"https:\/\/www.noxgaming.ca\/fr\/wp-json\/wp\/v2\/product_cat?post=430619"},{"taxonomy":"product_tag","embeddable":true,"href":"https:\/\/www.noxgaming.ca\/fr\/wp-json\/wp\/v2\/product_tag?post=430619"}],"curies":[{"name":"wp","href":"https:\/\/api.w.org\/{rel}","templated":true}]}}