{"id":430388,"date":"2026-02-26T14:54:49","date_gmt":"2026-02-26T19:54:49","guid":{"rendered":"https:\/\/www.noxgaming.ca\/?post_type=product&#038;p=430388"},"modified":"2026-04-17T13:40:10","modified_gmt":"2026-04-17T17:40:10","slug":"simagic-alpha-evo-wheelbase-simagic-steering-wheel-bundle","status":"publish","type":"product","link":"https:\/\/www.noxgaming.ca\/fr\/product\/simagic-alpha-evo-wheelbase-simagic-steering-wheel-bundle\/","title":{"rendered":"Ensemble Base de Volant SIMAGIC Alpha EVO + Volant SIMAGIC"},"content":{"rendered":"<h2 data-start=\"0\" data-end=\"94\">Base SIMAGIC ALPHA EVO + Volant (EVO Sport 9Nm, EVO 12Nm, EVO Pro 18Nm)<\/h2>\n<p data-start=\"96\" data-end=\"470\">Construis ta configuration SIMAGIC direct drive de r\u00eave en associant une base de volant ALPHA EVO au volant SIMAGIC qui correspond \u00e0 ta discipline. La s\u00e9rie ALPHA EVO est construite autour d'un moteur \u00e0 tr\u00e8s faible inertie et d'un contr\u00f4le \u00e0 grande vitesse pour des d\u00e9tails nets, des transitions douces et un contr\u00f4le assur\u00e9 de la voiture en GT, Formule, rallye, drift et endurance.<\/p>\n<hr data-start=\"472\" data-end=\"475\" \/>\n<h2 data-start=\"477\" data-end=\"501\">Choisis ta wheelbase<\/h2>\n<p data-start=\"503\" data-end=\"755\">Les trois bases de volant ALPHA EVO partagent la m\u00eame technologie de base : moteur \u00e0 tr\u00e8s faible inertie, encodeur 21 bits, taux de r\u00e9ponse de 20 kHz, contr\u00f4le 180 MHz, alimentation sans fil et support de fixation rapide SIMAGIC (QR50, QR70, QR-A).<\/p>\n<h3 data-start=\"757\" data-end=\"795\">ALPHA EVO Sport (couple maximal : 9 Nm)<\/h3>\n<p data-start=\"796\" data-end=\"924\">Le meilleur pour : la premi\u00e8re transmission directe, la plupart des voitures GT et routi\u00e8res, les d\u00e9tails importants sans \u00eatre exag\u00e9r\u00e9s.<\/p>\n<h3 data-start=\"926\" data-end=\"959\">ALPHA EVO (Couple maximum : 12 Nm)<\/h3>\n<p data-start=\"960\" data-end=\"1111\">Le meilleur pour : les conducteurs qui veulent un espace de t\u00eate suppl\u00e9mentaire pour les voitures \u00e0 plus grande force descendante, les jantes plus lourdes et les forces soutenues plus importantes.<\/p>\n<h3 data-start=\"1113\" data-end=\"1150\">ALPHA EVO Pro (couple maximal : 18 Nm)<\/h3>\n<p data-start=\"1151\" data-end=\"1321\">Le meilleur pour : un plafond de force maximum, une sensation de direction plus lourde, des appareils haut de gamme, et des conducteurs qui utilisent un couple plus \u00e9lev\u00e9 avec beaucoup de gamme dynamique.<\/p>\n<hr data-start=\"1323\" data-end=\"1326\" \/>\n<h2 data-start=\"1328\" data-end=\"1366\">Qu'est-ce qui fait qu'ALPHA EVO est diff\u00e9rent ?<\/h2>\n<ul data-start=\"1368\" data-end=\"2145\">\n<li data-start=\"1368\" data-end=\"1478\">\n<p data-start=\"1370\" data-end=\"1478\">Moteur \u00e0 tr\u00e8s faible inertie pour un retour d'information plus net, plus doux et plus pr\u00e9cis.<\/p>\n<\/li>\n<li data-start=\"1479\" data-end=\"1568\">\n<p data-start=\"1481\" data-end=\"1568\">Technologie z\u00e9ro-cogging pour une force constante<\/p>\n<\/li>\n<li data-start=\"1569\" data-end=\"1653\">\n<p data-start=\"1571\" data-end=\"1653\">Encodeur 21 bits pour la reconnaissance des d\u00e9tails fins<\/p>\n<\/li>\n<li data-start=\"1654\" data-end=\"1757\">\n<p data-start=\"1656\" data-end=\"1757\">Pipeline \u00e0 grande vitesse : fr\u00e9quence de 180 MHz + taux de r\u00e9ponse de 20 kHz.<\/p>\n<\/li>\n<li data-start=\"1758\" data-end=\"1854\">\n<p data-start=\"1760\" data-end=\"1854\">Prise en charge iRacing 360 Hz pour des options de r\u00e9glage plus pr\u00e9cises<\/p>\n<\/li>\n<li data-start=\"1855\" data-end=\"1957\">\n<p data-start=\"1857\" data-end=\"1957\">Halo RGB personnalisable avec prise en charge des effets de lumi\u00e8re dans le jeu<\/p>\n<\/li>\n<li data-start=\"1958\" data-end=\"2046\">\n<p data-start=\"1960\" data-end=\"2046\">Syst\u00e8me de refroidissement actif pour des performances stables<\/p>\n<\/li>\n<li data-start=\"2047\" data-end=\"2145\">\n<p data-start=\"2049\" data-end=\"2145\">\u201cPrise en charge du \u201d3e filtre\" pour une plus grande souplesse d'accordage.<\/p>\n<\/li>\n<\/ul>\n<hr data-start=\"2147\" data-end=\"2150\" \/>\n<h2 data-start=\"2152\" data-end=\"2183\">Sp\u00e9cifications mat\u00e9rielles<\/h2>\n<p data-start=\"2185\" data-end=\"2255\"><strong data-start=\"2185\" data-end=\"2213\">Partag\u00e9 dans la s\u00e9rie<\/strong><\/p>\n<ul data-start=\"2256\" data-end=\"2383\">\n<li data-start=\"2256\" data-end=\"2275\">\n<p data-start=\"2258\" data-end=\"2275\">Encodeur : 21 bits<\/p>\n<\/li>\n<li data-start=\"2276\" data-end=\"2305\">\n<p data-start=\"2278\" data-end=\"2305\">Alimentation sans fil : Prise en charge<\/p>\n<\/li>\n<li data-start=\"2306\" data-end=\"2349\">\n<p data-start=\"2308\" data-end=\"2349\">Support de fixation rapide : QR50, QR70, QR-A<\/p>\n<\/li>\n<li data-start=\"2350\" data-end=\"2383\">\n<p data-start=\"2352\" data-end=\"2383\">Mat\u00e9riau : Aluminium moul\u00e9 sous pression<\/p>\n<\/li>\n<\/ul>\n<p data-start=\"2385\" data-end=\"2452\"><strong data-start=\"2385\" data-end=\"2410\">Dimensions et poids<\/strong><\/p>\n<ul data-start=\"2453\" data-end=\"2626\">\n<li data-start=\"2453\" data-end=\"2512\">\n<p data-start=\"2455\" data-end=\"2512\">EVO Sport 9 Nm : 130 x 110 x 281 mm, poids net 6,236 kg<\/p>\n<\/li>\n<li data-start=\"2513\" data-end=\"2567\">\n<p data-start=\"2515\" data-end=\"2567\">EVO 12 Nm : 130 x 110 x 281 mm, poids net 6,236 kg<\/p>\n<\/li>\n<li data-start=\"2568\" data-end=\"2626\">\n<p data-start=\"2570\" data-end=\"2626\">EVO Pro 18 Nm : 130 x 110 x 317 mm, poids net 8,627 kg<\/p>\n<\/li>\n<\/ul>\n<p data-start=\"2628\" data-end=\"2706\"><strong data-start=\"2628\" data-end=\"2664\">Accessoires inclus (empattement)<\/strong><\/p>\n<ul data-start=\"2707\" data-end=\"2797\">\n<li data-start=\"2707\" data-end=\"2736\">\n<p data-start=\"2709\" data-end=\"2736\">C\u00e2ble USB-B, c\u00e2ble Type-C<\/p>\n<\/li>\n<li data-start=\"2737\" data-end=\"2776\">\n<p data-start=\"2739\" data-end=\"2776\">Alimentation de 1,5 m, puissance de l'empattement<\/p>\n<\/li>\n<li data-start=\"2777\" data-end=\"2797\">\n<p data-start=\"2779\" data-end=\"2797\">Kit d'installation<\/p>\n<\/li>\n<\/ul>\n<hr data-start=\"2799\" data-end=\"2802\" \/>\n<h2 data-start=\"2804\" data-end=\"2860\">Options du volant (toutes les roues SIMAGIC disponibles)<\/h2>\n<p data-start=\"2862\" data-end=\"3028\">Choisis n'importe quel volant SIMAGIC ci-dessous pour ton offre group\u00e9e. Il s'agit des volants r\u00e9pertori\u00e9s dans la gamme actuelle des volants SIMAGIC.<\/p>\n<h3 data-start=\"3030\" data-end=\"3044\">S\u00e9rie Neo<\/h3>\n<ul data-start=\"3045\" data-end=\"3544\">\n<li data-start=\"3045\" data-end=\"3170\">\n<p data-start=\"3047\" data-end=\"3170\"><strong data-start=\"3047\" data-end=\"3068\">GT Neo<\/strong>Le Neo est une option compacte et moderne de style GT\/Formula dans la gamme Neo.<\/p>\n<\/li>\n<li data-start=\"3171\" data-end=\"3389\">\n<p data-start=\"3173\" data-end=\"3250\"><strong data-start=\"3173\" data-end=\"3205\">Volants de la s\u00e9rie NEO X<\/strong>: quatre styles de jantes pour des disciplines sp\u00e9cifiques :<\/p>\n<ul data-start=\"3253\" data-end=\"3389\">\n<li data-start=\"3253\" data-end=\"3275\">\n<p data-start=\"3255\" data-end=\"3275\">NEO X-330T (Rallye)<\/p>\n<\/li>\n<li data-start=\"3278\" data-end=\"3297\">\n<p data-start=\"3280\" data-end=\"3297\">NEO X-310G (GT)<\/p>\n<\/li>\n<li data-start=\"3300\" data-end=\"3324\">\n<p data-start=\"3302\" data-end=\"3324\">NEO X-330R (Classique)<\/p>\n<\/li>\n<li data-start=\"3327\" data-end=\"3389\">\n<p data-start=\"3329\" data-end=\"3389\">NEO X-350W (d\u00e9rive)<\/p>\n<\/li>\n<\/ul>\n<\/li>\n<li data-start=\"3390\" data-end=\"3544\">\n<p data-start=\"3392\" data-end=\"3544\"><strong data-start=\"3392\" data-end=\"3405\">Hub Neo X<\/strong>La plate-forme de moyeu modulaire : avec des options de modules de changement de vitesse et de multiples configurations de roues et de jantes.<\/p>\n<\/li>\n<\/ul>\n<h3 data-start=\"3546\" data-end=\"3562\">S\u00e9rie Alpha<\/h3>\n<ul data-start=\"3563\" data-end=\"4269\">\n<li data-start=\"3563\" data-end=\"3722\">\n<p data-start=\"3565\" data-end=\"3722\"><strong data-start=\"3565\" data-end=\"3598\">Volant FX Pro Formula<\/strong>Le syst\u00e8me de gestion de l'information : d\u00e9velopp\u00e9 en collaboration avec des coureurs de formule et des ing\u00e9nieurs pour une exp\u00e9rience cibl\u00e9e de la formule.<\/p>\n<\/li>\n<li data-start=\"3723\" data-end=\"3796\">\n<p data-start=\"3725\" data-end=\"3796\"><strong data-start=\"3725\" data-end=\"3754\">Volant FX Formula<\/strong><\/p>\n<\/li>\n<li data-start=\"3797\" data-end=\"3939\">\n<p data-start=\"3799\" data-end=\"3939\"><strong data-start=\"3799\" data-end=\"3840\">Volant GTS (cuir ou daim)<\/strong>: \u201ctout-en-un\u201d volant de style sport GT avec choix des mat\u00e9riaux.<\/p>\n<\/li>\n<li data-start=\"3940\" data-end=\"4006\">\n<p data-start=\"3942\" data-end=\"4006\"><strong data-start=\"3942\" data-end=\"3964\">Volant GT4<\/strong><\/p>\n<\/li>\n<li data-start=\"4007\" data-end=\"4073\">\n<p data-start=\"4009\" data-end=\"4073\"><strong data-start=\"4009\" data-end=\"4031\">Volant GT1<\/strong><\/p>\n<\/li>\n<li data-start=\"4007\" data-end=\"4073\"><strong>Volant GTC-C<\/strong><\/li>\n<\/ul>\n<hr data-start=\"4271\" data-end=\"4274\" \/>\n<h2 data-start=\"4276\" data-end=\"4312\">Notes sur la compatibilit\u00e9 et l'\u00e9cosyst\u00e8me<\/h2>\n<ul data-start=\"4314\" data-end=\"4532\">\n<li data-start=\"4314\" data-end=\"4431\">\n<p data-start=\"4316\" data-end=\"4431\">ALPHA EVO prend en charge les syst\u00e8mes SIMAGIC QR50, QR70 et le syst\u00e8me d'attache rapide QR-A.<\/p>\n<\/li>\n<li data-start=\"4432\" data-end=\"4532\">\n<p data-start=\"4434\" data-end=\"4532\">L'alimentation sans fil de la roue est prise en charge par toute la gamme ALPHA EVO.<\/p>\n<\/li>\n<\/ul>\n<hr data-start=\"4534\" data-end=\"4537\" \/>\n<h2 data-start=\"4539\" data-end=\"4569\">Ce que tu obtiens dans cette offre group\u00e9e<\/h2>\n<ul data-start=\"4571\" data-end=\"4922\">\n<li data-start=\"4571\" data-end=\"4687\">\n<p data-start=\"4573\" data-end=\"4687\">1x SIMAGIC ALPHA EVO empattement (au choix : Sport 9 Nm, 12 Nm, ou Pro 18 Nm)<\/p>\n<\/li>\n<li data-start=\"4688\" data-end=\"4794\">\n<p data-start=\"4690\" data-end=\"4794\">1x volant SIMAGIC de ton choix dans la gamme ci-dessus<\/p>\n<\/li>\n<li data-start=\"4795\" data-end=\"4922\">\n<p data-start=\"4797\" data-end=\"4922\">Kit d'accessoires pour l'empattement (c\u00e2ble USB-B, c\u00e2ble Type-C, bloc d'alimentation, kit d'installation).<\/p>\n<\/li>\n<\/ul>","protected":false},"excerpt":{"rendered":"<p>**Support de montage non inclus**<br \/>\n**SIMAGIC Alpha EVO Ultra 28Nm en pr\u00e9commande - Livraison d\u00e9but avril 2026**<\/p>","protected":false},"featured_media":430392,"template":"","meta":{"_acf_changed":false},"product_brand":[334],"product_cat":[479,484,490],"product_tag":[],"class_list":{"0":"post-430388","1":"product","2":"type-product","3":"status-publish","4":"has-post-thumbnail","6":"product_brand-simagic","7":"product_cat-sim-racing-bundles","8":"product_cat-wheelbase","9":"product_cat-wheels-en","11":"first","12":"instock","13":"taxable","14":"shipping-taxable","15":"purchasable","16":"product-type-composite"},"acf":[],"_links":{"self":[{"href":"https:\/\/www.noxgaming.ca\/fr\/wp-json\/wp\/v2\/product\/430388","targetHints":{"allow":["GET"]}}],"collection":[{"href":"https:\/\/www.noxgaming.ca\/fr\/wp-json\/wp\/v2\/product"}],"about":[{"href":"https:\/\/www.noxgaming.ca\/fr\/wp-json\/wp\/v2\/types\/product"}],"wp:featuredmedia":[{"embeddable":true,"href":"https:\/\/www.noxgaming.ca\/fr\/wp-json\/wp\/v2\/media\/430392"}],"wp:attachment":[{"href":"https:\/\/www.noxgaming.ca\/fr\/wp-json\/wp\/v2\/media?parent=430388"}],"wp:term":[{"taxonomy":"product_brand","embeddable":true,"href":"https:\/\/www.noxgaming.ca\/fr\/wp-json\/wp\/v2\/product_brand?post=430388"},{"taxonomy":"product_cat","embeddable":true,"href":"https:\/\/www.noxgaming.ca\/fr\/wp-json\/wp\/v2\/product_cat?post=430388"},{"taxonomy":"product_tag","embeddable":true,"href":"https:\/\/www.noxgaming.ca\/fr\/wp-json\/wp\/v2\/product_tag?post=430388"}],"curies":[{"name":"wp","href":"https:\/\/api.w.org\/{rel}","templated":true}]}}