{"id":4302,"date":"2024-05-27T18:05:05","date_gmt":"2024-05-27T22:05:05","guid":{"rendered":"https:\/\/www.noxgaming.ca\/product\/simagic-support-de-fixation-base-alpha\/"},"modified":"2026-04-17T13:47:41","modified_gmt":"2026-04-17T17:47:41","slug":"simagic-support-de-fixation-base-alpha","status":"publish","type":"product","link":"https:\/\/www.noxgaming.ca\/fr\/product\/simagic-support-de-fixation-base-alpha\/","title":{"rendered":"SIMAGIC ALPHA BASE MOUNTING BRACKET"},"content":{"rendered":"","protected":false},"excerpt":{"rendered":"<h3 style=\"text-align: left;\"><strong>Support de montage de la base Simagic Alpha<\/strong><\/h3>\n<p>&nbsp;<\/p>\n<p style=\"text-align: left;\">Supports r\u00e9glables pour les bases Alpha de la gamme Simagic.<br \/>\nPermet une fixation rigide (importante avec les bases \u00e0 retour de force Direct Drive) \u00e0 ton ch\u00e2ssis.<br \/>\nSupport en aluminium usin\u00e9 CNC.<b><\/b><\/p>\n<p>Compatibilit\u00e9 :<\/p>\n<p>&nbsp;<\/p>\n<ul>\n<li style=\"text-align: left;\">Simagic Alpha Mini<\/li>\n<li style=\"text-align: left;\">Simagic Alpha<\/li>\n<li style=\"text-align: left;\">Simagic Alpha Ultimate<\/li>\n<\/ul>","protected":false},"featured_media":4303,"template":"","meta":{"_acf_changed":false},"product_brand":[334],"product_cat":[511],"product_tag":[335,341,336,344],"class_list":{"0":"post-4302","1":"product","2":"type-product","3":"status-publish","4":"has-post-thumbnail","6":"product_brand-simagic","7":"product_cat-simracing-mounts","8":"product_tag-sim-racing","9":"product_tag-sim-racing-accessories","10":"product_tag-simagic","11":"product_tag-wheelbase-accessories","13":"first","14":"instock","15":"taxable","16":"shipping-taxable","17":"purchasable","18":"product-type-simple"},"acf":[],"_links":{"self":[{"href":"https:\/\/www.noxgaming.ca\/fr\/wp-json\/wp\/v2\/product\/4302","targetHints":{"allow":["GET"]}}],"collection":[{"href":"https:\/\/www.noxgaming.ca\/fr\/wp-json\/wp\/v2\/product"}],"about":[{"href":"https:\/\/www.noxgaming.ca\/fr\/wp-json\/wp\/v2\/types\/product"}],"wp:featuredmedia":[{"embeddable":true,"href":"https:\/\/www.noxgaming.ca\/fr\/wp-json\/wp\/v2\/media\/4303"}],"wp:attachment":[{"href":"https:\/\/www.noxgaming.ca\/fr\/wp-json\/wp\/v2\/media?parent=4302"}],"wp:term":[{"taxonomy":"product_brand","embeddable":true,"href":"https:\/\/www.noxgaming.ca\/fr\/wp-json\/wp\/v2\/product_brand?post=4302"},{"taxonomy":"product_cat","embeddable":true,"href":"https:\/\/www.noxgaming.ca\/fr\/wp-json\/wp\/v2\/product_cat?post=4302"},{"taxonomy":"product_tag","embeddable":true,"href":"https:\/\/www.noxgaming.ca\/fr\/wp-json\/wp\/v2\/product_tag?post=4302"}],"curies":[{"name":"wp","href":"https:\/\/api.w.org\/{rel}","templated":true}]}}