{"id":4285,"date":"2024-05-27T18:05:09","date_gmt":"2024-05-27T22:05:09","guid":{"rendered":"https:\/\/www.noxgaming.ca\/product\/simagic-shifter-ds-8x-h-sq\/"},"modified":"2026-04-17T13:47:13","modified_gmt":"2026-04-17T17:47:13","slug":"simagic-shifter-ds-8x-h-sq","status":"publish","type":"product","link":"https:\/\/www.noxgaming.ca\/fr\/product\/simagic-shifter-ds-8x-h-sq\/","title":{"rendered":"SIMAGIC SHIFTER DS-8X H\/SQ"},"content":{"rendered":"<p>Con\u00e7ue pour nos simulateurs de conduite, elle recr\u00e9e toutes les sensations d'une bo\u00eete de vitesses m\u00e9canique s\u00e9quentielle. Gr\u00e2ce \u00e0 son syst\u00e8me de came r\u00e9glable en duret\u00e9, tu peux ajuster la sensation m\u00e9canique du syst\u00e8me de changement de vitesse. <b><\/b><\/p>\n<p>Caract\u00e9ristiques :<\/p>\n<ul>\n<li><b>Tout en aluminium<\/b> bo\u00eetier et levier<\/li>\n<li>Deux modes, <b>Bo\u00eete en H et s\u00e9quentielle <\/b>: passe du mode s\u00e9quentiel au mode H-shifter rapidement et facilement, d'un seul geste.<\/li>\n<li>La bo\u00eete de vitesses en forme de H a<b> 8 vitesses avant et 1 vitesse arri\u00e8re<\/b>. Le syst\u00e8me de verrouillage des vitesses (anneau sous le levier) permet d'\u00e9viter que les vitesses 7, 8 et R ne soient enclench\u00e9es par erreur, pour plus de r\u00e9alisme.<\/li>\n<li>R\u00e9sistance au changement de vitesse r\u00e9glable.<\/li>\n<li>Plusieurs types de boutons d'engrenage sont disponibles pour un aspect et une sensation personnalis\u00e9s.<\/li>\n<li>Dimensions : 170 mm x 102 mm x 264,5 mm<\/li>\n<\/ul>","protected":false},"excerpt":{"rendered":"<p>Designed for our driving simulators, it recreates all the sensations of a sequential mechanical gearbox. Thanks to its hardness-adjustable cam system, you can adjust the mechanical feel of the gearshift system. Features : All-aluminum housing and lever Two modes, H-box and sequential : switch from sequential to H-shifter mode quickly and easily, with a single [&hellip;]<\/p>\n","protected":false},"featured_media":4286,"template":"","meta":{"_acf_changed":false},"product_brand":[334],"product_cat":[489],"product_tag":[579,345,335,341,336],"class_list":{"0":"post-4285","1":"product","2":"type-product","3":"status-publish","4":"has-post-thumbnail","6":"product_brand-simagic","7":"product_cat-gear-and-brake-levers","8":"product_tag-fd2026","9":"product_tag-gear-and-brake-levers","10":"product_tag-sim-racing","11":"product_tag-sim-racing-accessories","12":"product_tag-simagic","14":"first","15":"onbackorder","16":"sale","17":"taxable","18":"shipping-taxable","19":"purchasable","20":"product-type-simple"},"acf":[],"_links":{"self":[{"href":"https:\/\/www.noxgaming.ca\/fr\/wp-json\/wp\/v2\/product\/4285","targetHints":{"allow":["GET"]}}],"collection":[{"href":"https:\/\/www.noxgaming.ca\/fr\/wp-json\/wp\/v2\/product"}],"about":[{"href":"https:\/\/www.noxgaming.ca\/fr\/wp-json\/wp\/v2\/types\/product"}],"wp:featuredmedia":[{"embeddable":true,"href":"https:\/\/www.noxgaming.ca\/fr\/wp-json\/wp\/v2\/media\/4286"}],"wp:attachment":[{"href":"https:\/\/www.noxgaming.ca\/fr\/wp-json\/wp\/v2\/media?parent=4285"}],"wp:term":[{"taxonomy":"product_brand","embeddable":true,"href":"https:\/\/www.noxgaming.ca\/fr\/wp-json\/wp\/v2\/product_brand?post=4285"},{"taxonomy":"product_cat","embeddable":true,"href":"https:\/\/www.noxgaming.ca\/fr\/wp-json\/wp\/v2\/product_cat?post=4285"},{"taxonomy":"product_tag","embeddable":true,"href":"https:\/\/www.noxgaming.ca\/fr\/wp-json\/wp\/v2\/product_tag?post=4285"}],"curies":[{"name":"wp","href":"https:\/\/api.w.org\/{rel}","templated":true}]}}