{"id":4281,"date":"2024-05-27T18:05:10","date_gmt":"2024-05-27T22:05:10","guid":{"rendered":"https:\/\/www.noxgaming.ca\/product\/simagic-shifter-sequentiel-q1s\/"},"modified":"2026-04-17T13:47:11","modified_gmt":"2026-04-17T17:47:11","slug":"simagic-shifter-sequentiel-q1s","status":"publish","type":"product","link":"https:\/\/www.noxgaming.ca\/fr\/product\/simagic-shifter-sequentiel-q1s\/","title":{"rendered":"SIMAGIC SEQUENTIAL SHIFTER Q1S"},"content":{"rendered":"<p>Shifter s\u00e9quentiel Simagic Q1S. Petit fr\u00e8re du c\u00e9l\u00e8bre Q1, cette version all\u00e9g\u00e9e offre l'essentiel d'un levier de vitesse s\u00e9quentiel + la commande de passage au neutre.<br \/>\nCon\u00e7ue pour nos simulateurs de conduite, elle recr\u00e9e toutes les sensations d'une bo\u00eete de vitesses m\u00e9canique s\u00e9quentielle. Gr\u00e2ce \u00e0 son syst\u00e8me de came r\u00e9glable en duret\u00e9, tu peux ajuster la sensation m\u00e9canique du syst\u00e8me de changement de vitesse. <b><\/b><\/p>\n<p>Caract\u00e9ristiques :<\/p>\n<ul>\n<li><b>Tout en aluminium<\/b> bo\u00eetier et levier<\/li>\n<li>Personnalisable <b>levier du point mort <\/b>(bouton)<\/li>\n<li><b>D\u00e9placement \u00e9picyclique<\/b>identique \u00e0 celui utilis\u00e9 dans<b> De vraies voitures de rallye<\/b><\/li>\n<li><b>Roulements silencieux<\/b> pour r\u00e9duire le bruit des changements de vitesse<\/li>\n<li><b>R\u00e9sistance r\u00e9glable<\/b><\/li>\n<li><b>Dimensions<\/b>Dimensions : 261,4 mm (h) x 158 mm (l) x 63 mm (l)<\/li>\n<\/ul>","protected":false},"excerpt":{"rendered":"<p>Simagic Q1S sequential shifter. Little brother of the famous Q1, this light version offers the essentials of a sequential shifter + neutral shift control. Designed for our driving simulators, it recreates all the sensations of a sequential mechanical gearbox. Thanks to its hardness-adjustable cam system, you can adjust the mechanical feel of the gearshift system. [&hellip;]<\/p>\n","protected":false},"featured_media":4282,"template":"","meta":{"_acf_changed":false},"product_brand":[334],"product_cat":[489],"product_tag":[345,335,341,336],"class_list":{"0":"post-4281","1":"product","2":"type-product","3":"status-publish","4":"has-post-thumbnail","6":"product_brand-simagic","7":"product_cat-gear-and-brake-levers","8":"product_tag-gear-and-brake-levers","9":"product_tag-sim-racing","10":"product_tag-sim-racing-accessories","11":"product_tag-simagic","13":"first","14":"onbackorder","15":"taxable","16":"shipping-taxable","17":"purchasable","18":"product-type-simple"},"acf":[],"_links":{"self":[{"href":"https:\/\/www.noxgaming.ca\/fr\/wp-json\/wp\/v2\/product\/4281","targetHints":{"allow":["GET"]}}],"collection":[{"href":"https:\/\/www.noxgaming.ca\/fr\/wp-json\/wp\/v2\/product"}],"about":[{"href":"https:\/\/www.noxgaming.ca\/fr\/wp-json\/wp\/v2\/types\/product"}],"wp:featuredmedia":[{"embeddable":true,"href":"https:\/\/www.noxgaming.ca\/fr\/wp-json\/wp\/v2\/media\/4282"}],"wp:attachment":[{"href":"https:\/\/www.noxgaming.ca\/fr\/wp-json\/wp\/v2\/media?parent=4281"}],"wp:term":[{"taxonomy":"product_brand","embeddable":true,"href":"https:\/\/www.noxgaming.ca\/fr\/wp-json\/wp\/v2\/product_brand?post=4281"},{"taxonomy":"product_cat","embeddable":true,"href":"https:\/\/www.noxgaming.ca\/fr\/wp-json\/wp\/v2\/product_cat?post=4281"},{"taxonomy":"product_tag","embeddable":true,"href":"https:\/\/www.noxgaming.ca\/fr\/wp-json\/wp\/v2\/product_tag?post=4281"}],"curies":[{"name":"wp","href":"https:\/\/api.w.org\/{rel}","templated":true}]}}