{"id":4277,"date":"2024-05-27T18:05:10","date_gmt":"2024-05-27T22:05:10","guid":{"rendered":"https:\/\/www.noxgaming.ca\/product\/simagic-sequential-shifter-q1\/"},"modified":"2026-04-17T13:47:07","modified_gmt":"2026-04-17T17:47:07","slug":"simagic-sequential-shifter-q1","status":"publish","type":"product","link":"https:\/\/www.noxgaming.ca\/fr\/product\/simagic-sequential-shifter-q1\/","title":{"rendered":"SIMAGIC SEQUENTIAL SHIFTER Q1"},"content":{"rendered":"<p>Fruit de plus de deux ans de recherche et de d\u00e9veloppement, ce levier de vitesse con\u00e7u pour nos simulateurs de conduite recr\u00e9e toutes les sensations d'une bo\u00eete de vitesses m\u00e9canique s\u00e9quentielle.<br \/>\nGr\u00e2ce \u00e0 son syst\u00e8me de came r\u00e9glable en duret\u00e9, tu peux ajuster la sensation m\u00e9canique du syst\u00e8me de changement de vitesse.<\/p>\n<p>Le Q1 est \u00e9galement dot\u00e9 d'un affichage du changement de vitesse et de 4 boutons r\u00e9tro\u00e9clair\u00e9s configurables.<b><\/b><\/p>\n<p>Caract\u00e9ristiques :<\/p>\n<p>&nbsp;<\/p>\n<ul>\n<li>Le levier de vitesse plan\u00e9taire s'inspire des vraies voitures de course. &gt;<\/li>\n<li>Indicateur num\u00e9rique de vitesse<\/li>\n<li>Bo\u00eetier et levier enti\u00e8rement en aluminium<\/li>\n<li>Syst\u00e8me de r\u00e9sistance r\u00e9glable<\/li>\n<li>2 connecteurs USB (gauche et droite)<\/li>\n<li>4 boutons r\u00e9tro\u00e9clair\u00e9s personnalisables<\/li>\n<\/ul>","protected":false},"excerpt":{"rendered":"<p>The result of over two years of research and development, this shifter designed for our driving simulators recreates all the sensations of a sequential mechanical gearbox. Thanks to its hardness-adjustable cam system, you can adjust the mechanical feel of the gearshift system. The Q1 also features a gearshift display and 4 configurable backlit buttons. Features [&hellip;]<\/p>\n","protected":false},"featured_media":4278,"template":"","meta":{"_acf_changed":false},"product_brand":[334],"product_cat":[489],"product_tag":[579,345,335,341,336],"class_list":{"0":"post-4277","1":"product","2":"type-product","3":"status-publish","4":"has-post-thumbnail","6":"product_brand-simagic","7":"product_cat-gear-and-brake-levers","8":"product_tag-fd2026","9":"product_tag-gear-and-brake-levers","10":"product_tag-sim-racing","11":"product_tag-sim-racing-accessories","12":"product_tag-simagic","14":"first","15":"instock","16":"sale","17":"taxable","18":"shipping-taxable","19":"purchasable","20":"product-type-simple"},"acf":[],"_links":{"self":[{"href":"https:\/\/www.noxgaming.ca\/fr\/wp-json\/wp\/v2\/product\/4277","targetHints":{"allow":["GET"]}}],"collection":[{"href":"https:\/\/www.noxgaming.ca\/fr\/wp-json\/wp\/v2\/product"}],"about":[{"href":"https:\/\/www.noxgaming.ca\/fr\/wp-json\/wp\/v2\/types\/product"}],"wp:featuredmedia":[{"embeddable":true,"href":"https:\/\/www.noxgaming.ca\/fr\/wp-json\/wp\/v2\/media\/4278"}],"wp:attachment":[{"href":"https:\/\/www.noxgaming.ca\/fr\/wp-json\/wp\/v2\/media?parent=4277"}],"wp:term":[{"taxonomy":"product_brand","embeddable":true,"href":"https:\/\/www.noxgaming.ca\/fr\/wp-json\/wp\/v2\/product_brand?post=4277"},{"taxonomy":"product_cat","embeddable":true,"href":"https:\/\/www.noxgaming.ca\/fr\/wp-json\/wp\/v2\/product_cat?post=4277"},{"taxonomy":"product_tag","embeddable":true,"href":"https:\/\/www.noxgaming.ca\/fr\/wp-json\/wp\/v2\/product_tag?post=4277"}],"curies":[{"name":"wp","href":"https:\/\/api.w.org\/{rel}","templated":true}]}}