{"id":4274,"date":"2024-05-27T18:05:10","date_gmt":"2024-05-27T22:05:10","guid":{"rendered":"https:\/\/www.noxgaming.ca\/product\/simagic-frein-a-main-tb-1\/"},"modified":"2026-04-17T13:47:09","modified_gmt":"2026-04-17T17:47:09","slug":"simagic-frein-a-main-tb-1","status":"publish","type":"product","link":"https:\/\/www.noxgaming.ca\/fr\/product\/simagic-frein-a-main-tb-1\/","title":{"rendered":"FREIN \u00c0 MAIN SIMAGIC TB-1"},"content":{"rendered":"<p><b>Construction enti\u00e8rement m\u00e9tallique :<\/b> Le frein \u00e0 main tout en aluminium, usin\u00e9 par CNC, offre une structure solide pour une utilisation intensive ! Levier r\u00e9glable en deux positions : Rallye \/ Drift (vertical), voiture de s\u00e9rie (horizontal).<\/p>\n<p><b>Deux modes de fonctionnement : <\/b>Son syst\u00e8me de r\u00e9sistance simule la r\u00e9sistance d'un vrai frein \u00e0 main de voiture.<\/p>\n<p><b>Ajustements faciles :<\/b> Plusieurs caoutchoucs disponibles pour permettre d'ajuster la force\/r\u00e9sistance souhait\u00e9e. Le d\u00e9montage est simple, ce qui permet \u00e0 l'utilisateur d'\u00e9changer rapidement les caoutchoucs selon ses pr\u00e9f\u00e9rences.<\/p>\n<p><b>Capteur \u00e0 cellule de charge :<\/b> Un capteur \u00e0 cellule de charge de 100 kg de haute pr\u00e9cision te permet de transf\u00e9rer avec pr\u00e9cision les forces appliqu\u00e9es au levier sur ton simulateur.<\/p>\n<p><b>Plusieurs m\u00e9thodes d'installation :<\/b> Le montage lat\u00e9ral peut \u00eatre r\u00e9alis\u00e9 avec le support en L optionnel, vendu s\u00e9par\u00e9ment.<\/p>\n<p><b>TB-1 :<\/b> Connexion au PC via la prise USB Type-C, \u00e9quip\u00e9e d'une poign\u00e9e amovible de 22 mm de diam\u00e8tre, compatible avec les poign\u00e9es d'autres fabricants.<\/p>\n<p><b>Caract\u00e9ristiques techniques :<\/b><\/p>\n<ul>\n<li>Connexion USB : PC, Simagic WheelBase<\/li>\n<li>Amortissement r\u00e9glable : Oui<\/li>\n<li>Installation horizontale de la poign\u00e9e : Oui<\/li>\n<li>Supports de montage lat\u00e9raux : En option<\/li>\n<li>Mat\u00e9riau : Alliage d'aluminium<\/li>\n<li>Dimensions : 188 x 66 x 350 mm<\/li>\n<li>Points de fixation : M6*4<\/li>\n<li>Poids net : 1,3 kg<\/li>\n<\/ul>","protected":false},"excerpt":{"rendered":"<p>All-metal construction: CNC-machined, all-aluminium handbrake provides a solid structure for intensive use! Adjustable lever in two positions: Rally \/ Drift (vertical), production car (horizontal) Two operating modes: Its resistance system simulates the resistance of a real car handbrake. Easy adjustments: Several rubbers available to allow adjustment to the desired strength\/resistance. Disassembly is simple, allowing the [&hellip;]<\/p>\n","protected":false},"featured_media":4275,"template":"","meta":{"_acf_changed":false},"product_brand":[334],"product_cat":[489],"product_tag":[345,335,341,336],"class_list":{"0":"post-4274","1":"product","2":"type-product","3":"status-publish","4":"has-post-thumbnail","6":"product_brand-simagic","7":"product_cat-gear-and-brake-levers","8":"product_tag-gear-and-brake-levers","9":"product_tag-sim-racing","10":"product_tag-sim-racing-accessories","11":"product_tag-simagic","13":"first","14":"onbackorder","15":"taxable","16":"shipping-taxable","17":"purchasable","18":"product-type-simple"},"acf":[],"_links":{"self":[{"href":"https:\/\/www.noxgaming.ca\/fr\/wp-json\/wp\/v2\/product\/4274","targetHints":{"allow":["GET"]}}],"collection":[{"href":"https:\/\/www.noxgaming.ca\/fr\/wp-json\/wp\/v2\/product"}],"about":[{"href":"https:\/\/www.noxgaming.ca\/fr\/wp-json\/wp\/v2\/types\/product"}],"wp:featuredmedia":[{"embeddable":true,"href":"https:\/\/www.noxgaming.ca\/fr\/wp-json\/wp\/v2\/media\/4275"}],"wp:attachment":[{"href":"https:\/\/www.noxgaming.ca\/fr\/wp-json\/wp\/v2\/media?parent=4274"}],"wp:term":[{"taxonomy":"product_brand","embeddable":true,"href":"https:\/\/www.noxgaming.ca\/fr\/wp-json\/wp\/v2\/product_brand?post=4274"},{"taxonomy":"product_cat","embeddable":true,"href":"https:\/\/www.noxgaming.ca\/fr\/wp-json\/wp\/v2\/product_cat?post=4274"},{"taxonomy":"product_tag","embeddable":true,"href":"https:\/\/www.noxgaming.ca\/fr\/wp-json\/wp\/v2\/product_tag?post=4274"}],"curies":[{"name":"wp","href":"https:\/\/api.w.org\/{rel}","templated":true}]}}