{"id":4272,"date":"2024-05-27T18:05:06","date_gmt":"2024-05-27T22:05:06","guid":{"rendered":"https:\/\/www.noxgaming.ca\/product\/simagic-frein-a-main-hydraulique-tb-rs\/"},"modified":"2026-04-17T13:47:32","modified_gmt":"2026-04-17T17:47:32","slug":"simagic-frein-a-main-hydraulique-tb-rs","status":"publish","type":"product","link":"https:\/\/www.noxgaming.ca\/fr\/product\/simagic-frein-a-main-hydraulique-tb-rs\/","title":{"rendered":"FREIN \u00c0 MAIN HYDRAULIQUE SIMAGIC TB-RS"},"content":{"rendered":"<p><b>Des sensations immersives :<\/b> Syst\u00e8me hydraulique exceptionnel, r\u00e9plique authentique d'un vrai syst\u00e8me de freinage.<br \/>\nReproduction des sensations de freinage \u00e0 l'\u00e9chelle 1:1 pour une exp\u00e9rience immersive.<br \/>\n\u00c9lastom\u00e8res innovants con\u00e7us pour \u00eatre facilement remplac\u00e9s.<br \/>\nObtiens la sensation d\u00e9sir\u00e9e avec pr\u00e9cision.<br \/>\nUne r\u00e9sistance pr\u00e9cise pour une exp\u00e9rience de course de rallye\/drift exaltante.<br \/>\nUn choix solide pour les amateurs purs et durs \u00e0 la recherche de sensations authentiques.<\/p>\n<p><b>Le choix des coureurs professionnels :<\/b> Le syst\u00e8me hydraulique est con\u00e7u et recommand\u00e9 par des ing\u00e9nieurs de course.<br \/>\nNeuf \u00e9lastom\u00e8res avec quatre variations de rigidit\u00e9.<br \/>\nPersonnalisable pour s'adapter \u00e0 diff\u00e9rentes forces.<br \/>\nRecr\u00e9e facilement la sensation de n'importe quelle voiture de course.<\/p>\n<p><b>Retour d'information pr\u00e9cis :<\/b> module de retour haptique en option. Contr\u00f4le et retour d'information pr\u00e9cis, sensation de blocage des pneus gr\u00e2ce au frein \u00e0 main.<br \/>\nR\u00e9alisme accru pour les pilotes de course exp\u00e9riment\u00e9s.<\/p>\n<p><b>D\u00e9di\u00e9 \u00e0 tes besoins :<\/b> La poign\u00e9e r\u00e9glable offre quatre angles diff\u00e9rents.<br \/>\nLa conception innovante du r\u00e9servoir hydraulique rotatif permet de l'installer dans diff\u00e9rentes positions.<br \/>\nTu peux choisir d'utiliser le frein \u00e0 main verticalement ou horizontalement.<br \/>\nConvient \u00e0 pratiquement toutes les positions assises.<\/p>\n<p><b>Qualit\u00e9 sup\u00e9rieure :<\/b> La structure en alliage d'aluminium de haute qualit\u00e9 garantit une durabilit\u00e9 maximale.<br \/>\nLa structure en alliage d'aluminium de haute qualit\u00e9 assure une durabilit\u00e9 maximale et maintient des performances optimales en cas d'utilisation intensive.<br \/>\nArtisanat exquis, offrant un rapport qualit\u00e9-prix exceptionnel.<br \/>\nUsinage CNC de haute pr\u00e9cision pour une plus grande exactitude. Offre une exp\u00e9rience de conduite pr\u00e9cise et exceptionnelle pour le drift ou les courses de rallye.<\/p>\n<p><b>Lib\u00e8re ta cr\u00e9ativit\u00e9 :<\/b> Poign\u00e9es rempla\u00e7ables, compatibles avec de nombreux jeux de poign\u00e9es sur le march\u00e9, pour r\u00e9pondre aux besoins individuels de chaque simracer.<\/p>\n<p><b>SimPro Manager 2.0 :<\/b> Logiciel et micrologiciel avec mises \u00e0 jour automatiques. Facile \u00e0 installer et \u00e0 utiliser.<\/p>\n<p><b>Caract\u00e9ristiques techniques :<\/b><\/p>\n<ul>\n<li>Connexion USB : PC, Simagic WheelBase<\/li>\n<li>Amortissement r\u00e9glable : Oui<\/li>\n<li>Installation horizontale de la poign\u00e9e : Oui<\/li>\n<li>R\u00e9servoir d'huile rotatif : Oui<\/li>\n<li>Supports de montage lat\u00e9raux : En option<\/li>\n<li>Mat\u00e9riau de construction : Alliage d'aluminium<\/li>\n<li>Dimensions (longueur x largeur x hauteur) : 178 x 95 x 387 mm<\/li>\n<li>Trous de montage : Vis M6 avec filetage*4, vis M6 avec ouverture*6<\/li>\n<li>Poids net : 1,35 kg<\/li>\n<li>Contenu de l'emballage : carte de garantie, guide d'installation, kit de vis, c\u00e2ble USB, c\u00e2ble CAN, ressort en caoutchouc, but\u00e9e de fin de course.<\/li>\n<\/ul>","protected":false},"excerpt":{"rendered":"<p>Immersive sensations: Exceptional hydraulic system, authentic replica of a real braking system. Reproduction of braking sensations on a 1:1 scale for an immersive experience. Innovative elastomers designed for easy replacement. Achieve the desired sensation with precision. Precise resistance for an exhilarating rally\/Drift racing experience. A solid choice for die-hard enthusiasts looking for authentic sensations. The [&hellip;]<\/p>\n","protected":false},"featured_media":4273,"template":"","meta":{"_acf_changed":false},"product_brand":[334],"product_cat":[489],"product_tag":[579,345,335,341,336],"class_list":{"0":"post-4272","1":"product","2":"type-product","3":"status-publish","4":"has-post-thumbnail","6":"product_brand-simagic","7":"product_cat-gear-and-brake-levers","8":"product_tag-fd2026","9":"product_tag-gear-and-brake-levers","10":"product_tag-sim-racing","11":"product_tag-sim-racing-accessories","12":"product_tag-simagic","14":"first","15":"instock","16":"sale","17":"taxable","18":"shipping-taxable","19":"purchasable","20":"product-type-simple"},"acf":[],"_links":{"self":[{"href":"https:\/\/www.noxgaming.ca\/fr\/wp-json\/wp\/v2\/product\/4272","targetHints":{"allow":["GET"]}}],"collection":[{"href":"https:\/\/www.noxgaming.ca\/fr\/wp-json\/wp\/v2\/product"}],"about":[{"href":"https:\/\/www.noxgaming.ca\/fr\/wp-json\/wp\/v2\/types\/product"}],"wp:featuredmedia":[{"embeddable":true,"href":"https:\/\/www.noxgaming.ca\/fr\/wp-json\/wp\/v2\/media\/4273"}],"wp:attachment":[{"href":"https:\/\/www.noxgaming.ca\/fr\/wp-json\/wp\/v2\/media?parent=4272"}],"wp:term":[{"taxonomy":"product_brand","embeddable":true,"href":"https:\/\/www.noxgaming.ca\/fr\/wp-json\/wp\/v2\/product_brand?post=4272"},{"taxonomy":"product_cat","embeddable":true,"href":"https:\/\/www.noxgaming.ca\/fr\/wp-json\/wp\/v2\/product_cat?post=4272"},{"taxonomy":"product_tag","embeddable":true,"href":"https:\/\/www.noxgaming.ca\/fr\/wp-json\/wp\/v2\/product_tag?post=4272"}],"curies":[{"name":"wp","href":"https:\/\/api.w.org\/{rel}","templated":true}]}}