{"id":4269,"date":"2024-05-27T18:05:06","date_gmt":"2024-05-27T22:05:06","guid":{"rendered":"https:\/\/www.noxgaming.ca\/product\/simagic-alpha-kill-switch\/"},"modified":"2026-04-17T13:47:26","modified_gmt":"2026-04-17T17:47:26","slug":"simagic-alpha-kill-switch","status":"publish","type":"product","link":"https:\/\/www.noxgaming.ca\/fr\/product\/simagic-alpha-kill-switch\/","title":{"rendered":"INTERRUPTEUR SIMAGIC ALPHA KILL SWITCH"},"content":{"rendered":"","protected":false},"excerpt":{"rendered":"<h3 style=\"text-align: left;\"><strong>Interrupteur d'arr\u00eat Simagic Alpha<\/strong><\/h3>\n<p>&nbsp;<\/p>\n<p style=\"text-align: left;\">Interrupteur de s\u00e9curit\u00e9 pour les bases \u00e0 retour de force Simagic.<br \/>\nCoupe l'alimentation de la base pr\u00e8s du cockpit.<b><\/b><\/p>\n<p>Compatibilit\u00e9 :<\/p>\n<p>&nbsp;<\/p>\n<ul>\n<li style=\"text-align: left;\">Simagic Alpha Mini<\/li>\n<li style=\"text-align: left;\">Simagic Alpha<\/li>\n<li>SIMAGIC EVO SPORT<\/li>\n<li>SIMAGIC EVO<\/li>\n<li>SIMAGIC EVO PRO<\/li>\n<li>SIMAGIC EVO PRO ULTRA<\/li>\n<\/ul>","protected":false},"featured_media":4270,"template":"","meta":{"_acf_changed":false},"product_brand":[334],"product_cat":[481],"product_tag":[335,341,336,344],"class_list":{"0":"post-4269","1":"product","2":"type-product","3":"status-publish","4":"has-post-thumbnail","6":"product_brand-simagic","7":"product_cat-sim-racing-accessories","8":"product_tag-sim-racing","9":"product_tag-sim-racing-accessories","10":"product_tag-simagic","11":"product_tag-wheelbase-accessories","13":"first","14":"onbackorder","15":"taxable","16":"shipping-taxable","17":"purchasable","18":"product-type-simple"},"acf":[],"_links":{"self":[{"href":"https:\/\/www.noxgaming.ca\/fr\/wp-json\/wp\/v2\/product\/4269","targetHints":{"allow":["GET"]}}],"collection":[{"href":"https:\/\/www.noxgaming.ca\/fr\/wp-json\/wp\/v2\/product"}],"about":[{"href":"https:\/\/www.noxgaming.ca\/fr\/wp-json\/wp\/v2\/types\/product"}],"wp:featuredmedia":[{"embeddable":true,"href":"https:\/\/www.noxgaming.ca\/fr\/wp-json\/wp\/v2\/media\/4270"}],"wp:attachment":[{"href":"https:\/\/www.noxgaming.ca\/fr\/wp-json\/wp\/v2\/media?parent=4269"}],"wp:term":[{"taxonomy":"product_brand","embeddable":true,"href":"https:\/\/www.noxgaming.ca\/fr\/wp-json\/wp\/v2\/product_brand?post=4269"},{"taxonomy":"product_cat","embeddable":true,"href":"https:\/\/www.noxgaming.ca\/fr\/wp-json\/wp\/v2\/product_cat?post=4269"},{"taxonomy":"product_tag","embeddable":true,"href":"https:\/\/www.noxgaming.ca\/fr\/wp-json\/wp\/v2\/product_tag?post=4269"}],"curies":[{"name":"wp","href":"https:\/\/api.w.org\/{rel}","templated":true}]}}