{"id":4259,"date":"2024-05-27T18:05:07","date_gmt":"2024-05-27T22:05:07","guid":{"rendered":"https:\/\/www.noxgaming.ca\/product\/simagic-maglink\/"},"modified":"2026-04-17T13:47:24","modified_gmt":"2026-04-17T17:47:24","slug":"simagic-maglink","status":"publish","type":"product","link":"https:\/\/www.noxgaming.ca\/fr\/product\/simagic-maglink\/","title":{"rendered":"SIMAGIC MAGLINK"},"content":{"rendered":"<div>Ajoute une touche de (SI)MAGIE \u00e0 ton installation, sans avoir besoin d'une base Alpha !<\/div>\n<div><\/div>\n<div>La compatibilit\u00e9 avec les tiers est maintenant disponible avec Maglink.<\/div>\n<div>\n<div>S'adapte \u00e0 la plupart des QR de 50 mm et 70 mm sur le march\u00e9.<\/div>\n<div>Connexion facile au logiciel.<\/div>\n<div><\/div>\n<div>D\u00e9veloppe ton \u00e9cosyst\u00e8me. Conception r\u00e9volutionnaire de connexion magn\u00e9tique brevet\u00e9e. Connecte facilement et imm\u00e9diatement ta roue \u00e0 ta base. Il te suffit de te \u201cbrancher\u201d, et tu es pr\u00eat \u00e0 jouer !<\/div>\n<div><\/div>\n<div>Tu en as d'autres sur la roue ? Pas de probl\u00e8me !<\/div>\n<div><\/div>\n<div>Capacit\u00e9 de transfert de donn\u00e9es am\u00e9lior\u00e9e. Prise en charge de la t\u00e9l\u00e9m\u00e9trie de l'affichage des roues. La fiabilit\u00e9 et la stabilit\u00e9 sont essentielles dans les courses.<\/div>\n<div><\/div>\n<div>Meilleure stabilit\u00e9 que la connexion de type C.<\/div>\n<\/div>","protected":false},"excerpt":{"rendered":"<p>Add a touch of (SI)MAGIC to your setup, without the need for an Alpha base! Third-party compatibility now available with Maglink. Fits most 50mm and 70mm QRs on the market Easy software connection. Expand your ecosystem. Revolutionary patented magnetic connection design. Easily and immediately connect your wheel to your base. Just \u201cplug in\u201d, and you&#8217;re [&hellip;]<\/p>\n","protected":false},"featured_media":4260,"template":"","meta":{"_acf_changed":false},"product_brand":[334],"product_cat":[481],"product_tag":[335,341,336,343],"class_list":{"0":"post-4259","1":"product","2":"type-product","3":"status-publish","4":"has-post-thumbnail","6":"product_brand-simagic","7":"product_cat-sim-racing-accessories","8":"product_tag-sim-racing","9":"product_tag-sim-racing-accessories","10":"product_tag-simagic","11":"product_tag-steering-wheel-accessories","13":"first","14":"onbackorder","15":"taxable","16":"shipping-taxable","17":"purchasable","18":"product-type-simple"},"acf":[],"_links":{"self":[{"href":"https:\/\/www.noxgaming.ca\/fr\/wp-json\/wp\/v2\/product\/4259","targetHints":{"allow":["GET"]}}],"collection":[{"href":"https:\/\/www.noxgaming.ca\/fr\/wp-json\/wp\/v2\/product"}],"about":[{"href":"https:\/\/www.noxgaming.ca\/fr\/wp-json\/wp\/v2\/types\/product"}],"wp:featuredmedia":[{"embeddable":true,"href":"https:\/\/www.noxgaming.ca\/fr\/wp-json\/wp\/v2\/media\/4260"}],"wp:attachment":[{"href":"https:\/\/www.noxgaming.ca\/fr\/wp-json\/wp\/v2\/media?parent=4259"}],"wp:term":[{"taxonomy":"product_brand","embeddable":true,"href":"https:\/\/www.noxgaming.ca\/fr\/wp-json\/wp\/v2\/product_brand?post=4259"},{"taxonomy":"product_cat","embeddable":true,"href":"https:\/\/www.noxgaming.ca\/fr\/wp-json\/wp\/v2\/product_cat?post=4259"},{"taxonomy":"product_tag","embeddable":true,"href":"https:\/\/www.noxgaming.ca\/fr\/wp-json\/wp\/v2\/product_tag?post=4259"}],"curies":[{"name":"wp","href":"https:\/\/api.w.org\/{rel}","templated":true}]}}