{"id":4256,"date":"2024-05-27T18:05:08","date_gmt":"2024-05-27T22:05:08","guid":{"rendered":"https:\/\/www.noxgaming.ca\/product\/load-cell-200kg-pour-simagic-p2000\/"},"modified":"2026-04-17T13:47:21","modified_gmt":"2026-04-17T17:47:21","slug":"load-cell-200kg-pour-simagic-p2000","status":"publish","type":"product","link":"https:\/\/www.noxgaming.ca\/fr\/product\/load-cell-200kg-pour-simagic-p2000\/","title":{"rendered":"Loadcell 200KG POUR SIMAGIC P2000"},"content":{"rendered":"","protected":false},"excerpt":{"rendered":"<h3 style=\"text-align: left;\"><strong>Loadcell Simagic 200kg pour P2000<\/strong><\/h3>\n<p style=\"text-align: left;\">Cellule de charge 200kg.<\/p>\n<p style=\"text-align: left;\"><b>Possibilit\u00e9 de passer d'une pes\u00e9e d'origine de 100 kg \u00e0 une version de 200 kg.<\/b><\/p>\n<p style=\"text-align: left;\"><b><\/b>Compatibilit\u00e9 :<\/p>\n<ul>\n<li style=\"text-align: left;\">P\u00e9dales Simagic P2000<\/li>\n<\/ul>","protected":false},"featured_media":4257,"template":"","meta":{"_acf_changed":false},"product_brand":[334],"product_cat":[481],"product_tag":[340,335,341,336],"class_list":{"0":"post-4256","1":"product","2":"type-product","3":"status-publish","4":"has-post-thumbnail","6":"product_brand-simagic","7":"product_cat-sim-racing-accessories","8":"product_tag-pedal-accessories","9":"product_tag-sim-racing","10":"product_tag-sim-racing-accessories","11":"product_tag-simagic","13":"first","14":"instock","15":"taxable","16":"shipping-taxable","17":"purchasable","18":"product-type-simple"},"acf":[],"_links":{"self":[{"href":"https:\/\/www.noxgaming.ca\/fr\/wp-json\/wp\/v2\/product\/4256","targetHints":{"allow":["GET"]}}],"collection":[{"href":"https:\/\/www.noxgaming.ca\/fr\/wp-json\/wp\/v2\/product"}],"about":[{"href":"https:\/\/www.noxgaming.ca\/fr\/wp-json\/wp\/v2\/types\/product"}],"wp:featuredmedia":[{"embeddable":true,"href":"https:\/\/www.noxgaming.ca\/fr\/wp-json\/wp\/v2\/media\/4257"}],"wp:attachment":[{"href":"https:\/\/www.noxgaming.ca\/fr\/wp-json\/wp\/v2\/media?parent=4256"}],"wp:term":[{"taxonomy":"product_brand","embeddable":true,"href":"https:\/\/www.noxgaming.ca\/fr\/wp-json\/wp\/v2\/product_brand?post=4256"},{"taxonomy":"product_cat","embeddable":true,"href":"https:\/\/www.noxgaming.ca\/fr\/wp-json\/wp\/v2\/product_cat?post=4256"},{"taxonomy":"product_tag","embeddable":true,"href":"https:\/\/www.noxgaming.ca\/fr\/wp-json\/wp\/v2\/product_tag?post=4256"}],"curies":[{"name":"wp","href":"https:\/\/api.w.org\/{rel}","templated":true}]}}