{"id":4253,"date":"2024-05-27T18:05:08","date_gmt":"2024-05-27T22:05:08","guid":{"rendered":"https:\/\/www.noxgaming.ca\/product\/pedale-dembrayage-pour-simagic-p2000\/"},"modified":"2026-04-17T13:47:20","modified_gmt":"2026-04-17T17:47:20","slug":"pedale-dembrayage-pour-simagic-p2000","status":"publish","type":"product","link":"https:\/\/www.noxgaming.ca\/fr\/product\/pedale-dembrayage-pour-simagic-p2000\/","title":{"rendered":"P\u00c9DALE D'EMBRAYAGE POUR LES P\u00c9DALES SIMAGIC P2000"},"content":{"rendered":"","protected":false},"excerpt":{"rendered":"<h3 style=\"text-align: left;\"><strong>P\u00e9dale d'embrayage pour P2000<\/strong><\/h3>\n<p>&nbsp;<\/p>\n<p style=\"text-align: left;\">P\u00e9dale d'embrayage pour p\u00e9dalier P2000.<br \/>\nOption pour les p\u00e9dales P2000 2, pour ajouter l'embrayage \u00e0 ton p\u00e9dalier existant, ou pour remplacer l'embrayage d'origine.<\/p>\n<p style=\"text-align: left;\">","protected":false},"featured_media":4254,"template":"","meta":{"_acf_changed":false},"product_brand":[334],"product_cat":[477,481],"product_tag":[342,335,336],"class_list":{"0":"post-4253","1":"product","2":"type-product","3":"status-publish","4":"has-post-thumbnail","6":"product_brand-simagic","7":"product_cat-pedals-en","8":"product_cat-sim-racing-accessories","9":"product_tag-pedals","10":"product_tag-sim-racing","11":"product_tag-simagic","13":"first","14":"instock","15":"taxable","16":"shipping-taxable","17":"purchasable","18":"product-type-simple"},"acf":[],"_links":{"self":[{"href":"https:\/\/www.noxgaming.ca\/fr\/wp-json\/wp\/v2\/product\/4253","targetHints":{"allow":["GET"]}}],"collection":[{"href":"https:\/\/www.noxgaming.ca\/fr\/wp-json\/wp\/v2\/product"}],"about":[{"href":"https:\/\/www.noxgaming.ca\/fr\/wp-json\/wp\/v2\/types\/product"}],"wp:featuredmedia":[{"embeddable":true,"href":"https:\/\/www.noxgaming.ca\/fr\/wp-json\/wp\/v2\/media\/4254"}],"wp:attachment":[{"href":"https:\/\/www.noxgaming.ca\/fr\/wp-json\/wp\/v2\/media?parent=4253"}],"wp:term":[{"taxonomy":"product_brand","embeddable":true,"href":"https:\/\/www.noxgaming.ca\/fr\/wp-json\/wp\/v2\/product_brand?post=4253"},{"taxonomy":"product_cat","embeddable":true,"href":"https:\/\/www.noxgaming.ca\/fr\/wp-json\/wp\/v2\/product_cat?post=4253"},{"taxonomy":"product_tag","embeddable":true,"href":"https:\/\/www.noxgaming.ca\/fr\/wp-json\/wp\/v2\/product_tag?post=4253"}],"curies":[{"name":"wp","href":"https:\/\/api.w.org\/{rel}","templated":true}]}}