{"id":4246,"date":"2024-05-27T18:05:08","date_gmt":"2024-05-27T22:05:08","guid":{"rendered":"https:\/\/www.noxgaming.ca\/product\/butee-pedale-de-frein-pour-simagic-p2000\/"},"modified":"2026-04-17T13:47:20","modified_gmt":"2026-04-17T17:47:20","slug":"butee-pedale-de-frein-pour-simagic-p2000","status":"publish","type":"product","link":"https:\/\/www.noxgaming.ca\/fr\/product\/butee-pedale-de-frein-pour-simagic-p2000\/","title":{"rendered":"ARR\u00caT DE LA P\u00c9DALE DE FREIN POUR SIMAGIC P2000"},"content":{"rendered":"","protected":false},"excerpt":{"rendered":"<h3 style=\"text-align: left;\"><strong>But\u00e9e de p\u00e9dale de frein pour p\u00e9dalier Simagic P2000<\/strong><\/h3>\n<p>&nbsp;<\/p>\n<p style=\"text-align: left;\">But\u00e9e de p\u00e9dale de frein. \u00c0 monter sur la p\u00e9dale de frein P2000.<br \/>\n<b>Permet d'ajouter une but\u00e9e m\u00e9canique \u00e0 la p\u00e9dale.<\/b><\/p>\n<p>Aluminium usin\u00e9 CNC.<\/p>","protected":false},"featured_media":4248,"template":"","meta":{"_acf_changed":false},"product_brand":[334],"product_cat":[481],"product_tag":[340,335,341,336],"class_list":{"0":"post-4246","1":"product","2":"type-product","3":"status-publish","4":"has-post-thumbnail","6":"product_brand-simagic","7":"product_cat-sim-racing-accessories","8":"product_tag-pedal-accessories","9":"product_tag-sim-racing","10":"product_tag-sim-racing-accessories","11":"product_tag-simagic","13":"first","14":"instock","15":"taxable","16":"shipping-taxable","17":"purchasable","18":"product-type-simple"},"acf":[],"_links":{"self":[{"href":"https:\/\/www.noxgaming.ca\/fr\/wp-json\/wp\/v2\/product\/4246","targetHints":{"allow":["GET"]}}],"collection":[{"href":"https:\/\/www.noxgaming.ca\/fr\/wp-json\/wp\/v2\/product"}],"about":[{"href":"https:\/\/www.noxgaming.ca\/fr\/wp-json\/wp\/v2\/types\/product"}],"wp:featuredmedia":[{"embeddable":true,"href":"https:\/\/www.noxgaming.ca\/fr\/wp-json\/wp\/v2\/media\/4248"}],"wp:attachment":[{"href":"https:\/\/www.noxgaming.ca\/fr\/wp-json\/wp\/v2\/media?parent=4246"}],"wp:term":[{"taxonomy":"product_brand","embeddable":true,"href":"https:\/\/www.noxgaming.ca\/fr\/wp-json\/wp\/v2\/product_brand?post=4246"},{"taxonomy":"product_cat","embeddable":true,"href":"https:\/\/www.noxgaming.ca\/fr\/wp-json\/wp\/v2\/product_cat?post=4246"},{"taxonomy":"product_tag","embeddable":true,"href":"https:\/\/www.noxgaming.ca\/fr\/wp-json\/wp\/v2\/product_tag?post=4246"}],"curies":[{"name":"wp","href":"https:\/\/api.w.org\/{rel}","templated":true}]}}