{"id":4243,"date":"2024-05-27T18:05:08","date_gmt":"2024-05-27T22:05:08","guid":{"rendered":"https:\/\/www.noxgaming.ca\/product\/pedale-accelerateur-pour-p2000-version-longue\/"},"modified":"2026-04-17T13:47:19","modified_gmt":"2026-04-17T17:47:19","slug":"pedale-accelerateur-pour-p2000-version-longue","status":"publish","type":"product","link":"https:\/\/www.noxgaming.ca\/fr\/product\/pedale-accelerateur-pour-p2000-version-longue\/","title":{"rendered":"P\u00c9DALE D'ACC\u00c9L\u00c9RATEUR POUR P2000 VERSION LONGUE"},"content":{"rendered":"<p><br data-mce-bogus=\"1\"><\/p>","protected":false},"excerpt":{"rendered":"<h3 style=\"text-align: left;\"><strong>P\u00e9dale d'acc\u00e9l\u00e9rateur pour P2000 version longue<\/strong><\/h3>\n<p>&nbsp;<\/p>\n<p style=\"text-align: left;\">Plaque de p\u00e9dale d'acc\u00e9l\u00e9rateur en version longue.<br \/>\nOption pour le p\u00e9dalier P2000 pour remplacer l'original<b> aluminium<\/b> un.<\/p>","protected":false},"featured_media":4244,"template":"","meta":{"_acf_changed":false},"product_brand":[334],"product_cat":[481],"product_tag":[340,335,341,336],"class_list":{"0":"post-4243","1":"product","2":"type-product","3":"status-publish","4":"has-post-thumbnail","6":"product_brand-simagic","7":"product_cat-sim-racing-accessories","8":"product_tag-pedal-accessories","9":"product_tag-sim-racing","10":"product_tag-sim-racing-accessories","11":"product_tag-simagic","13":"first","14":"onbackorder","15":"taxable","16":"shipping-taxable","17":"purchasable","18":"product-type-simple"},"acf":[],"_links":{"self":[{"href":"https:\/\/www.noxgaming.ca\/fr\/wp-json\/wp\/v2\/product\/4243","targetHints":{"allow":["GET"]}}],"collection":[{"href":"https:\/\/www.noxgaming.ca\/fr\/wp-json\/wp\/v2\/product"}],"about":[{"href":"https:\/\/www.noxgaming.ca\/fr\/wp-json\/wp\/v2\/types\/product"}],"wp:featuredmedia":[{"embeddable":true,"href":"https:\/\/www.noxgaming.ca\/fr\/wp-json\/wp\/v2\/media\/4244"}],"wp:attachment":[{"href":"https:\/\/www.noxgaming.ca\/fr\/wp-json\/wp\/v2\/media?parent=4243"}],"wp:term":[{"taxonomy":"product_brand","embeddable":true,"href":"https:\/\/www.noxgaming.ca\/fr\/wp-json\/wp\/v2\/product_brand?post=4243"},{"taxonomy":"product_cat","embeddable":true,"href":"https:\/\/www.noxgaming.ca\/fr\/wp-json\/wp\/v2\/product_cat?post=4243"},{"taxonomy":"product_tag","embeddable":true,"href":"https:\/\/www.noxgaming.ca\/fr\/wp-json\/wp\/v2\/product_tag?post=4243"}],"curies":[{"name":"wp","href":"https:\/\/api.w.org\/{rel}","templated":true}]}}