{"id":4241,"date":"2024-05-27T18:05:09","date_gmt":"2024-05-27T22:05:09","guid":{"rendered":"https:\/\/www.noxgaming.ca\/product\/talonnette-pedalier-pour-simagic-p2000\/"},"modified":"2026-04-17T13:47:14","modified_gmt":"2026-04-17T17:47:14","slug":"talonnette-pedalier-pour-simagic-p2000","status":"publish","type":"product","link":"https:\/\/www.noxgaming.ca\/fr\/product\/talonnette-pedalier-pour-simagic-p2000\/","title":{"rendered":"P\u00c9DALIER POUR SIMAGIC P2000"},"content":{"rendered":"<p><br data-mce-bogus=\"1\"><\/p>","protected":false},"excerpt":{"rendered":"<h3 style=\"text-align: left;\"><strong>Talon pour p\u00e9dalier P2000<\/strong><\/h3>\n<p style=\"text-align: left;\">Talon pour p\u00e9dalier Simagic P2000 (compatible avec les versions 2 ou 3 p\u00e9dales)<br \/>\n<b>Pi\u00e8ce usin\u00e9e CNC en aluminium anodis\u00e9.<br \/>\n<\/b> Vis et boulons<b>Talonni\u00e8re pour P2000 en aluminium usin\u00e9 CNC. Compatible avec P2000 2, ou 3 p\u00e9dales.<\/b><\/p>","protected":false},"featured_media":4242,"template":"","meta":{"_acf_changed":false},"product_brand":[334],"product_cat":[481],"product_tag":[340,335,341,336],"class_list":{"0":"post-4241","1":"product","2":"type-product","3":"status-publish","4":"has-post-thumbnail","6":"product_brand-simagic","7":"product_cat-sim-racing-accessories","8":"product_tag-pedal-accessories","9":"product_tag-sim-racing","10":"product_tag-sim-racing-accessories","11":"product_tag-simagic","13":"first","14":"instock","15":"taxable","16":"shipping-taxable","17":"purchasable","18":"product-type-simple"},"acf":[],"_links":{"self":[{"href":"https:\/\/www.noxgaming.ca\/fr\/wp-json\/wp\/v2\/product\/4241","targetHints":{"allow":["GET"]}}],"collection":[{"href":"https:\/\/www.noxgaming.ca\/fr\/wp-json\/wp\/v2\/product"}],"about":[{"href":"https:\/\/www.noxgaming.ca\/fr\/wp-json\/wp\/v2\/types\/product"}],"wp:featuredmedia":[{"embeddable":true,"href":"https:\/\/www.noxgaming.ca\/fr\/wp-json\/wp\/v2\/media\/4242"}],"wp:attachment":[{"href":"https:\/\/www.noxgaming.ca\/fr\/wp-json\/wp\/v2\/media?parent=4241"}],"wp:term":[{"taxonomy":"product_brand","embeddable":true,"href":"https:\/\/www.noxgaming.ca\/fr\/wp-json\/wp\/v2\/product_brand?post=4241"},{"taxonomy":"product_cat","embeddable":true,"href":"https:\/\/www.noxgaming.ca\/fr\/wp-json\/wp\/v2\/product_cat?post=4241"},{"taxonomy":"product_tag","embeddable":true,"href":"https:\/\/www.noxgaming.ca\/fr\/wp-json\/wp\/v2\/product_tag?post=4241"}],"curies":[{"name":"wp","href":"https:\/\/api.w.org\/{rel}","templated":true}]}}