{"id":4238,"date":"2024-05-27T18:05:05","date_gmt":"2024-05-27T22:05:05","guid":{"rendered":"https:\/\/www.noxgaming.ca\/product\/simagic-gts-leather-steering-wheel\/"},"modified":"2026-04-17T13:47:43","modified_gmt":"2026-04-17T17:47:43","slug":"simagic-gts-leather-steering-wheel","status":"publish","type":"product","link":"https:\/\/www.noxgaming.ca\/fr\/product\/simagic-gts-leather-steering-wheel\/","title":{"rendered":"Volant en cuir SIMAGIC GTS"},"content":{"rendered":"<p>Ce volant GTS, avec son diam\u00e8tre de 300 mm, est id\u00e9al pour le Rallye, le Drift et le GT. Toutes les fonctions n\u00e9cessaires \u00e0 port\u00e9e de main (joystick, encodeur, bouton) et ses LED RPM font du GTS un volant vraiment complet pour ton simulateur !<\/p>\n<p>Compatible avec toutes les bases Simagic, il est \u00e9quip\u00e9 de l'attache rapide de l'\u00e9cosyst\u00e8me Simagic similaire \u00e0 ce que l'on trouve dans le monde de la comp\u00e9tition. Ce volant fonctionne sans fil gr\u00e2ce au syst\u00e8me radio de l'\u00e9cosyst\u00e8me Simagic.<\/p>\n<p>Caract\u00e9ristiques :<\/p>\n<p>300 mm de diam\u00e8tre, 1,45 kg<br \/>\n7 boutons RVB configurables<br \/>\nManettes magn\u00e9tiques r\u00e9glables (aluminium\/carbone)<br \/>\nBo\u00eetier en aluminium usin\u00e9 CNC<br \/>\n9 diodes configurables pour la vitesse de rotation<br \/>\n2 encodeurs rotatifs<br \/>\n2 joysticks \u00e0 7 fonctions<br \/>\nSyst\u00e8me de fixation rapide (changement rapide du volant)<br \/>\nConnexion sans fil et USB<\/p>","protected":false},"excerpt":{"rendered":"<p>This GTS steering wheel, with its 300mm diameter, is ideal for Rally, Drift and GT. All the necessary functions at your fingertips (joystick, encoder, button) and its RPM LEDs make the GTS a truly complete steering wheel for your simulator! Compatible with all Simagic bases, it is equipped with the quick release of the Simagic [&hellip;]<\/p>\n","protected":false},"featured_media":430393,"template":"","meta":{"_acf_changed":false},"product_brand":[334],"product_cat":[490],"product_tag":[],"class_list":{"0":"post-4238","1":"product","2":"type-product","3":"status-publish","4":"has-post-thumbnail","6":"product_brand-simagic","7":"product_cat-wheels-en","9":"first","10":"instock","11":"taxable","12":"shipping-taxable","13":"product-type-simple"},"acf":[],"_links":{"self":[{"href":"https:\/\/www.noxgaming.ca\/fr\/wp-json\/wp\/v2\/product\/4238","targetHints":{"allow":["GET"]}}],"collection":[{"href":"https:\/\/www.noxgaming.ca\/fr\/wp-json\/wp\/v2\/product"}],"about":[{"href":"https:\/\/www.noxgaming.ca\/fr\/wp-json\/wp\/v2\/types\/product"}],"wp:featuredmedia":[{"embeddable":true,"href":"https:\/\/www.noxgaming.ca\/fr\/wp-json\/wp\/v2\/media\/430393"}],"wp:attachment":[{"href":"https:\/\/www.noxgaming.ca\/fr\/wp-json\/wp\/v2\/media?parent=4238"}],"wp:term":[{"taxonomy":"product_brand","embeddable":true,"href":"https:\/\/www.noxgaming.ca\/fr\/wp-json\/wp\/v2\/product_brand?post=4238"},{"taxonomy":"product_cat","embeddable":true,"href":"https:\/\/www.noxgaming.ca\/fr\/wp-json\/wp\/v2\/product_cat?post=4238"},{"taxonomy":"product_tag","embeddable":true,"href":"https:\/\/www.noxgaming.ca\/fr\/wp-json\/wp\/v2\/product_tag?post=4238"}],"curies":[{"name":"wp","href":"https:\/\/api.w.org\/{rel}","templated":true}]}}