{"id":4236,"date":"2024-05-27T18:05:06","date_gmt":"2024-05-27T22:05:06","guid":{"rendered":"https:\/\/www.noxgaming.ca\/product\/volant-simagic-gts-alcantara\/"},"modified":"2026-04-18T20:02:17","modified_gmt":"2026-04-19T00:02:17","slug":"volant-simagic-gts-alcantara","status":"publish","type":"product","link":"https:\/\/www.noxgaming.ca\/fr\/product\/volant-simagic-gts-alcantara\/","title":{"rendered":"VOLANT SIMAGIC GTS"},"content":{"rendered":"<p>Ce nouveau volant GTS, avec son diam\u00e8tre de 300 mm, est id\u00e9al pour le rallye, le Drift et le GT. Toutes les fonctions dont tu as besoin sont \u00e0 port\u00e9e de main (joystick, encodeur, molette), et ses LED RPM font du GTS un volant vraiment complet pour ton simulateur !<\/p>\n<p>Compatible avec toutes les bases Simagic, il est dot\u00e9 de l'attache rapide de l'\u00e9cosyst\u00e8me Simagic similaire \u00e0 celle que l'on trouve dans le monde de la course automobile. Ce volant fonctionne sans fil gr\u00e2ce au syst\u00e8me radio de l'\u00e9cosyst\u00e8me Simagic.<\/p>\n<p><b>Caract\u00e9ristiques :<\/b><\/p>\n<ul>\n<li>300 mm de diam\u00e8tre, 1,45 kg<\/li>\n<li>7 boutons RVB personnalisables<\/li>\n<li>Manettes magn\u00e9tiques r\u00e9glables (aluminium\/carbone)<\/li>\n<li>Bo\u00eetier en aluminium usin\u00e9 CNC<\/li>\n<li>9 LED de r\u00e9glage du nombre de tours par minute<\/li>\n<li>2 encodeurs rotatifs<\/li>\n<li>2 joysticks \u00e0 7 fonctions<\/li>\n<li>Syst\u00e8me de fixation rapide (changement rapide du volant)<\/li>\n<li>Connexion sans fil et USB<\/li>\n<\/ul>","protected":false},"excerpt":{"rendered":"<p>This new GTS steering wheel, with its 300mm diameter, is ideal for rally, Drift and GT. All the functions you need are at your fingertips (joystick, encoder, knob), and its RPM LEDs make the GTS a truly complete steering wheel for your simulator! Compatible with all Simagic bases, it features the Simagic ecosystem quick release [&hellip;]<\/p>\n","protected":false},"featured_media":4237,"template":"","meta":{"_acf_changed":false},"product_brand":[334],"product_cat":[490],"product_tag":[335,336,337],"class_list":{"0":"post-4236","1":"product","2":"type-product","3":"status-publish","4":"has-post-thumbnail","6":"product_brand-simagic","7":"product_cat-wheels-en","8":"product_tag-sim-racing","9":"product_tag-simagic","10":"product_tag-steering-wheels","11":"pa_gts-gts-alcantara","12":"pa_gts-gts-leather","14":"first","15":"instock","16":"taxable","17":"shipping-taxable","18":"purchasable","19":"product-type-variable"},"acf":[],"_links":{"self":[{"href":"https:\/\/www.noxgaming.ca\/fr\/wp-json\/wp\/v2\/product\/4236","targetHints":{"allow":["GET"]}}],"collection":[{"href":"https:\/\/www.noxgaming.ca\/fr\/wp-json\/wp\/v2\/product"}],"about":[{"href":"https:\/\/www.noxgaming.ca\/fr\/wp-json\/wp\/v2\/types\/product"}],"wp:featuredmedia":[{"embeddable":true,"href":"https:\/\/www.noxgaming.ca\/fr\/wp-json\/wp\/v2\/media\/4237"}],"wp:attachment":[{"href":"https:\/\/www.noxgaming.ca\/fr\/wp-json\/wp\/v2\/media?parent=4236"}],"wp:term":[{"taxonomy":"product_brand","embeddable":true,"href":"https:\/\/www.noxgaming.ca\/fr\/wp-json\/wp\/v2\/product_brand?post=4236"},{"taxonomy":"product_cat","embeddable":true,"href":"https:\/\/www.noxgaming.ca\/fr\/wp-json\/wp\/v2\/product_cat?post=4236"},{"taxonomy":"product_tag","embeddable":true,"href":"https:\/\/www.noxgaming.ca\/fr\/wp-json\/wp\/v2\/product_tag?post=4236"}],"curies":[{"name":"wp","href":"https:\/\/api.w.org\/{rel}","templated":true}]}}