{"id":4233,"date":"2024-05-27T18:05:06","date_gmt":"2024-05-27T22:05:06","guid":{"rendered":"https:\/\/www.noxgaming.ca\/product\/volant-simagic-gtc-c-cuir\/"},"modified":"2026-04-17T13:47:37","modified_gmt":"2026-04-17T17:47:37","slug":"volant-simagic-gtc-c-cuir","status":"publish","type":"product","link":"https:\/\/www.noxgaming.ca\/fr\/product\/volant-simagic-gtc-c-cuir\/","title":{"rendered":"SIMAGIC GTC-C VOLANT EN CUIR"},"content":{"rendered":"<p>Pour une exp\u00e9rience de course GT ultime, le volant GTC est fabriqu\u00e9 en aluminium anodis\u00e9 CNC, associ\u00e9 \u00e0 des poign\u00e9es en cuir.<br \/>\nLe moyeu est fabriqu\u00e9 en fibre de carbone et en aluminium usin\u00e9 par commande num\u00e9rique.<br \/>\nL'ensemble de la structure est solide, durable et inflexible, n'offrant aucun compromis lorsqu'il s'agit d'\u00eatre plus rapide.<br \/>\n<b><\/b><\/p>\n<p>Sp\u00e9cifications :<\/p>\n<ul>\n<li>Diam\u00e8tre : <b>325 mm<\/b><\/li>\n<li>Roue en aluminium CNC, poids 1850g<\/li>\n<li><b>Poign\u00e9es en cuir<br \/>\n<\/b><\/li>\n<li>Affichage LED du r\u00e9gime moteur<\/li>\n<li>8 boutons RVB personnalisables<\/li>\n<li>2 encodeurs \u00e0 molette sur les c\u00f4t\u00e9s pour un acc\u00e8s facile.<\/li>\n<li>2 encodeurs ABS \/ TC RGB<\/li>\n<li>2 encodeurs rotatifs \u00e0 l'avant<\/li>\n<li>Couleurs RVB et luminosit\u00e9 configurables \u00e0 partir du logiciel SimPro Manager<\/li>\n<li>Palettes magn\u00e9tiques<\/li>\n<li>Double embrayage (configurable)<\/li>\n<li>Entraxe standard du volant d'inertie 70 mm<\/li>\n<li>Des autocollants pour personnaliser ton volant<\/li>\n<\/ul>","protected":false},"excerpt":{"rendered":"<p>For the ultimate GT racing experience, the GTC wheel is made of CNC-anodized aluminum, combined with leather grips. The hub is made of carbon fiber and CNC-machined aluminum. The entire structure is strong, durable and flex-free, offering no compromise when it comes to being faster. Specifications : Diameter: 325mm CNC aluminum wheel, weight 1850g Leather [&hellip;]<\/p>\n","protected":false},"featured_media":4234,"template":"","meta":{"_acf_changed":false},"product_brand":[334],"product_cat":[490],"product_tag":[335,336,337],"class_list":{"0":"post-4233","1":"product","2":"type-product","3":"status-publish","4":"has-post-thumbnail","6":"product_brand-simagic","7":"product_cat-wheels-en","8":"product_tag-sim-racing","9":"product_tag-simagic","10":"product_tag-steering-wheels","12":"first","13":"instock","14":"taxable","15":"shipping-taxable","16":"product-type-simple"},"acf":[],"_links":{"self":[{"href":"https:\/\/www.noxgaming.ca\/fr\/wp-json\/wp\/v2\/product\/4233","targetHints":{"allow":["GET"]}}],"collection":[{"href":"https:\/\/www.noxgaming.ca\/fr\/wp-json\/wp\/v2\/product"}],"about":[{"href":"https:\/\/www.noxgaming.ca\/fr\/wp-json\/wp\/v2\/types\/product"}],"wp:featuredmedia":[{"embeddable":true,"href":"https:\/\/www.noxgaming.ca\/fr\/wp-json\/wp\/v2\/media\/4234"}],"wp:attachment":[{"href":"https:\/\/www.noxgaming.ca\/fr\/wp-json\/wp\/v2\/media?parent=4233"}],"wp:term":[{"taxonomy":"product_brand","embeddable":true,"href":"https:\/\/www.noxgaming.ca\/fr\/wp-json\/wp\/v2\/product_brand?post=4233"},{"taxonomy":"product_cat","embeddable":true,"href":"https:\/\/www.noxgaming.ca\/fr\/wp-json\/wp\/v2\/product_cat?post=4233"},{"taxonomy":"product_tag","embeddable":true,"href":"https:\/\/www.noxgaming.ca\/fr\/wp-json\/wp\/v2\/product_tag?post=4233"}],"curies":[{"name":"wp","href":"https:\/\/api.w.org\/{rel}","templated":true}]}}