{"id":4226,"date":"2024-05-27T18:05:05","date_gmt":"2024-05-27T22:05:05","guid":{"rendered":"https:\/\/www.noxgaming.ca\/product\/simagic-gt4-c\/"},"modified":"2026-04-17T13:48:06","modified_gmt":"2026-04-17T17:48:06","slug":"simagic-gt4-c","status":"publish","type":"product","link":"https:\/\/www.noxgaming.ca\/fr\/product\/simagic-gt4-c\/","title":{"rendered":"VOLANT SIMAGIC GT4-C"},"content":{"rendered":"<p>Le volant Simagic GT4-C, avec 4 palettes, est id\u00e9al pour les courses de voitures monoplaces, GT et de tourisme.<b><\/b><\/p>\n<p>Caract\u00e9ristiques :<\/p>\n<ul>\n<li>Diam\u00e8tre <b>310mm.<\/b><\/li>\n<li>Cadre en aluminium CNC et plaque de carbone.<\/li>\n<li>Structure l\u00e9g\u00e8re : 1300g. La r\u00e9duction de la masse en mouvement permet de mieux sentir les d\u00e9tails de la route.<\/li>\n<li>Les poign\u00e9es ergonomiques en silicone avec un rev\u00eatement sp\u00e9cial antid\u00e9rapant et r\u00e9sistant \u00e0 la transpiration garantissent le confort, la durabilit\u00e9 et surtout le contr\u00f4le.<\/li>\n<li>4 palettes, manettes magn\u00e9tiques + double embrayage.<\/li>\n<li>8 boutons RVB personnalisables, 2 manettes de pouce, 2 boutons encodeurs rotatifs.<\/li>\n<\/ul>","protected":false},"excerpt":{"rendered":"<p>The Simagic GT4-C steering wheel, with 4 paddles, is ideal for single-seater, GT and Touring Car racing. Features : Diameter 310mm. CNC aluminum frame and carbon plate. Lightweight structure: 1300g. Reduced mass in motion means better feel for road details. Ergonomic silicone handles with a special non-slip, perspiration-resistant coating ensure comfort, durability and, above all, [&hellip;]<\/p>\n","protected":false},"featured_media":4227,"template":"","meta":{"_acf_changed":false},"product_brand":[334],"product_cat":[490],"product_tag":[335,336,337],"class_list":{"0":"post-4226","1":"product","2":"type-product","3":"status-publish","4":"has-post-thumbnail","6":"product_brand-simagic","7":"product_cat-wheels-en","8":"product_tag-sim-racing","9":"product_tag-simagic","10":"product_tag-steering-wheels","12":"first","13":"onbackorder","14":"taxable","15":"shipping-taxable","16":"purchasable","17":"product-type-simple"},"acf":[],"_links":{"self":[{"href":"https:\/\/www.noxgaming.ca\/fr\/wp-json\/wp\/v2\/product\/4226","targetHints":{"allow":["GET"]}}],"collection":[{"href":"https:\/\/www.noxgaming.ca\/fr\/wp-json\/wp\/v2\/product"}],"about":[{"href":"https:\/\/www.noxgaming.ca\/fr\/wp-json\/wp\/v2\/types\/product"}],"wp:featuredmedia":[{"embeddable":true,"href":"https:\/\/www.noxgaming.ca\/fr\/wp-json\/wp\/v2\/media\/4227"}],"wp:attachment":[{"href":"https:\/\/www.noxgaming.ca\/fr\/wp-json\/wp\/v2\/media?parent=4226"}],"wp:term":[{"taxonomy":"product_brand","embeddable":true,"href":"https:\/\/www.noxgaming.ca\/fr\/wp-json\/wp\/v2\/product_brand?post=4226"},{"taxonomy":"product_cat","embeddable":true,"href":"https:\/\/www.noxgaming.ca\/fr\/wp-json\/wp\/v2\/product_cat?post=4226"},{"taxonomy":"product_tag","embeddable":true,"href":"https:\/\/www.noxgaming.ca\/fr\/wp-json\/wp\/v2\/product_tag?post=4226"}],"curies":[{"name":"wp","href":"https:\/\/api.w.org\/{rel}","templated":true}]}}