{"id":4224,"date":"2024-05-27T18:05:09","date_gmt":"2024-05-27T22:05:09","guid":{"rendered":"https:\/\/www.noxgaming.ca\/product\/simagic-fx\/"},"modified":"2026-04-17T13:47:16","modified_gmt":"2026-04-17T17:47:16","slug":"simagic-fx","status":"publish","type":"product","link":"https:\/\/www.noxgaming.ca\/fr\/product\/simagic-fx\/","title":{"rendered":"VOLANT SIMAGIC FX"},"content":{"rendered":"<p><b>Le volant Formula Xtreme est un volant monoplace \/ prototype haut de gamme !<\/b><br \/>\nD\u00e9velopp\u00e9 pendant plus de 2 ans en collaboration avec des pilotes et des ing\u00e9nieurs par Simagic, c'est un bijou !<br \/>\nConstruction en carbone ultra-l\u00e9g\u00e8re, module \u00e0 4 palettes (double embrayage), boutons r\u00e9tro\u00e9clair\u00e9s, 4 boutons * Thumb Rotary*, il r\u00e9unit toutes les fonctions n\u00e9cessaires au conducteur pour les voitures les plus exigeantes de nos simulateurs.<\/p>\n<p>Caract\u00e9ristiques :<\/p>\n<ul>\n<li>Diam\u00e8tre <b>290 mm<\/b><\/li>\n<li>Bo\u00eetier en fibre de carbone <b>(Poids 1,5 kg)<\/b><\/li>\n<li>Poign\u00e9es en silicone antid\u00e9rapantes<\/li>\n<li>DEL RVB configurables<\/li>\n<li>12 touches r\u00e9tro\u00e9clair\u00e9es configurables <b>(flash mod)<\/b><\/li>\n<li>3 encodeurs rotatifs<\/li>\n<li>1 joystick \u00e0 7 fonctions<\/li>\n<li>Module en aluminium \u00e0 4 palettes (2 s\u00e9lecteurs magn\u00e9tiques, double embrayage)<\/li>\n<li>Autocollants pour personnaliser la configuration de tes boutons<\/li>\n<\/ul>\n<div class=\"et_pb_column et_pb_column_1_3 et_pb_column_3 et_pb_css_mix_blend_mode_passthrough\"><\/div>","protected":false},"excerpt":{"rendered":"<p>The Formula Xtreme steering wheel is a top-of-the-range single-seater \/ prototype steering wheel! Developed over more than 2 years in collaboration with pilots and engineers by Simagic, it&#8217;s a jewel! Ultra-light carbon construction, 4-paddle (dual clutch) module, backlit buttons, 4 * Thumb Rotary* buttons, it combines all the functions required by the driver for the [&hellip;]<\/p>\n","protected":false},"featured_media":4225,"template":"","meta":{"_acf_changed":false},"product_brand":[334],"product_cat":[490],"product_tag":[335,336,337],"class_list":{"0":"post-4224","1":"product","2":"type-product","3":"status-publish","4":"has-post-thumbnail","6":"product_brand-simagic","7":"product_cat-wheels-en","8":"product_tag-sim-racing","9":"product_tag-simagic","10":"product_tag-steering-wheels","12":"first","13":"instock","14":"taxable","15":"shipping-taxable","16":"purchasable","17":"product-type-simple"},"acf":[],"_links":{"self":[{"href":"https:\/\/www.noxgaming.ca\/fr\/wp-json\/wp\/v2\/product\/4224","targetHints":{"allow":["GET"]}}],"collection":[{"href":"https:\/\/www.noxgaming.ca\/fr\/wp-json\/wp\/v2\/product"}],"about":[{"href":"https:\/\/www.noxgaming.ca\/fr\/wp-json\/wp\/v2\/types\/product"}],"wp:featuredmedia":[{"embeddable":true,"href":"https:\/\/www.noxgaming.ca\/fr\/wp-json\/wp\/v2\/media\/4225"}],"wp:attachment":[{"href":"https:\/\/www.noxgaming.ca\/fr\/wp-json\/wp\/v2\/media?parent=4224"}],"wp:term":[{"taxonomy":"product_brand","embeddable":true,"href":"https:\/\/www.noxgaming.ca\/fr\/wp-json\/wp\/v2\/product_brand?post=4224"},{"taxonomy":"product_cat","embeddable":true,"href":"https:\/\/www.noxgaming.ca\/fr\/wp-json\/wp\/v2\/product_cat?post=4224"},{"taxonomy":"product_tag","embeddable":true,"href":"https:\/\/www.noxgaming.ca\/fr\/wp-json\/wp\/v2\/product_tag?post=4224"}],"curies":[{"name":"wp","href":"https:\/\/api.w.org\/{rel}","templated":true}]}}