{"id":4219,"date":"2024-05-27T18:01:58","date_gmt":"2024-05-27T22:01:58","guid":{"rendered":"https:\/\/www.noxgaming.ca\/product\/volant-simagic-gt-neo\/"},"modified":"2026-04-17T13:49:44","modified_gmt":"2026-04-17T17:49:44","slug":"volant-simagic-gt-neo","status":"publish","type":"product","link":"https:\/\/www.noxgaming.ca\/fr\/product\/volant-simagic-gt-neo\/","title":{"rendered":"VOLANT SIMAGIC GT NEO"},"content":{"rendered":"<h4>Construction ultra-l\u00e9g\u00e8re en composite de carbone, module de 4 pagaies, boutons r\u00e9tro\u00e9clair\u00e9s, il poss\u00e8de toutes les fonctions dont tu as besoin.<b><\/b><\/h4>\n<p>Caract\u00e9ristiques :<\/p>\n<ul>\n<li>Diam\u00e8tre <b>300 mm<\/b><\/li>\n<li>Bo\u00eetier en fibre de carbone<\/li>\n<li>Poign\u00e9e en silicone, conception ergonomique<\/li>\n<li><b>Module en aluminium \u00e0 4 palettes (2 s\u00e9lecteurs magn\u00e9tiques, double embrayage)<\/b><\/li>\n<li>DEL RVB configurables<\/li>\n<li>10 touches r\u00e9tro\u00e9clair\u00e9es configurables <b>(flash mod)<\/b><\/li>\n<li>2 encodeurs \u00e0 molette<\/li>\n<li><b>4 encodeurs rotatifs<\/b><\/li>\n<li>Autocollants pour personnaliser la configuration de tes boutons<\/li>\n<\/ul>","protected":false},"excerpt":{"rendered":"<p>Ultra-lightweight carbon composite construction, 4-paddle module, backlit buttons, it has all the functions you need. Features : Diameter 300 mm Carbon fiber case Silicone handle, ergonomic design 4-vane aluminum module (2 magnetic shifters, Dual clutch) Configurable RGB LEDs 10 configurable backlit buttons (flash mod) 2 thumbwheel encoders 4 rotary encoders Stickers to customize your button [&hellip;]<\/p>\n","protected":false},"featured_media":4220,"template":"","meta":{"_acf_changed":false},"product_brand":[334],"product_cat":[490],"product_tag":[335,336,337],"class_list":{"0":"post-4219","1":"product","2":"type-product","3":"status-publish","4":"has-post-thumbnail","6":"product_brand-simagic","7":"product_cat-wheels-en","8":"product_tag-sim-racing","9":"product_tag-simagic","10":"product_tag-steering-wheels","12":"first","13":"onbackorder","14":"taxable","15":"shipping-taxable","16":"purchasable","17":"product-type-simple"},"acf":[],"_links":{"self":[{"href":"https:\/\/www.noxgaming.ca\/fr\/wp-json\/wp\/v2\/product\/4219","targetHints":{"allow":["GET"]}}],"collection":[{"href":"https:\/\/www.noxgaming.ca\/fr\/wp-json\/wp\/v2\/product"}],"about":[{"href":"https:\/\/www.noxgaming.ca\/fr\/wp-json\/wp\/v2\/types\/product"}],"wp:featuredmedia":[{"embeddable":true,"href":"https:\/\/www.noxgaming.ca\/fr\/wp-json\/wp\/v2\/media\/4220"}],"wp:attachment":[{"href":"https:\/\/www.noxgaming.ca\/fr\/wp-json\/wp\/v2\/media?parent=4219"}],"wp:term":[{"taxonomy":"product_brand","embeddable":true,"href":"https:\/\/www.noxgaming.ca\/fr\/wp-json\/wp\/v2\/product_brand?post=4219"},{"taxonomy":"product_cat","embeddable":true,"href":"https:\/\/www.noxgaming.ca\/fr\/wp-json\/wp\/v2\/product_cat?post=4219"},{"taxonomy":"product_tag","embeddable":true,"href":"https:\/\/www.noxgaming.ca\/fr\/wp-json\/wp\/v2\/product_tag?post=4219"}],"curies":[{"name":"wp","href":"https:\/\/api.w.org\/{rel}","templated":true}]}}