{"id":4180,"date":"2023-11-15T21:53:40","date_gmt":"2023-11-16T02:53:40","guid":{"rendered":"https:\/\/www.noxgaming.ca\/product\/alanwakeii-wakewarrior-i7-12700kf-32gb-ram-rx-7800-xt-16gb\/"},"modified":"2026-04-17T13:50:40","modified_gmt":"2026-04-17T17:50:40","slug":"alanwakeii-wakewarrior-i7-12700kf-32gb-ram-rx-7800-xt-16gb","status":"publish","type":"product","link":"https:\/\/www.noxgaming.ca\/fr\/product\/alanwakeii-wakewarrior-i7-12700kf-32gb-ram-rx-7800-xt-16gb\/","title":{"rendered":"*ALAN WAKE II* WakeWarrior - (i7-12700KF - 32GB RAM - RX 7800 XT 16GB)"},"content":{"rendered":"","protected":false},"excerpt":{"rendered":"<p>**ALAN WAKE II PROMOTION<br \/>Promotion starts November 24. Pre-orders are open! Order yours now!<\/p>\n<p>GARANTIE DE 3 ANS<\/p>\n<p>Enjoy this war machine that will leave no one indifferent! With this asset at your side, you&#8217;ll be able to destroy anything that moves and beat the game with a snap of your fingers!<\/p>\n<p>Excellent machine for playing in 1080P and 2K at hundreds of FPS!<\/p>\n<p>Machines are fully assembled, configured and ready to play:<br \/>\u2705 Windows installed new and up to date<br \/>\u2705 Windows activ\u00e9 l\u00e9galement<br \/>\u2705 Pilotes install\u00e9s et \u00e0 jour<br \/>\u2705 Antivirus install\u00e9<br \/>\u2705 Test\u00e9 et mis \u00e0 l'\u00e9preuve du stress<br \/>\u2705 Soutien \u00e0 distance<\/p>\n<p>Processor (CPU) :<br \/>Intel i7-12700KF (12 cores, Max Turbo 5.00 GHz)<\/p>\n<p>Carte graphique (GPU) :<br \/>AMD Radeon RX 7800 XT 16GB<\/p>\n<p>Power supply unit (PSU) :<br \/>750W PSU 80+ Gold<\/p>\n<p>Memory (RAM)<br \/>32GB DDR4 3200MHz RAM<\/p>\n<p>Cooling :<br \/>Air Cooling Double Radiator<br \/>7X Fans RGB Controllable<\/p>\n<p>Storage :<br \/>1TB NVMe PCIe 4.0 3500MB\/s<\/p>\n<p>Accessories :<br \/>Red extension<br \/>Black horizontal RGB bracket<\/p>\n<p>Case :<br \/>Vetroo K1 Pangolin (Cougar Conquer style)<\/p>\n<p>Operating system :<br \/>Windows 11 Home<\/p>\n<p>Wifi :<br \/>Wifi 6 + BT<\/p>\n<p>Garantie :<br \/>Garantie standard de 3 ans de NOX Gaming<\/p>\n<p>**ALAN WAKE II PROMOTION**<br \/>Get the long-awaited Alan Wake 2 game with the purchase of this PC.<br \/>Promotion ends December 5, 2023<\/p>","protected":false},"featured_media":4181,"template":"","meta":{"_acf_changed":false},"product_brand":[313],"product_cat":[455],"product_tag":[317],"class_list":{"0":"post-4180","1":"product","2":"type-product","3":"status-publish","4":"has-post-thumbnail","6":"product_brand-nox-gaming","7":"product_cat-gaming-pc","8":"product_tag-nox-gaming","10":"first","11":"outofstock","12":"sale","13":"taxable","14":"shipping-taxable","15":"purchasable","16":"product-type-simple"},"acf":[],"_links":{"self":[{"href":"https:\/\/www.noxgaming.ca\/fr\/wp-json\/wp\/v2\/product\/4180","targetHints":{"allow":["GET"]}}],"collection":[{"href":"https:\/\/www.noxgaming.ca\/fr\/wp-json\/wp\/v2\/product"}],"about":[{"href":"https:\/\/www.noxgaming.ca\/fr\/wp-json\/wp\/v2\/types\/product"}],"wp:featuredmedia":[{"embeddable":true,"href":"https:\/\/www.noxgaming.ca\/fr\/wp-json\/wp\/v2\/media\/4181"}],"wp:attachment":[{"href":"https:\/\/www.noxgaming.ca\/fr\/wp-json\/wp\/v2\/media?parent=4180"}],"wp:term":[{"taxonomy":"product_brand","embeddable":true,"href":"https:\/\/www.noxgaming.ca\/fr\/wp-json\/wp\/v2\/product_brand?post=4180"},{"taxonomy":"product_cat","embeddable":true,"href":"https:\/\/www.noxgaming.ca\/fr\/wp-json\/wp\/v2\/product_cat?post=4180"},{"taxonomy":"product_tag","embeddable":true,"href":"https:\/\/www.noxgaming.ca\/fr\/wp-json\/wp\/v2\/product_tag?post=4180"}],"curies":[{"name":"wp","href":"https:\/\/api.w.org\/{rel}","templated":true}]}}