{"id":4155,"date":"2023-02-08T08:53:12","date_gmt":"2023-02-08T13:53:12","guid":{"rendered":"https:\/\/www.noxgaming.ca\/product\/long-sleeve-shirt\/"},"modified":"2026-04-17T13:50:57","modified_gmt":"2026-04-17T17:50:57","slug":"long-sleeve-shirt","status":"publish","type":"product","link":"https:\/\/www.noxgaming.ca\/fr\/product\/long-sleeve-shirt\/","title":{"rendered":"Chandail \u00e0 manches longues NOX Gaming"},"content":{"rendered":"","protected":false},"excerpt":{"rendered":"<p>Un pull basique \u00e0 manches longues de texture moyenne, confortable et esth\u00e9tique.<\/p>","protected":false},"featured_media":4156,"template":"","meta":{"_acf_changed":false},"product_brand":[313],"product_cat":[454],"product_tag":[330,317,331,323],"class_list":{"0":"post-4155","1":"product","2":"type-product","3":"status-publish","4":"has-post-thumbnail","6":"product_brand-nox-gaming","7":"product_cat-merchandise","8":"product_tag-daily-nox-collection","9":"product_tag-nox-gaming","10":"product_tag-nox-merchandise","11":"product_tag-shop","13":"first","14":"instock","15":"taxable","16":"shipping-taxable","17":"purchasable","18":"product-type-simple"},"acf":[],"_links":{"self":[{"href":"https:\/\/www.noxgaming.ca\/fr\/wp-json\/wp\/v2\/product\/4155","targetHints":{"allow":["GET"]}}],"collection":[{"href":"https:\/\/www.noxgaming.ca\/fr\/wp-json\/wp\/v2\/product"}],"about":[{"href":"https:\/\/www.noxgaming.ca\/fr\/wp-json\/wp\/v2\/types\/product"}],"wp:featuredmedia":[{"embeddable":true,"href":"https:\/\/www.noxgaming.ca\/fr\/wp-json\/wp\/v2\/media\/4156"}],"wp:attachment":[{"href":"https:\/\/www.noxgaming.ca\/fr\/wp-json\/wp\/v2\/media?parent=4155"}],"wp:term":[{"taxonomy":"product_brand","embeddable":true,"href":"https:\/\/www.noxgaming.ca\/fr\/wp-json\/wp\/v2\/product_brand?post=4155"},{"taxonomy":"product_cat","embeddable":true,"href":"https:\/\/www.noxgaming.ca\/fr\/wp-json\/wp\/v2\/product_cat?post=4155"},{"taxonomy":"product_tag","embeddable":true,"href":"https:\/\/www.noxgaming.ca\/fr\/wp-json\/wp\/v2\/product_tag?post=4155"}],"curies":[{"name":"wp","href":"https:\/\/api.w.org\/{rel}","templated":true}]}}