{"id":4149,"date":"2023-02-08T08:31:28","date_gmt":"2023-02-08T13:31:28","guid":{"rendered":"https:\/\/www.noxgaming.ca\/product\/soft-hoodie-nox-gaming\/"},"modified":"2026-04-17T13:50:59","modified_gmt":"2026-04-17T17:50:59","slug":"soft-hoodie-nox-gaming","status":"publish","type":"product","link":"https:\/\/www.noxgaming.ca\/fr\/product\/soft-hoodie-nox-gaming\/","title":{"rendered":"Sweat \u00e0 capuche NOX Gaming"},"content":{"rendered":"","protected":false},"excerpt":{"rendered":"<p>Enfile ce sweat \u00e0 capuche et tu te sentiras comme le roi du monde.<\/p>\n<p>Il est si doux qu'il ressemble \u00e0 un gros c\u00e2lin de ta m\u00e8re. Et plus tu le portes, plus il devient doux ! <\/p>\n<p>Mais ne le porte pas seulement pour le confort, porte-le pour la performance. La douceur de ce sweat \u00e0 capuche t'aidera \u00e0 mieux jouer aux jeux vid\u00e9o, en te permettant de te concentrer sur ton jeu sans \u00eatre distrait par ce qui se passe autour de toi.<\/p>","protected":false},"featured_media":4150,"template":"","meta":{"_acf_changed":false},"product_brand":[313],"product_cat":[454],"product_tag":[330,317,331,323],"class_list":{"0":"post-4149","1":"product","2":"type-product","3":"status-publish","4":"has-post-thumbnail","6":"product_brand-nox-gaming","7":"product_cat-merchandise","8":"product_tag-daily-nox-collection","9":"product_tag-nox-gaming","10":"product_tag-nox-merchandise","11":"product_tag-shop","13":"first","14":"instock","15":"taxable","16":"shipping-taxable","17":"purchasable","18":"product-type-simple"},"acf":[],"_links":{"self":[{"href":"https:\/\/www.noxgaming.ca\/fr\/wp-json\/wp\/v2\/product\/4149","targetHints":{"allow":["GET"]}}],"collection":[{"href":"https:\/\/www.noxgaming.ca\/fr\/wp-json\/wp\/v2\/product"}],"about":[{"href":"https:\/\/www.noxgaming.ca\/fr\/wp-json\/wp\/v2\/types\/product"}],"wp:featuredmedia":[{"embeddable":true,"href":"https:\/\/www.noxgaming.ca\/fr\/wp-json\/wp\/v2\/media\/4150"}],"wp:attachment":[{"href":"https:\/\/www.noxgaming.ca\/fr\/wp-json\/wp\/v2\/media?parent=4149"}],"wp:term":[{"taxonomy":"product_brand","embeddable":true,"href":"https:\/\/www.noxgaming.ca\/fr\/wp-json\/wp\/v2\/product_brand?post=4149"},{"taxonomy":"product_cat","embeddable":true,"href":"https:\/\/www.noxgaming.ca\/fr\/wp-json\/wp\/v2\/product_cat?post=4149"},{"taxonomy":"product_tag","embeddable":true,"href":"https:\/\/www.noxgaming.ca\/fr\/wp-json\/wp\/v2\/product_tag?post=4149"}],"curies":[{"name":"wp","href":"https:\/\/api.w.org\/{rel}","templated":true}]}}