{"id":4143,"date":"2022-09-23T22:45:25","date_gmt":"2022-09-24T02:45:25","guid":{"rendered":"https:\/\/www.noxgaming.ca\/product\/razer-homerun-gaming-bundle-with-keyboard-mouse-headset-and-mousepad\/"},"modified":"2026-04-17T13:51:14","modified_gmt":"2026-04-17T17:51:14","slug":"razer-homerun-gaming-bundle-with-keyboard-mouse-headset-and-mousepad","status":"publish","type":"product","link":"https:\/\/www.noxgaming.ca\/fr\/product\/razer-homerun-gaming-bundle-with-keyboard-mouse-headset-and-mousepad\/","title":{"rendered":"Ensemble de jeu Razer Homerun avec clavier, souris, casque et tapis de souris."},"content":{"rendered":"<p>Ce kit comprend les 4 \u00e9l\u00e9ments suivants<\/p>\n<p>Casque Razer Kraken V3 X<br \/>\nSouris de jeu Razer DeathAdder V2<br \/>\nClavier de jeu Razer Ornata V2<br \/>\nTapis de souris Razer Gigantus V2<\/p>\n<p>Voici les sp\u00e9cifications de chaque article :<\/p>\n<p>Casque Razer Kraken V3 X<\/p>\n<p>Le casque de jeu surdimensionn\u00e9 avec des oreillettes chrom\u00e9es (2,36\u2033 x 1,57\u2033 diam\u00e8tre int\u00e9rieur de l'oreille) offre un son clair, net et de qualit\u00e9 dans le jeu.<br \/>\nConception filaire avec connectivit\u00e9 USB Type-A et c\u00e2ble de 1,5 m de long pour une connexion facile aux PC compatibles et \u00e0 la PlayStation 4.<br \/>\nRazer Chroma RGB te permet de personnaliser l'\u00e9clairage du casque pour une exp\u00e9rience de jeu plus intense.<br \/>\nLe micro HyperClearcardio\u00efde de Razer, avec des commandes d'augmentation et de diminution du volume et de mise en sourdine sur une seule oreille, permet des r\u00e9glages faciles et une prise de voix claire.<br \/>\nLes oreillettes en tissu hybride et les coussinets en mousse \u00e0 m\u00e9moire de forme ovale garantissent un confort respirant et durable, m\u00eame pendant les sessions de jeu marathon.<\/p>\n<p>Souris de jeu Razer DeathAdder V2<\/p>\n<p>Souris filaire avec c\u00e2ble Razer Speedflex pour des mouvements fluides et une r\u00e9sistance minimale.<br \/>\nConception ergonomique et l\u00e9g\u00e8re avec facteur de forme pour droitier, confortable et facile \u00e0 utiliser.<br \/>\nLe capteur optique Razer 20K DPI et l'acc\u00e9l\u00e9ration de 50G jusqu'\u00e0 650 par seconde (IPS) permettent des contr\u00f4les et des mouvements rapides, pr\u00e9cis et exacts.<br \/>\nHuit boutons programmables peuvent \u00eatre personnalis\u00e9s pour un contr\u00f4le avanc\u00e9 dans tes jeux.<br \/>\nLe commutateur hybride combine les avantages des touches \u00e0 membrane et des commutateurs m\u00e9caniques pour am\u00e9liorer la fonctionnalit\u00e9.<br \/>\nL'\u00e9clairage Razer Chroma RGB offre un \u00e9clairage personnalis\u00e9 pour une exp\u00e9rience immersive.<br \/>\nLa conception ultra-l\u00e9g\u00e8re de 82 g permet un contr\u00f4le souple et pr\u00e9cis.<\/p>\n<p>&nbsp;<\/p>\n<p>Clavier de jeu Razer Ornata V2<\/p>\n<p>Un clavier filaire de taille normale pour des jeux efficaces.<br \/>\nLa technologie Hybrid Mecha-Membrane de Razer permet d'obtenir des touches cliquables tout en offrant une sensation de douceur et de rembourrage.<br \/>\nLes touches enti\u00e8rement programmables offrent des profils personnalis\u00e9s, des combinaisons de touches et des macros.<br \/>\nLe cadran num\u00e9rique multifonction et les touches m\u00e9dia d\u00e9di\u00e9es permettent un contr\u00f4le facile et pratique.<br \/>\nRazer Chroma RGB te permet de cr\u00e9er un sch\u00e9ma d'\u00e9clairage personnalis\u00e9 pour une exp\u00e9rience de jeu spectaculaire.<br \/>\nLe repose-paume en similicuir offre un confort exceptionnel, surtout pendant les longues heures de jeu.<br \/>\nLes options d'acheminement des c\u00e2bles permettent une installation facile et sans d\u00e9sordre.<\/p>\n<p>Tapis de souris Razer Gigantus V2<\/p>\n<p>Con\u00e7ue pour une souris de jeu<br \/>\nUne base antid\u00e9rapante maintient le tapis en place lorsque tu d\u00e9places la souris.<br \/>\nLa mousse de caoutchouc \u00e9paisse et de haute densit\u00e9 assure la durabilit\u00e9 et l'uniformit\u00e9 des mouvements de la souris.<br \/>\nLa surface textur\u00e9e en tissu micro-tiss\u00e9 suit les mouvements rapides de la souris et permet de viser et de contr\u00f4ler avec pr\u00e9cision.<\/p>","protected":false},"excerpt":{"rendered":"<p>Ce kit comprend les 4 \u00e9l\u00e9ments suivants<\/p>\n<p>Casque Razer Kraken V3 X<br \/>\nSouris de jeu Razer DeathAdder V2<br \/>\nClavier de jeu Razer Ornata V2<br \/>\nTapis de souris Razer Gigantus V2<\/p>\n<p>Voici les sp\u00e9cifications de chaque article :<\/p>\n<p>Casque Razer Kraken V3 X<\/p>\n<p>Le casque de jeu surdimensionn\u00e9 avec des oreillettes chrom\u00e9es (2,36\u2033 x 1,57\u2033 diam\u00e8tre int\u00e9rieur de l'oreille) offre un son clair, net et de qualit\u00e9 dans le jeu.<br \/>\nConception filaire avec connectivit\u00e9 USB Type-A et c\u00e2ble de 1,5 m de long pour une connexion facile aux PC compatibles et \u00e0 la PlayStation 4.<br \/>\nRazer Chroma RGB te permet de personnaliser l'\u00e9clairage du casque pour une exp\u00e9rience de jeu plus intense.<br \/>\nLe micro HyperClearcardio\u00efde de Razer, avec des commandes d'augmentation et de diminution du volume et de mise en sourdine sur une seule oreille, permet des r\u00e9glages faciles et une prise de voix claire.<br \/>\nLes oreillettes en tissu hybride et les coussinets en mousse \u00e0 m\u00e9moire de forme ovale garantissent un confort respirant et durable, m\u00eame pendant les sessions de jeu marathon.<\/p>\n<p>Souris de jeu Razer DeathAdder V2<\/p>\n<p>Souris filaire avec c\u00e2ble Razer Speedflex pour des mouvements fluides et une r\u00e9sistance minimale.<br \/>\nConception ergonomique et l\u00e9g\u00e8re avec facteur de forme pour droitier, confortable et facile \u00e0 utiliser.<br \/>\nLe capteur optique Razer 20K DPI et l'acc\u00e9l\u00e9ration de 50G jusqu'\u00e0 650 par seconde (IPS) permettent des contr\u00f4les et des mouvements rapides, pr\u00e9cis et exacts.<br \/>\nHuit boutons programmables peuvent \u00eatre personnalis\u00e9s pour un contr\u00f4le avanc\u00e9 dans tes jeux.<br \/>\nLe commutateur hybride combine les avantages des touches \u00e0 membrane et des commutateurs m\u00e9caniques pour am\u00e9liorer la fonctionnalit\u00e9.<br \/>\nL'\u00e9clairage Razer Chroma RGB offre un \u00e9clairage personnalis\u00e9 pour une exp\u00e9rience immersive.<br \/>\nLa conception ultra-l\u00e9g\u00e8re de 82 g permet un contr\u00f4le souple et pr\u00e9cis.<\/p>\n<p>&nbsp;<\/p>\n<p>Clavier de jeu Razer Ornata V2<\/p>\n<p>Un clavier filaire de taille normale pour des jeux efficaces.<br \/>\nLa technologie Hybrid Mecha-Membrane de Razer permet d'obtenir des touches cliquables tout en offrant une sensation de douceur et de rembourrage.<br \/>\nLes touches enti\u00e8rement programmables offrent des profils personnalis\u00e9s, des combinaisons de touches et des macros.<br \/>\nLe cadran num\u00e9rique multifonction et les touches m\u00e9dia d\u00e9di\u00e9es permettent un contr\u00f4le facile et pratique.<br \/>\nRazer Chroma RGB te permet de cr\u00e9er un sch\u00e9ma d'\u00e9clairage personnalis\u00e9 pour une exp\u00e9rience de jeu spectaculaire.<br \/>\nLe repose-paume en similicuir offre un confort exceptionnel, surtout pendant les longues heures de jeu.<br \/>\nLes options d'acheminement des c\u00e2bles permettent une installation facile et sans d\u00e9sordre.<\/p>\n<p>Tapis de souris Razer Gigantus V2<\/p>\n<p>Con\u00e7ue pour une souris de jeu<br \/>\nUne base antid\u00e9rapante maintient le tapis en place lorsque tu d\u00e9places la souris.<br \/>\nLa mousse de caoutchouc \u00e9paisse et de haute densit\u00e9 assure la durabilit\u00e9 et l'uniformit\u00e9 des mouvements de la souris.<br \/>\nLa surface textur\u00e9e en tissu micro-tiss\u00e9 suit les mouvements rapides de la souris et permet de viser et de contr\u00f4ler avec pr\u00e9cision.<\/p>","protected":false},"featured_media":4144,"template":"","meta":{"_acf_changed":false},"product_brand":[],"product_cat":[493,494],"product_tag":[325,326,327,322,328,323],"class_list":{"0":"post-4143","1":"product","2":"type-product","3":"status-publish","4":"has-post-thumbnail","6":"product_cat-keyboard","7":"product_cat-monitors","8":"product_tag-keyboards","9":"product_tag-mouse","10":"product_tag-mouse-keyboard-bundles","11":"product_tag-peripherals","12":"product_tag-razer","13":"product_tag-shop","15":"first","16":"outofstock","17":"sale","18":"taxable","19":"shipping-taxable","20":"purchasable","21":"product-type-simple"},"acf":[],"_links":{"self":[{"href":"https:\/\/www.noxgaming.ca\/fr\/wp-json\/wp\/v2\/product\/4143","targetHints":{"allow":["GET"]}}],"collection":[{"href":"https:\/\/www.noxgaming.ca\/fr\/wp-json\/wp\/v2\/product"}],"about":[{"href":"https:\/\/www.noxgaming.ca\/fr\/wp-json\/wp\/v2\/types\/product"}],"wp:featuredmedia":[{"embeddable":true,"href":"https:\/\/www.noxgaming.ca\/fr\/wp-json\/wp\/v2\/media\/4144"}],"wp:attachment":[{"href":"https:\/\/www.noxgaming.ca\/fr\/wp-json\/wp\/v2\/media?parent=4143"}],"wp:term":[{"taxonomy":"product_brand","embeddable":true,"href":"https:\/\/www.noxgaming.ca\/fr\/wp-json\/wp\/v2\/product_brand?post=4143"},{"taxonomy":"product_cat","embeddable":true,"href":"https:\/\/www.noxgaming.ca\/fr\/wp-json\/wp\/v2\/product_cat?post=4143"},{"taxonomy":"product_tag","embeddable":true,"href":"https:\/\/www.noxgaming.ca\/fr\/wp-json\/wp\/v2\/product_tag?post=4143"}],"curies":[{"name":"wp","href":"https:\/\/api.w.org\/{rel}","templated":true}]}}