{"id":4140,"date":"2022-09-23T22:57:59","date_gmt":"2022-09-24T02:57:59","guid":{"rendered":"https:\/\/www.noxgaming.ca\/product\/gigabyte-g27fc-a-sa-27-165hz-curved-gaming-monitor\/"},"modified":"2026-04-17T13:51:08","modified_gmt":"2026-04-17T17:51:08","slug":"gigabyte-g27fc-a-sa-27-165hz-curved-gaming-monitor","status":"publish","type":"product","link":"https:\/\/www.noxgaming.ca\/fr\/product\/gigabyte-g27fc-a-sa-27-165hz-curved-gaming-monitor\/","title":{"rendered":"Gigabyte G27FC-A-SA 27\u2033 165Hz Curved Gaming Monitor"},"content":{"rendered":"","protected":false},"excerpt":{"rendered":"<p>Profite d'un \u00e9cran haut de gamme avec des caract\u00e9ristiques recherch\u00e9es \u00e0 petit prix ! Excellent \u00e9cran pour tous les jeux FPS.<\/p>\n<p>Caract\u00e9ristiques :<br \/>\n- Courbe 27 pouces 1920\u00d71080 (FHD)<br \/>\n- Taux de rafra\u00eechissement de 165 Hz<br \/>\n- Temps de r\u00e9ponse de 1ms<\/p>\n<p>30 jours de garantie avec nous et 1 an de garantie avec Gigabyte.<\/p>","protected":false},"featured_media":4141,"template":"","meta":{"_acf_changed":false},"product_brand":[],"product_cat":[494],"product_tag":[324],"class_list":{"0":"post-4140","1":"product","2":"type-product","3":"status-publish","4":"has-post-thumbnail","6":"product_cat-monitors","7":"product_tag-gigabyte","9":"first","10":"outofstock","11":"sale","12":"taxable","13":"shipping-taxable","14":"purchasable","15":"product-type-simple"},"acf":[],"_links":{"self":[{"href":"https:\/\/www.noxgaming.ca\/fr\/wp-json\/wp\/v2\/product\/4140","targetHints":{"allow":["GET"]}}],"collection":[{"href":"https:\/\/www.noxgaming.ca\/fr\/wp-json\/wp\/v2\/product"}],"about":[{"href":"https:\/\/www.noxgaming.ca\/fr\/wp-json\/wp\/v2\/types\/product"}],"wp:featuredmedia":[{"embeddable":true,"href":"https:\/\/www.noxgaming.ca\/fr\/wp-json\/wp\/v2\/media\/4141"}],"wp:attachment":[{"href":"https:\/\/www.noxgaming.ca\/fr\/wp-json\/wp\/v2\/media?parent=4140"}],"wp:term":[{"taxonomy":"product_brand","embeddable":true,"href":"https:\/\/www.noxgaming.ca\/fr\/wp-json\/wp\/v2\/product_brand?post=4140"},{"taxonomy":"product_cat","embeddable":true,"href":"https:\/\/www.noxgaming.ca\/fr\/wp-json\/wp\/v2\/product_cat?post=4140"},{"taxonomy":"product_tag","embeddable":true,"href":"https:\/\/www.noxgaming.ca\/fr\/wp-json\/wp\/v2\/product_tag?post=4140"}],"curies":[{"name":"wp","href":"https:\/\/api.w.org\/{rel}","templated":true}]}}