{"id":896,"date":"2026-01-21T10:19:06","date_gmt":"2026-01-21T15:19:06","guid":{"rendered":"https:\/\/www.noxgaming.ca\/jobs\/"},"modified":"2026-02-20T11:40:46","modified_gmt":"2026-02-20T16:40:46","slug":"jobs","status":"publish","type":"page","link":"https:\/\/www.noxgaming.ca\/fr\/jobs\/","title":{"rendered":"Jobs"},"content":{"rendered":"<section class=\"bde-section-896-102 bde-section\">\n              \n  \n  \n\t\n\n  <div class=\"section-background-overlay\"><\/div>\n\n\n<div class=\"section-container\"><img decoding=\"async\" class=\"bde-image2-896-104 bde-image2\" src=\"https:\/\/www.noxcomputers.ca\/wp-content\/uploads\/2025\/12\/NOX-Gaming-logo_Couleur41_resized_resized_resized.webp\" loading=\"lazy\" srcset=\"https:\/\/www.noxcomputers.ca\/wp-content\/uploads\/2025\/12\/NOX-Gaming-logo_Couleur41_resized_resized_resized.webp 313w, https:\/\/www.noxcomputers.ca\/wp-content\/uploads\/2025\/12\/NOX-Gaming-logo_Couleur41_resized_resized_resized-300x56.webp 300w\" sizes=\"(max-width: 313px) 100vw, 313px\"><h1 class=\"bde-heading-896-105 bde-heading\">\nRejoins l'\u00e9quipe de NOX Gaming<br>avec une opportunit\u00e9 de carri\u00e8re<br>pour toi.\n<\/h1><\/div>\n<\/section><section class=\"bde-section-896-100 bde-section\">\n              \n  \n  \n\t\n\n  <div class=\"section-background-overlay\"><\/div>\n\n\n<div class=\"section-container\"><h2 class=\"bde-heading-896-113 bde-heading\">\nD\u00e9couvre nos offres d'emploi\n<\/h2><div class=\"bde-shortcode-896-101 bde-shortcode\">\n<div class=\"jb jb-jobs\" data-base-post=\"896\"\n\tdata-hide-expired=\"1\"\n\tdata-hide-filled=\"\"\n\tdata-filled-only=\"\"\n\tdata-orderby=\"date\"\n\tdata-order=\"DESC\"\n\tdata-employer=\"\"\n\tdata-no-logo=\"\"\n\tdata-hide-job-types=\"\"\n\tdata-page=\"1\"\n\tdata-per-page=\"10\"\n\tdata-no-jobs=\"No Jobs\"\n\tdata-no-jobs-search=\"No Jobs found\"\n\tdata-category=\"\"\n\tdata-type=\"\"\n\tdata-salary=\"\"\tdata-wrapper-index=\"1\">\n\n\t\n<div class=\"jb-overlay\">\n\t<div class=\"jb-ajax-loading\"><\/div>\n<\/div>\n\n<div class=\"jb-jobs-header\">\n\n\t\n\t<\/div>\n\n<script type=\"text\/template\" id=\"tmpl-jb-jobs-list-line\">\n\t<# if ( data.jobs.length > 0 ) { #>\n\n\t\t<# _.each( data.jobs, function( job, key, list ) { #>\n\t\t\t\n\t\t\t<div class=\"jb-job-list-row<# if ( ! job.logo ) { #> jb-job-list-no-logo<# } #><# if ( job.actions.length > 0 ) { #> jb-job-list-with-actions<# } #><# if ( job.featured ) { #> jb-job-list-featured<# } #>\">\t\t\t\t<# if ( ! data.hide_logo ) { #>\n\t\t\t\t\t<# if ( job.logo ) { #>\n\t\t\t\t\t\t<div class=\"jb-job-logo\">\n\t\t\t\t\t\t\t{{{job.logo}}}\n\t\t\t\t\t\t<\/div>\n\t\t\t\t\t<# } #>\n\t\t\t\t<# } #>\n\t\t\t\t<div class=\"jb-row-data\">\n\t\t\t\t\t<div class=\"jb-job-title\">\n\t\t\t\t\t\t<span class=\"jb-job-title-link-line\"><a href=\"{{{job.permalink}}}\" class=\"jb-job-title-link\">{{{job.title}}}<\/a><\/span>\n\t\t\t\t\t\t<div class=\"jb-job-title-end jb-responsive jb-ui-m jb-ui-l jb-ui-xl\">\n\t\t\t\t\t\t\t<# if ( job.featured ) { #>\n\t\t\t\t\t\t\t\t<div class=\"jb-job-featured\">Featured<\/div>\n\t\t\t\t\t\t\t<# } #>\n\t\t\t\t\t\t\t<# if ( ! data.hide_job_types ) { #>\n\t\t\t\t\t\t\t\t<# if ( job.types.length > 0 ) { #>\n\t\t\t\t\t\t\t\t\t<div class=\"jb-job-types\">\n\t\t\t\t\t\t\t\t\t\t<# _.each( job.types, function( type, t_key, t_list ) { #>\n\t\t\t\t\t\t\t\t\t\t\t<div class=\"jb-job-type\" style=\"color:{{{type.color}}};background:{{{type.bg_color}}};\">\n\t\t\t\t\t\t\t\t\t\t\t\t{{{type.name}}}\n\t\t\t\t\t\t\t\t\t\t\t<\/div>\n\t\t\t\t\t\t\t\t\t\t<# }); #>\n\t\t\t\t\t\t\t\t\t<\/div>\n\t\t\t\t\t\t\t\t<# } #>\n\t\t\t\t\t\t\t<# } #>\n\t\t\t\t\t\t<\/div>\n\t\t\t\t\t<\/div>\n\t\t\t\t\t<div class=\"jb-row-info\">\n\t\t\t\t\t\t<div class=\"jb-row-left-side\">\n\t\t\t\t\t\t\t<# if ( job.company.name ) { #>\n\t\t\t\t\t\t\t\t<div class=\"company\">\n\t\t\t\t\t\t\t\t\t<i class=\"far fa-building\"><\/i>\n\t\t\t\t\t\t\t\t\t<span title=\"{{{job.company.tagline}}}\">\n\t\t\t\t\t\t\t\t\t\t{{{job.company.name}}}\n\t\t\t\t\t\t\t\t\t<\/span>\n\t\t\t\t\t\t\t\t<\/div>\n\t\t\t\t\t\t\t<# } #>\n\n\t\t\t\t\t\t\t<# if ( job.location ) { #>\n\t\t\t\t\t\t\t\t<div class=\"location\">\n\t\t\t\t\t\t\t\t\t<i class=\"fas fa-map-marker-alt\"><\/i>\n\t\t\t\t\t\t\t\t\t{{{job.location}}}\n\t\t\t\t\t\t\t\t<\/div>\n\t\t\t\t\t\t\t<# } #>\n\n\t\t\t\t\t\t\t\t\t\t\t\t\t\t\t<# if ( job.category ) { #>\n\t\t\t\t\t\t\t\t\t<div class=\"category\">\n\t\t\t\t\t\t\t\t\t\t{{{job.category}}}\n\t\t\t\t\t\t\t\t\t<\/div>\n\t\t\t\t\t\t\t\t<# } #>\n\t\t\t\t\t\t\t\n\t\t\t\t\t\t\t<div class=\"jb-responsive jb-ui-s jb-ui-xs date\" title=\"Posted\">\n\t\t\t\t\t\t\t\t<i class=\"far fa-calendar-alt\"><\/i>\n\t\t\t\t\t\t\t\tPosted {{{job.date}}}\n\t\t\t\t\t\t\t<\/div>\n\n\t\t\t\t\t\t\t<# if ( job.expires ) { #>\n\t\t\t\t\t\t\t\t<div class=\"expires\" title=\"Expires\">\n\t\t\t\t\t\t\t\t\t<i class=\"fa fa-calendar-times-o\"><\/i>\n\t\t\t\t\t\t\t\t\tClosing on {{{job.expires}}}\n\t\t\t\t\t\t\t\t<\/div>\n\t\t\t\t\t\t\t<# } #>\n\n\t\t\t\t\t\t\t\t\t\t\t\t\t\t\t<# if ( job.salary ) { #>\n\t\t\t\t\t\t\t\t\t<div class=\"jb-job-salary\">\n\t\t\t\t\t\t\t\t\t\t<i class=\"far fa-money-bill-alt\"><\/i>\n\t\t\t\t\t\t\t\t\t\t{{{job.salary}}}\n\t\t\t\t\t\t\t\t\t<\/div>\n\t\t\t\t\t\t\t\t<# } #>\n\t\t\t\t\t\t\t\t\t\t\t\t\t<\/div>\n\t\t\t\t\t\t<div class=\"jb-row-right-side\">\n\t\t\t\t\t\t\t<div class=\"date jb-responsive jb-ui-m jb-ui-l jb-ui-xl date\" title=\"Posted\">\n\t\t\t\t\t\t\t\t{{{job.date}}}\n\t\t\t\t\t\t\t<\/div>\n\t\t\t\t\t\t\t<div class=\"jb-row-right-side-line\">\n\t\t\t\t\t\t\t\t<# if ( job.featured ) { #>\n\t\t\t\t\t\t\t\t\t<div class=\"jb-job-featured jb-responsive jb-ui-s jb-ui-xs\">Featured<\/div>\n\t\t\t\t\t\t\t\t<# } #>\n\t\t\t\t\t\t\t\t<# if ( ! data.hide_job_types ) { #>\n\t\t\t\t\t\t\t\t\t<# if ( job.types.length > 0 ) { #>\n\t\t\t\t\t\t\t\t\t\t<div class=\"jb-job-types jb-responsive jb-ui-s jb-ui-xs\">\n\t\t\t\t\t\t\t\t\t\t\t<# _.each( job.types, function( type, t_key, t_list ) { #>\n\t\t\t\t\t\t\t\t\t\t\t\t<div class=\"jb-job-type\" style=\"color:{{{type.color}}};background:{{{type.bg_color}}};\">\n\t\t\t\t\t\t\t\t\t\t\t\t\t{{{type.name}}}\n\t\t\t\t\t\t\t\t\t\t\t\t<\/div>\n\t\t\t\t\t\t\t\t\t\t\t<# }); #>\n\t\t\t\t\t\t\t\t\t\t<\/div>\n\t\t\t\t\t\t\t\t\t<# } #>\n\t\t\t\t\t\t\t\t<# } #>\n\t\t\t\t\t\t\t<\/div>\n\t\t\t\t\t\t<\/div>\n\t\t\t\t\t<\/div>\n\t\t\t\t<\/div>\n\t\t\t\t<# if ( job.actions.length > 0 ) { #>\n\t\t\t\t\t<div class=\"jb-row-actions\">\n\t\t\t\t\t\t<# _.each( job.actions, function( action, a_key, a_list ) { #>\n\t\t\t\t\t\t\t<# if ( action.html ) { #>\n\t\t\t\t\t\t\t\t{{{action.html}}}\n\t\t\t\t\t\t\t<# } else { #>\n\t\t\t\t\t\t\t\t<a href=\"{{{action.url}}}\" class=\"{{{action.class}}}\">\n\t\t\t\t\t\t\t\t\t<i class=\"{{{action.img}}}\"><\/i>\n\t\t\t\t\t\t\t\t<\/a>\n\t\t\t\t\t\t\t<# } #>\n\t\t\t\t\t\t<# }); #>\n\t\t\t\t\t<\/div>\n\t\t\t\t<# } #>\n\t\t\t<\/div>\n\t\t<# }); #>\n\t<# } #>\n<\/script>\n\n<div class=\"jb-jobs-wrapper\"><\/div>\n\n<div class=\"jb-jobs-pagination-box\">\n\t<input type=\"button\" class=\"jb-button jb-load-more-jobs\" value=\"Load more jobs\" \/>\n<\/div>\n<\/div>\n<\/div><h2 class=\"bde-heading-896-109 bde-heading\">\nRejoins la meilleure \u00e9quipe de simulation de course et de construction de PC du Qu\u00e9bec.\n<\/h2><div class=\"bde-text-896-110 bde-text\">\nChez NOX Gaming, nous sommes une \u00e9quipe de passionn\u00e9s qui croient en l'innovation et en l'excellence. Depuis nos d\u00e9buts, nous mettons notre expertise au service des joueurs et des passionn\u00e9s de simulation pour cr\u00e9er des produits et des offres de qualit\u00e9 sup\u00e9rieure. <br><br>Travailler chez NOX Gaming, c'est faire partie d'une \u00e9quipe enthousiaste pouss\u00e9e \u00e0 repousser les limites du possible, tout en partageant des valeurs fortes de collaboration et de r\u00e9ussite commune. <br><br>Ici, nous ne nous contentons pas de r\u00eaver grand, nous agissons pour donner vie \u00e0 des projets ambitieux et offrir des exp\u00e9riences in\u00e9gal\u00e9es \u00e0 nos clients.\n<\/div><\/div>\n<\/section>","protected":false},"excerpt":{"rendered":"<p>Join the NOX Gaming teamwith a career opportunitymeant for you. Explore our job openings Join Quebec&#8217;s best Sim Racing and PC Building team At NOX Gaming, we are a team of passionate people who believe in innovation and excellence. Since our beginnings, we have put our expertise at the service of gamers and simulation enthusiasts [&hellip;]<\/p>\n","protected":false},"author":2,"featured_media":0,"parent":0,"menu_order":0,"comment_status":"closed","ping_status":"closed","template":"","meta":{"_acf_changed":false,"_breakdance_hide_in_design_set":false,"_breakdance_tags":"","footnotes":""},"class_list":["post-896","page","type-page","status-publish","hentry"],"acf":[],"_links":{"self":[{"href":"https:\/\/www.noxgaming.ca\/fr\/wp-json\/wp\/v2\/pages\/896","targetHints":{"allow":["GET"]}}],"collection":[{"href":"https:\/\/www.noxgaming.ca\/fr\/wp-json\/wp\/v2\/pages"}],"about":[{"href":"https:\/\/www.noxgaming.ca\/fr\/wp-json\/wp\/v2\/types\/page"}],"author":[{"embeddable":true,"href":"https:\/\/www.noxgaming.ca\/fr\/wp-json\/wp\/v2\/users\/2"}],"replies":[{"embeddable":true,"href":"https:\/\/www.noxgaming.ca\/fr\/wp-json\/wp\/v2\/comments?post=896"}],"version-history":[{"count":6,"href":"https:\/\/www.noxgaming.ca\/fr\/wp-json\/wp\/v2\/pages\/896\/revisions"}],"predecessor-version":[{"id":430520,"href":"https:\/\/www.noxgaming.ca\/fr\/wp-json\/wp\/v2\/pages\/896\/revisions\/430520"}],"wp:attachment":[{"href":"https:\/\/www.noxgaming.ca\/fr\/wp-json\/wp\/v2\/media?parent=896"}],"curies":[{"name":"wp","href":"https:\/\/api.w.org\/{rel}","templated":true}]}}