{"id":640,"date":"2026-01-07T10:03:51","date_gmt":"2026-01-07T15:03:51","guid":{"rendered":"https:\/\/www.noxgaming.ca\/?page_id=640"},"modified":"2026-02-13T14:04:10","modified_gmt":"2026-02-13T19:04:10","slug":"blog","status":"publish","type":"page","link":"https:\/\/www.noxgaming.ca\/fr\/blog\/","title":{"rendered":"Articles de blog"},"content":{"rendered":"<section class=\"bde-section-640-100 bde-section\">\n              \n  \n  \n\t\n\n  <div class=\"section-background-overlay\"><\/div>\n\n\n<div class=\"section-container\"><img decoding=\"async\" class=\"bde-image2-640-101 bde-image2\" src=\"https:\/\/www.noxcomputers.ca\/wp-content\/uploads\/2025\/12\/NOX-Gaming-logo_Couleur41_resized_resized_resized.webp\" loading=\"lazy\" srcset=\"https:\/\/www.noxcomputers.ca\/wp-content\/uploads\/2025\/12\/NOX-Gaming-logo_Couleur41_resized_resized_resized.webp 313w, https:\/\/www.noxcomputers.ca\/wp-content\/uploads\/2025\/12\/NOX-Gaming-logo_Couleur41_resized_resized_resized-300x56.webp 300w\" sizes=\"(max-width: 313px) 100vw, 313px\"><h1 class=\"bde-heading-640-102 bde-heading\">\nArticles de blog et articles\n<\/h1><div class=\"bde-text-640-103 bde-text\">\nLis les derni\u00e8res nouvelles dans les domaines de la construction de PC, des jeux sur PC et des courses de simulateurs.\n<\/div><\/div>\n<\/section><section class=\"bde-section-640-104 bde-section\">\n              \n  \n  \n\t\n\n  <div class=\"section-background-overlay\"><\/div>\n\n\n<div class=\"section-container\"><div class=\"bde-columns-640-107 bde-columns\"><div class=\"bde-column-640-108 bde-column\">\n  \n  \n\t\n\n\n\n<div class=\"bde-post-list-640-106 bde-post-list\"><div class=\"bde-loop bde-loop-list ee-posts ee-posts-list\">    <article class=\"bde-loop-item ee-post\">\n        \n        \n        <div class=\"bde-loop-item__wrap ee-post-wrap\">\n            \n                            <h2 class=\"ee-post-title\" >\n                    <a class=\"bde-loop-item__title-link ee-post-title-link\" href=\"https:\/\/www.noxgaming.ca\/fr\/fqse-announces-strategic-partnership-with-nox-gaming\/\"  tabindex=\"-1\">\n                        FQSE annonce un partenariat strat\u00e9gique avec NOX Gaming                    <\/a>\n                <\/h2>\n                            <div class=\"bde-loop-item__post-meta ee-post-meta\">\n                                                                                <span class=\"bde-loop-item__meta-date bde-loop-item__meta-item ee-post-meta-date ee-post-meta-item\">\n                                    12 d\u00e9cembre 2025                                <\/span>\n                                                \n                <\/div>\n                            <div class=\"bde-loop-item__content ee-post-content\">\n                    Gr\u00e2ce \u00e0 ce soutien, la FQSE investira les sommes re\u00e7ues directement dans ses ligues scolaires et \u00e9tudiantes, ce qui permettra d'offrir aux jeunes de tous les niveaux - \u00e9lev\u00e9...                <\/div>\n            \n        \n    \n    \n    \n                            \n            \n                    \n            \n            \n\n    \n    \n    \n    \n                            \n    <a class=\"breakdance-link button-atom button-atom--custom bde-loop-item__button ee-post-button\" href=\"https:\/\/www.noxgaming.ca\/fr\/fqse-announces-strategic-partnership-with-nox-gaming\/\" target=\"_self\" data-type=\"url\"  aria-label=\"En savoir plus sur FQSE annonce un partenariat strat\u00e9gique avec NOX Gaming\" >\n\n    \n        <span class=\"button-atom__text\">En savoir plus<\/span>\n\n        \n        \n                <\/a>\n\n    \n\n\n\n\n            \n        <\/div>\n\n    <\/article>\n\n    <article class=\"bde-loop-item ee-post\">\n        \n        \n        <div class=\"bde-loop-item__wrap ee-post-wrap\">\n            \n                            <h2 class=\"ee-post-title\" >\n                    <a class=\"bde-loop-item__title-link ee-post-title-link\" href=\"https:\/\/www.noxgaming.ca\/fr\/the-pc-market-is-exploding-heres-why-its-still-the-best-time-to-buy\/\"  tabindex=\"-1\">\n                        Le march\u00e9 des ordinateurs personnels est en pleine explosion. Voici pourquoi c'est encore le meilleur moment pour acheter.                    <\/a>\n                <\/h2>\n                            <div class=\"bde-loop-item__post-meta ee-post-meta\">\n                                                                                <span class=\"bde-loop-item__meta-date bde-loop-item__meta-item ee-post-meta-date ee-post-meta-item\">\n                                    8 d\u00e9cembre 2025                                <\/span>\n                                                \n                <\/div>\n                            <div class=\"bde-loop-item__content ee-post-content\">\n                    Le march\u00e9 de la m\u00e9moire informatique est sur le point de subir un choc important. Les centres de donn\u00e9es d'intelligence artificielle absorbent des quantit\u00e9s sans pr\u00e9c\u00e9dent de puces DRAM, NAND et VRAM. En cons\u00e9quence, les prix augmentent,...                <\/div>\n            \n        \n    \n    \n    \n                            \n            \n                    \n            \n            \n\n    \n    \n    \n    \n                            \n    <a class=\"breakdance-link button-atom button-atom--custom bde-loop-item__button ee-post-button\" href=\"https:\/\/www.noxgaming.ca\/fr\/the-pc-market-is-exploding-heres-why-its-still-the-best-time-to-buy\/\" target=\"_self\" data-type=\"url\"  aria-label=\"En savoir plus : Le march\u00e9 des PC explose. Voici pourquoi c&#039;est toujours le meilleur moment pour acheter.\" >\n\n    \n        <span class=\"button-atom__text\">En savoir plus<\/span>\n\n        \n        \n                <\/a>\n\n    \n\n\n\n\n            \n        <\/div>\n\n    <\/article>\n\n    <article class=\"bde-loop-item ee-post\">\n        \n        \n        <div class=\"bde-loop-item__wrap ee-post-wrap\">\n            \n                            <h2 class=\"ee-post-title\" >\n                    <a class=\"bde-loop-item__title-link ee-post-title-link\" href=\"https:\/\/www.noxgaming.ca\/fr\/battlefield-6-is-on-its-way-which-pc-gaming-system-should-you-choose-to-get-the-most-out-of-it\/\"  tabindex=\"-1\">\n                        Battlefield 6 arrive : Quel PC Gaming choisir pour en profiter au maximum?                    <\/a>\n                <\/h2>\n                            <div class=\"bde-loop-item__post-meta ee-post-meta\">\n                                                                                <span class=\"bde-loop-item__meta-date bde-loop-item__meta-item ee-post-meta-date ee-post-meta-item\">\n                                    12 septembre 2025                                <\/span>\n                                                \n                <\/div>\n                            <div class=\"bde-loop-item__content ee-post-content\">\n                    Avec des cartes immenses, des batailles \u00e0 128 joueurs et des graphismes qui repoussent les limites, Battlefield 6 promet d'\u00eatre l'un des jeux les plus ambitieux de 2025. Mais qui dit graphismes ambitieux dit aussi : est...                <\/div>\n            \n        \n    \n    \n    \n                            \n            \n                    \n            \n            \n\n    \n    \n    \n    \n                            \n    <a class=\"breakdance-link button-atom button-atom--custom bde-loop-item__button ee-post-button\" href=\"https:\/\/www.noxgaming.ca\/fr\/battlefield-6-is-on-its-way-which-pc-gaming-system-should-you-choose-to-get-the-most-out-of-it\/\" target=\"_self\" data-type=\"url\"  aria-label=\"En savoir plus sur Battlefield 6 qui arrive : quel syst\u00e8me de jeu PC choisir pour en tirer le meilleur parti ?\" >\n\n    \n        <span class=\"button-atom__text\">En savoir plus<\/span>\n\n        \n        \n                <\/a>\n\n    \n\n\n\n\n            \n        <\/div>\n\n    <\/article>\n\n<\/div><\/div>\n<\/div><\/div><\/div>\n<\/section>","protected":false},"excerpt":{"rendered":"","protected":false},"author":2,"featured_media":641,"parent":0,"menu_order":0,"comment_status":"closed","ping_status":"closed","template":"","meta":{"_acf_changed":false,"_breakdance_hide_in_design_set":false,"_breakdance_tags":"","footnotes":""},"class_list":["post-640","page","type-page","status-publish","has-post-thumbnail","hentry"],"acf":[],"_links":{"self":[{"href":"https:\/\/www.noxgaming.ca\/fr\/wp-json\/wp\/v2\/pages\/640","targetHints":{"allow":["GET"]}}],"collection":[{"href":"https:\/\/www.noxgaming.ca\/fr\/wp-json\/wp\/v2\/pages"}],"about":[{"href":"https:\/\/www.noxgaming.ca\/fr\/wp-json\/wp\/v2\/types\/page"}],"author":[{"embeddable":true,"href":"https:\/\/www.noxgaming.ca\/fr\/wp-json\/wp\/v2\/users\/2"}],"replies":[{"embeddable":true,"href":"https:\/\/www.noxgaming.ca\/fr\/wp-json\/wp\/v2\/comments?post=640"}],"version-history":[{"count":7,"href":"https:\/\/www.noxgaming.ca\/fr\/wp-json\/wp\/v2\/pages\/640\/revisions"}],"predecessor-version":[{"id":3300,"href":"https:\/\/www.noxgaming.ca\/fr\/wp-json\/wp\/v2\/pages\/640\/revisions\/3300"}],"wp:featuredmedia":[{"embeddable":true,"href":"https:\/\/www.noxgaming.ca\/fr\/wp-json\/wp\/v2\/media\/641"}],"wp:attachment":[{"href":"https:\/\/www.noxgaming.ca\/fr\/wp-json\/wp\/v2\/media?parent=640"}],"curies":[{"name":"wp","href":"https:\/\/api.w.org\/{rel}","templated":true}]}}