{"id":3,"date":"2025-12-11T22:06:52","date_gmt":"2025-12-11T22:06:52","guid":{"rendered":"https:\/\/www.noxgaming.ca\/?page_id=3"},"modified":"2026-02-20T11:51:24","modified_gmt":"2026-02-20T16:51:24","slug":"politique-de-confidentialite","status":"publish","type":"page","link":"https:\/\/www.noxgaming.ca\/fr\/privacy-policy\/","title":{"rendered":"Politique de confidentialit\u00e9"},"content":{"rendered":"<section class=\"bde-section-3-100 bde-section\">\n  \n  \n\t\n\n\n\n<div class=\"section-container\"><img decoding=\"async\" class=\"bde-image2-3-101 bde-image2\" src=\"https:\/\/www.noxcomputers.ca\/wp-content\/uploads\/2025\/12\/NOX-Gaming-logo_Couleur41_resized_resized_resized-200.webp\" loading=\"lazy\"><h1 class=\"bde-heading-3-103 bde-heading\">\nPolitique de confidentialit\u00e9\n<\/h1><\/div>\n<\/section><section class=\"bde-section-3-104 bde-section\">\n  \n  \n\t\n\n\n\n<div class=\"section-container\"><div class=\"bde-text-3-105 bde-text\">\nLa pr\u00e9sente politique de confidentialit\u00e9 d\u00e9crit la fa\u00e7on dont noxgaming.ca (le \u201c site \u201d ou \u201c nous \u201d) recueille, utilise et divulgue tes renseignements personnels lorsque tu visites ou effectues un achat sur le site.<br>\n<\/div><h4 class=\"bde-heading-3-107 bde-heading\">\nCollecte d'informations personnelles\n<\/h4><div class=\"bde-text-3-108 bde-text\">\nLorsque tu visites le site, nous recueillons certaines informations sur ton appareil, ton interaction avec le site et les informations n\u00e9cessaires au traitement de tes achats. Nous pouvons \u00e9galement collecter des informations suppl\u00e9mentaires si tu nous contactes pour une assistance \u00e0 la client\u00e8le. Dans la pr\u00e9sente politique de confidentialit\u00e9, nous d\u00e9signons toute information permettant d'identifier de mani\u00e8re unique un individu (y compris les informations ci-dessous) par le terme \u201cInformations personnelles\u201d. Voir la liste ci-dessous pour plus d'informations sur les informations personnelles que nous recueillons et pourquoi.<br>\n<\/div><h4 class=\"bde-heading-3-109 bde-heading\">\nInformations sur l'appareil\n<\/h4><div class=\"bde-text-3-112 bde-text\">\nExemples de renseignements personnels recueillis : la version du navigateur Web, l'adresse IP, le fuseau horaire, les renseignements sur les t\u00e9moins, les sites ou les produits que tu consultes, les termes de recherche et la fa\u00e7on dont tu interagis avec le site.<br>But de la collecte : Pour charger le site avec pr\u00e9cision pour toi et pour effectuer des analyses sur l'utilisation du site afin d'optimiser notre site.<br>Source de la collecte : Collect\u00e9es automatiquement lorsque tu acc\u00e8des \u00e0 notre site \u00e0 l'aide de cookies, de fichiers journaux, de balises web, de tags ou de pixels.<br>\n<\/div><h4 class=\"bde-heading-3-111 bde-heading\">\nInformations sur la commande\n<\/h4><div class=\"bde-text-3-110 bde-text\">\nExemples de renseignements personnels recueillis : nom, adresse de facturation, adresse de livraison, renseignements sur le paiement (y compris les num\u00e9ros de carte de cr\u00e9dit, l'adresse \u00e9lectronique et le num\u00e9ro de t\u00e9l\u00e9phone.<br><br>But de la collecte : te fournir des produits ou des services pour remplir notre contrat, traiter tes informations de paiement, organiser l'exp\u00e9dition et te fournir des factures et\/ou des confirmations de commande, communiquer avec toi, filtrer nos commandes pour d\u00e9tecter tout risque potentiel ou toute fraude, et lorsque cela est coh\u00e9rent avec les pr\u00e9f\u00e9rences que tu as partag\u00e9es avec nous, te fournir des informations ou des publicit\u00e9s relatives \u00e0 nos produits ou \u00e0 nos services.<br>Source de la collecte : collect\u00e9e aupr\u00e8s de toi.\n<\/div><h4 class=\"bde-heading-3-113 bde-heading\">\nInformations sur l'assistance \u00e0 la client\u00e8le\n<\/h4><div class=\"bde-text-3-114 bde-text\">\nObjectif de la collecte : fournir un soutien \u00e0 la client\u00e8le.<br>Source de la collecte : collect\u00e9e aupr\u00e8s de toi.\n<\/div><h4 class=\"bde-heading-3-115 bde-heading\">\nPublicit\u00e9 comportementale\n<\/h4><div class=\"bde-text-3-116 bde-text\">\nComme d\u00e9crit ci-dessus, nous utilisons tes informations personnelles pour te fournir des publicit\u00e9s cibl\u00e9es ou des communications marketing susceptibles de t'int\u00e9resser. Par exemple :<br><br>Nous utilisons Google Analytics pour nous aider \u00e0 comprendre comment nos clients utilisent le site. Tu peux en savoir plus sur la fa\u00e7on dont Google utilise tes donn\u00e9es personnelles ici : https:\/\/policies.google.com\/privacy?hl=en. Tu peux \u00e9galement d\u00e9sactiver Google Analytics ici : https:\/\/tools.google.com\/dlpage\/gaoptout.<br><br>Nous partageons avec nos partenaires publicitaires des informations sur ton utilisation du site, tes achats et ton interaction avec nos publicit\u00e9s sur d'autres sites Web. Nous recueillons et partageons certaines de ces informations directement avec nos partenaires publicitaires et, dans certains cas, par le biais de cookies ou d'autres technologies similaires (auxquelles tu peux consentir, en fonction de ta localisation).<br><br>Pour plus d'informations sur le fonctionnement de la publicit\u00e9 cibl\u00e9e, tu peux visiter la page \u00e9ducative de la Network Advertising Initiative (\u201cNAI\u201d) \u00e0 l'adresse http:\/\/www.networkadvertising.org\/understanding-online-advertising\/how -does-it-work.\n<\/div><\/div>\n<\/section>","protected":false},"excerpt":{"rendered":"<p>Privacy Policy This Privacy Policy describes how noxgaming.ca (the \u201cSite\u201d or \u201cwe\u201d) collects, uses and discloses your personal information when you visit or make a purchase on the Site. Collection of personal information When you visit the Site, we collect certain information about your device, your interaction with the Site, and information necessary to process [&hellip;]<\/p>\n","protected":false},"author":1,"featured_media":0,"parent":0,"menu_order":0,"comment_status":"closed","ping_status":"closed","template":"","meta":{"_acf_changed":false,"_breakdance_hide_in_design_set":false,"_breakdance_tags":"","footnotes":""},"class_list":["post-3","page","type-page","status-publish","hentry"],"acf":[],"_links":{"self":[{"href":"https:\/\/www.noxgaming.ca\/fr\/wp-json\/wp\/v2\/pages\/3","targetHints":{"allow":["GET"]}}],"collection":[{"href":"https:\/\/www.noxgaming.ca\/fr\/wp-json\/wp\/v2\/pages"}],"about":[{"href":"https:\/\/www.noxgaming.ca\/fr\/wp-json\/wp\/v2\/types\/page"}],"author":[{"embeddable":true,"href":"https:\/\/www.noxgaming.ca\/fr\/wp-json\/wp\/v2\/users\/1"}],"replies":[{"embeddable":true,"href":"https:\/\/www.noxgaming.ca\/fr\/wp-json\/wp\/v2\/comments?post=3"}],"version-history":[{"count":3,"href":"https:\/\/www.noxgaming.ca\/fr\/wp-json\/wp\/v2\/pages\/3\/revisions"}],"predecessor-version":[{"id":163,"href":"https:\/\/www.noxgaming.ca\/fr\/wp-json\/wp\/v2\/pages\/3\/revisions\/163"}],"wp:attachment":[{"href":"https:\/\/www.noxgaming.ca\/fr\/wp-json\/wp\/v2\/media?parent=3"}],"curies":[{"name":"wp","href":"https:\/\/api.w.org\/{rel}","templated":true}]}}