{"id":279,"date":"2025-12-23T14:02:53","date_gmt":"2025-12-23T19:02:53","guid":{"rendered":"https:\/\/www.noxgaming.ca\/?page_id=279"},"modified":"2026-02-20T11:44:52","modified_gmt":"2026-02-20T16:44:52","slug":"pc-hybride","status":"publish","type":"page","link":"https:\/\/www.noxgaming.ca\/fr\/gaming-pc\/hybrid-pc\/","title":{"rendered":"PC hybrides"},"content":{"rendered":"<section class=\"bde-section-279-100 bde-section\">\n              \n  \n  \n\t\n\n  <div class=\"section-background-overlay\"><\/div>\n\n\n<div class=\"section-container\"><div class=\"bde-columns-279-101 bde-columns\"><div class=\"bde-column-279-102 bde-column\">\n  \n  \n\t\n\n\n\n<img decoding=\"async\" class=\"bde-image2-279-105 bde-image2\" src=\"https:\/\/www.noxcomputers.ca\/wp-content\/uploads\/2025\/12\/NOX-Gaming-logo_Couleur41_resized_resized_resized.webp\" loading=\"lazy\" srcset=\"https:\/\/www.noxcomputers.ca\/wp-content\/uploads\/2025\/12\/NOX-Gaming-logo_Couleur41_resized_resized_resized.webp 313w, https:\/\/www.noxcomputers.ca\/wp-content\/uploads\/2025\/12\/NOX-Gaming-logo_Couleur41_resized_resized_resized-300x56.webp 300w\" sizes=\"(max-width: 313px) 100vw, 313px\" data-entrance=\"slideLeft\"><h1 class=\"bde-heading-279-106 bde-heading\" data-entrance=\"slideLeft\">\nPC de jeu hybrides\n<\/h1><h4 class=\"bde-heading-279-107 bde-heading\" data-entrance=\"fade\">\nOrdinateurs de jeu certifi\u00e9s reconditionn\u00e9s et remis \u00e0 neuf avec des pi\u00e8ces neuves et d'occasion par NOX Gaming.\n<\/h4>\n<\/div><div class=\"bde-column-279-103 bde-column\">\n  \n  \n\t\n\n\n\n<img decoding=\"async\" class=\"bde-image2-279-104 bde-image2\" src=\"https:\/\/www.noxcomputers.ca\/wp-content\/uploads\/2025\/12\/NOX-Gaming-Hybrid-gaming-PC-reconditionned-refurbished-certified-gaming-pc2_resized.webp\" loading=\"lazy\" srcset=\"https:\/\/www.noxcomputers.ca\/wp-content\/uploads\/2025\/12\/NOX-Gaming-Hybrid-gaming-PC-reconditionned-refurbished-certified-gaming-pc2_resized.webp 500w, https:\/\/www.noxcomputers.ca\/wp-content\/uploads\/2025\/12\/NOX-Gaming-Hybrid-gaming-PC-reconditionned-refurbished-certified-gaming-pc2_resized-300x300.webp 300w, https:\/\/www.noxcomputers.ca\/wp-content\/uploads\/2025\/12\/NOX-Gaming-Hybrid-gaming-PC-reconditionned-refurbished-certified-gaming-pc2_resized-150x150.webp 150w\" sizes=\"(max-width: 500px) 100vw, 500px\" data-entrance=\"slideUp\">\n<\/div><\/div><\/div>\n<\/section><section id=\"all-hybrid-pcs\" class=\"bde-section-279-134 bde-section\">\n  \n  \n\t\n\n\n\n<div class=\"section-container\"><h2 class=\"bde-heading-279-135 bde-heading\">\nPC hybrides NOX\n<\/h2><div class=\"bde-text-279-136 bde-text\">\nFais l'exp\u00e9rience de l'\u00e9quilibre parfait avec nos PC de jeu hybrides : un m\u00e9lange r\u00e9fl\u00e9chi de composants neufs et remis \u00e0 neuf, enti\u00e8rement test\u00e9s et garantis.\n<br>Performance, fiabilit\u00e9 et le meilleur rapport qualit\u00e9-prix, avec une garantie compl\u00e8te d'un an sur les composants et la main d'\u0153uvre.<br>\n<\/div><div class=\"bde-columns-279-137 bde-columns\"><div class=\"bde-column-279-138 bde-column\">\n  \n  \n\t\n\n\n\n<h3 class=\"bde-heading-279-139 bde-heading\">\nTous les PC hybrides NOX Gaming en stock\n<\/h3><div class=\"bde-text-279-141 bde-text\">\nSi aucun PC n'est affich\u00e9, NOX Gaming n'a pas de PC hybrides en stock.\n<\/div>\n<\/div><\/div><div class=\"bde-wooproductslist-279-140 bde-wooproductslist breakdance-woocommerce\"><div class=\"woocommerce\"><ul class=\"products\">\n<li class=\"product type-product post-4236 status-publish first instock product_cat-wheels-en product_tag-sim-racing product_tag-simagic product_tag-steering-wheels has-post-thumbnail taxable shipping-taxable purchasable product-type-variable\" >\n\t<a href=\"https:\/\/www.noxgaming.ca\/fr\/product\/volant-simagic-gts-alcantara\/\" class=\"woocommerce-LoopProduct-link woocommerce-loop-product__link\"><div class=\"bde-woo-product-image\"><img loading=\"lazy\" decoding=\"async\" width=\"300\" height=\"300\" src=\"https:\/\/www.noxgaming.ca\/wp-content\/uploads\/2026\/02\/GTS\u7ffb\u6bdb\u76ae\u4eae\u706f-300x300.png\" class=\"attachment-woocommerce_thumbnail size-woocommerce_thumbnail\" alt=\"VOLANT SIMAGIC GTS\" srcset=\"https:\/\/www.noxgaming.ca\/wp-content\/uploads\/2026\/02\/GTS\u7ffb\u6bdb\u76ae\u4eae\u706f-300x300.png 300w, https:\/\/www.noxgaming.ca\/wp-content\/uploads\/2026\/02\/GTS\u7ffb\u6bdb\u76ae\u4eae\u706f-150x150.png 150w\" sizes=\"auto, (max-width: 300px) 100vw, 300px\" \/><\/div><h2 class=\"woocommerce-loop-product__title\">VOLANT SIMAGIC GTS<\/h2>\n\t<span class=\"price\"><span class=\"woocommerce-Price-amount amount\"><bdi><span class=\"woocommerce-Price-currencySymbol\">&#36;<\/span>356.00<\/bdi><\/span><\/span>\n<\/a><div class=\"bde-woo-product-footer\"><a href=\"https:\/\/www.noxgaming.ca\/fr\/product\/volant-simagic-gts-alcantara\/\" aria-describedby=\"woocommerce_loop_add_to_cart_link_describedby_4236\" data-quantity=\"1\" class=\"button product_type_variable add_to_cart_button\" data-product_id=\"4236\" data-product_sku=\"\" aria-label=\"S\u00e9lectionner les options pour \u201cSIMAGIC GTS STEERING WHEEL\u201d\" rel=\"nofollow\" data-no-translation=\"\" data-trp-gettext=\"\" data-no-translation-aria-label=\"\">S\u00e9lectionne les options<\/a>\t<span id=\"woocommerce_loop_add_to_cart_link_describedby_4236\" class=\"screen-reader-text\">\n\t\tCe produit a plusieurs variantes. Les options peuvent \u00eatre choisies sur la page du produit\t<\/span>\n<\/div><\/li>\n<li class=\"product type-product post-4551 status-publish instock product_cat-merchandise product_cat-simracing product_tag-nox-gaming product_tag-nox-merchandise product_tag-shop product_tag-sim-racing has-post-thumbnail taxable shipping-taxable purchasable product-type-variable\" >\n\t<a href=\"https:\/\/www.noxgaming.ca\/fr\/product\/gants-de-course-nox-gaming-esports\/\" class=\"woocommerce-LoopProduct-link woocommerce-loop-product__link\"><div class=\"bde-woo-product-image\"><img loading=\"lazy\" decoding=\"async\" width=\"300\" height=\"300\" src=\"https:\/\/www.noxgaming.ca\/wp-content\/uploads\/2026\/02\/GantsDessus-WOBG-300x300.png\" class=\"attachment-woocommerce_thumbnail size-woocommerce_thumbnail\" alt=\"NOX GAMING eSports - Gants de course TORQ\" srcset=\"https:\/\/www.noxgaming.ca\/wp-content\/uploads\/2026\/02\/GantsDessus-WOBG-300x300.png 300w, https:\/\/www.noxgaming.ca\/wp-content\/uploads\/2026\/02\/GantsDessus-WOBG-150x150.png 150w\" sizes=\"auto, (max-width: 300px) 100vw, 300px\" \/><\/div><h2 class=\"woocommerce-loop-product__title\">NOX GAMING eSports - Gants de course TORQ<\/h2>\n\t<span class=\"price\"><span class=\"woocommerce-Price-amount amount\"><bdi><span class=\"woocommerce-Price-currencySymbol\">&#36;<\/span>89.99<\/bdi><\/span><\/span>\n<\/a><div class=\"bde-woo-product-footer\"><a href=\"https:\/\/www.noxgaming.ca\/fr\/product\/gants-de-course-nox-gaming-esports\/\" aria-describedby=\"woocommerce_loop_add_to_cart_link_describedby_4551\" data-quantity=\"1\" class=\"button product_type_variable add_to_cart_button\" data-product_id=\"4551\" data-product_sku=\"\" aria-label=\"S\u00e9lectionner les options pour \u201cNOX GAMING eSports - TORQ Racing Gloves\u201d\" rel=\"nofollow\" data-no-translation=\"\" data-trp-gettext=\"\" data-no-translation-aria-label=\"\">S\u00e9lectionne les options<\/a>\t<span id=\"woocommerce_loop_add_to_cart_link_describedby_4551\" class=\"screen-reader-text\">\n\t\tCe produit a plusieurs variantes. Les options peuvent \u00eatre choisies sur la page du produit\t<\/span>\n<\/div><\/li>\n<li class=\"product type-product post-432806 status-publish instock product_cat-ready-to-ship-gaming-pc has-post-thumbnail taxable shipping-taxable purchasable product-type-simple\" >\n\t<a href=\"https:\/\/www.noxgaming.ca\/fr\/product\/n-stock-custom-one-off-gaming-pc-ready-to-ship-amd-ryzen-5-9600x-rtx-5060-ti-8gb-16gb-ddr5-cl38-rgb-1tb-nvme-4-0-ssd\/\" class=\"woocommerce-LoopProduct-link woocommerce-loop-product__link\"><div class=\"bde-woo-product-image\"><img loading=\"lazy\" decoding=\"async\" width=\"300\" height=\"300\" src=\"https:\/\/www.noxgaming.ca\/wp-content\/uploads\/2026\/04\/6-300x300.webp\" class=\"attachment-woocommerce_thumbnail size-woocommerce_thumbnail\" alt=\"EN STOCK \u2013 PC Gamer personnalis\u00e9 unique \u2013 Pr\u00eat \u00e0 exp\u00e9dier | AMD Ryzen 5 9600X | RTX 5060 Ti 8 Go | 16 Go DDR5 CL38 RVB | SSD NVMe 4.0 1 To\" srcset=\"https:\/\/www.noxgaming.ca\/wp-content\/uploads\/2026\/04\/6-300x300.webp 300w, https:\/\/www.noxgaming.ca\/wp-content\/uploads\/2026\/04\/6-150x150.webp 150w, https:\/\/www.noxgaming.ca\/wp-content\/uploads\/2026\/04\/6-768x768.webp 768w, https:\/\/www.noxgaming.ca\/wp-content\/uploads\/2026\/04\/6-12x12.webp 12w, https:\/\/www.noxgaming.ca\/wp-content\/uploads\/2026\/04\/6-600x600.webp 600w, https:\/\/www.noxgaming.ca\/wp-content\/uploads\/2026\/04\/6.webp 1000w\" sizes=\"auto, (max-width: 300px) 100vw, 300px\" \/><\/div><h2 class=\"woocommerce-loop-product__title\">EN STOCK \u2013 PC Gamer personnalis\u00e9 unique \u2013 Pr\u00eat \u00e0 exp\u00e9dier | AMD Ryzen 5 9600X | RTX 5060 Ti 8 Go | 16 Go DDR5 CL38 RVB | SSD NVMe 4.0 1 To<\/h2>\n\t<span class=\"price\"><span class=\"woocommerce-Price-amount amount\"><bdi><span class=\"woocommerce-Price-currencySymbol\">&#36;<\/span>2,029.99<\/bdi><\/span><\/span>\n<\/a><div class=\"bde-woo-product-footer\"><a href=\"\/fr\/wp-json\/wp\/v2\/pages\/279?add-to-cart=432806\" aria-describedby=\"woocommerce_loop_add_to_cart_link_describedby_432806\" data-quantity=\"1\" class=\"button product_type_simple add_to_cart_button ajax_add_to_cart\" data-product_id=\"432806\" data-product_sku=\"NOX5751304\" aria-label=\"Ajouter au panier : \u201cIN STOCK \u2013 Custom One-Off Gaming PC \u2013 Ready to ship | AMD Ryzen 5 9600X | RTX 5060 Ti 8GB | 16GB DDR5 CL38 RGB | 1TB NVMe 4.0 SSD\u201d\" rel=\"nofollow\" data-success_message=\"\u201cIN STOCK \u2013 Custom One-Off Gaming PC \u2013 Ready to ship | AMD Ryzen 5 9600X | RTX 5060 Ti 8GB | 16GB DDR5 CL38 RGB | 1TB NVMe 4.0 SSD\u201d a \u00e9t\u00e9 ajout\u00e9 \u00e0 votre panier\" role=\"button\" data-no-translation=\"\" data-trp-gettext=\"\" data-no-translation-aria-label=\"\" data-no-translation-data-success_message=\"\">+ Panier<\/a>\t<span id=\"woocommerce_loop_add_to_cart_link_describedby_432806\" class=\"screen-reader-text\">\n\t\t\t<\/span>\n<\/div><\/li>\n<li class=\"product type-product post-4624 status-publish last instock product_cat-haptic-motors product_cat-simracing-mounts product_tag-pedal-accessories product_tag-sim-racing product_tag-sim-racing-accessories product_tag-simagic has-post-thumbnail taxable shipping-taxable purchasable product-type-variable\" >\n\t<a href=\"https:\/\/www.noxgaming.ca\/fr\/product\/simagic-hcb-p2000-haptic-control-box\/\" class=\"woocommerce-LoopProduct-link woocommerce-loop-product__link\"><div class=\"bde-woo-product-image\"><img loading=\"lazy\" decoding=\"async\" width=\"300\" height=\"300\" src=\"https:\/\/www.noxgaming.ca\/wp-content\/uploads\/2026\/02\/SimagicP2000-HCB-3-300x300.png\" class=\"attachment-woocommerce_thumbnail size-woocommerce_thumbnail\" alt=\"SIMAGIC P2000-HCB Bo\u00eetier de commande haptique avec support\" srcset=\"https:\/\/www.noxgaming.ca\/wp-content\/uploads\/2026\/02\/SimagicP2000-HCB-3-300x300.png 300w, https:\/\/www.noxgaming.ca\/wp-content\/uploads\/2026\/02\/SimagicP2000-HCB-3-150x150.png 150w, https:\/\/www.noxgaming.ca\/wp-content\/uploads\/2026\/02\/SimagicP2000-HCB-3-12x12.png 12w, https:\/\/www.noxgaming.ca\/wp-content\/uploads\/2026\/02\/SimagicP2000-HCB-3.png 600w\" sizes=\"auto, (max-width: 300px) 100vw, 300px\" \/><\/div><h2 class=\"woocommerce-loop-product__title\">SIMAGIC P2000-HCB Bo\u00eetier de commande haptique avec support<\/h2>\n\t<span class=\"price\"><span class=\"woocommerce-Price-amount amount\" aria-hidden=\"true\"><bdi><span class=\"woocommerce-Price-currencySymbol\">&#36;<\/span>19.00<\/bdi><\/span> <span aria-hidden=\"true\">-<\/span> <span class=\"woocommerce-Price-amount amount\" aria-hidden=\"true\"><bdi><span class=\"woocommerce-Price-currencySymbol\">&#36;<\/span>96.00<\/bdi><\/span><span class=\"screen-reader-text\" data-no-translation=\"\" data-trp-gettext=\"\">Gamme de prix : &#36;19.00 \u00e0 &#36;96.00<\/span><\/span>\n<\/a><div class=\"bde-woo-product-footer\"><a href=\"https:\/\/www.noxgaming.ca\/fr\/product\/simagic-hcb-p2000-haptic-control-box\/\" aria-describedby=\"woocommerce_loop_add_to_cart_link_describedby_4624\" data-quantity=\"1\" class=\"button product_type_variable add_to_cart_button\" data-product_id=\"4624\" data-product_sku=\"P2000-HCB Kit\" aria-label=\"S\u00e9lectionner les options pour \u201cSIMAGIC P2000-HCB Haptic Control Box with mount\u201d\" rel=\"nofollow\" data-no-translation=\"\" data-trp-gettext=\"\" data-no-translation-aria-label=\"\">S\u00e9lectionne les options<\/a>\t<span id=\"woocommerce_loop_add_to_cart_link_describedby_4624\" class=\"screen-reader-text\">\n\t\tCe produit a plusieurs variantes. Les options peuvent \u00eatre choisies sur la page du produit\t<\/span>\n<\/div><\/li>\n<li class=\"product type-product post-3953 status-publish first instock product_cat-gaming-pc product_tag-configurator product_tag-custom-pc product_tag-gaming-pc product_tag-nbf25 product_tag-nox-gaming product_tag-pcs product_tag-tagbf25 has-post-thumbnail featured taxable shipping-taxable purchasable product-type-simple\" >\n\t<a href=\"https:\/\/www.noxgaming.ca\/fr\/product\/configurable-pc\/\" class=\"woocommerce-LoopProduct-link woocommerce-loop-product__link\"><div class=\"bde-woo-product-image\"><img loading=\"lazy\" decoding=\"async\" width=\"300\" height=\"300\" src=\"https:\/\/www.noxgaming.ca\/wp-content\/uploads\/2026\/02\/PC-Gaming-Configurable-Configurable-Gaming-PC-Custom-Build-300x300.webp\" class=\"attachment-woocommerce_thumbnail size-woocommerce_thumbnail\" alt=\"PC de jeu configurable\" srcset=\"https:\/\/www.noxgaming.ca\/wp-content\/uploads\/2026\/02\/PC-Gaming-Configurable-Configurable-Gaming-PC-Custom-Build-300x300.webp 300w, https:\/\/www.noxgaming.ca\/wp-content\/uploads\/2026\/02\/PC-Gaming-Configurable-Configurable-Gaming-PC-Custom-Build-1024x1024.webp 1024w, https:\/\/www.noxgaming.ca\/wp-content\/uploads\/2026\/02\/PC-Gaming-Configurable-Configurable-Gaming-PC-Custom-Build-150x150.webp 150w, https:\/\/www.noxgaming.ca\/wp-content\/uploads\/2026\/02\/PC-Gaming-Configurable-Configurable-Gaming-PC-Custom-Build-768x768.webp 768w, https:\/\/www.noxgaming.ca\/wp-content\/uploads\/2026\/02\/PC-Gaming-Configurable-Configurable-Gaming-PC-Custom-Build-12x12.webp 12w, https:\/\/www.noxgaming.ca\/wp-content\/uploads\/2026\/02\/PC-Gaming-Configurable-Configurable-Gaming-PC-Custom-Build-600x600.webp 600w, https:\/\/www.noxgaming.ca\/wp-content\/uploads\/2026\/02\/PC-Gaming-Configurable-Configurable-Gaming-PC-Custom-Build.webp 1200w\" sizes=\"auto, (max-width: 300px) 100vw, 300px\" \/><\/div><h2 class=\"woocommerce-loop-product__title\">PC de jeu configurable<\/h2>\n\t<span class=\"price\"><span class=\"woocommerce-Price-amount amount\"><bdi><span class=\"woocommerce-Price-currencySymbol\">&#36;<\/span>2,199.99<\/bdi><\/span><\/span>\n<\/a><div class=\"bde-woo-product-footer\"><a href=\"https:\/\/www.noxgaming.ca\/fr\/product\/configurable-pc\/\" aria-describedby=\"woocommerce_loop_add_to_cart_link_describedby_3953\" data-quantity=\"1\" class=\"button product_type_simple add_to_cart_button\" data-product_id=\"3953\" data-product_sku=\"\" aria-label=\"Ajouter au panier : \u201cGaming PC configurable\u201d\" rel=\"nofollow\" data-success_message=\"\u201cGaming PC configurable\u201d a \u00e9t\u00e9 ajout\u00e9 \u00e0 votre panier\" data-no-translation=\"\" data-trp-gettext=\"\" data-no-translation-aria-label=\"\" data-no-translation-data-success_message=\"\">S\u00e9lectionne les options<\/a>\t<span id=\"woocommerce_loop_add_to_cart_link_describedby_3953\" class=\"screen-reader-text\">\n\t\t\t<\/span>\n<\/div><\/li>\n<li class=\"product type-product post-4149 status-publish instock product_cat-merchandise product_tag-daily-nox-collection product_tag-nox-gaming product_tag-nox-merchandise product_tag-shop has-post-thumbnail taxable shipping-taxable purchasable product-type-simple\" >\n\t<a href=\"https:\/\/www.noxgaming.ca\/fr\/product\/soft-hoodie-nox-gaming\/\" class=\"woocommerce-LoopProduct-link woocommerce-loop-product__link\"><div class=\"bde-woo-product-image\"><img loading=\"lazy\" decoding=\"async\" width=\"300\" height=\"300\" src=\"https:\/\/www.noxgaming.ca\/wp-content\/uploads\/2026\/02\/HoodieNoirLogoNormalAvant-PhotoRoom-PhotoRoom-300x300.png\" class=\"attachment-woocommerce_thumbnail size-woocommerce_thumbnail\" alt=\"Sweat \u00e0 capuche NOX Gaming\" srcset=\"https:\/\/www.noxgaming.ca\/wp-content\/uploads\/2026\/02\/HoodieNoirLogoNormalAvant-PhotoRoom-PhotoRoom-300x300.png 300w, https:\/\/www.noxgaming.ca\/wp-content\/uploads\/2026\/02\/HoodieNoirLogoNormalAvant-PhotoRoom-PhotoRoom-150x150.png 150w, https:\/\/www.noxgaming.ca\/wp-content\/uploads\/2026\/02\/HoodieNoirLogoNormalAvant-PhotoRoom-PhotoRoom-12x12.png 12w\" sizes=\"auto, (max-width: 300px) 100vw, 300px\" \/><\/div><h2 class=\"woocommerce-loop-product__title\">Sweat \u00e0 capuche NOX Gaming<\/h2>\n\t<span class=\"price\"><span class=\"woocommerce-Price-amount amount\"><bdi><span class=\"woocommerce-Price-currencySymbol\">&#36;<\/span>59.99<\/bdi><\/span><\/span>\n<\/a><div class=\"bde-woo-product-footer\"><a href=\"\/fr\/wp-json\/wp\/v2\/pages\/279?add-to-cart=4149\" aria-describedby=\"woocommerce_loop_add_to_cart_link_describedby_4149\" data-quantity=\"1\" class=\"button product_type_simple add_to_cart_button ajax_add_to_cart\" data-product_id=\"4149\" data-product_sku=\"\" aria-label=\"Ajouter au panier : \u201cNOX Gaming quilted cotton\u201d\" rel=\"nofollow\" data-success_message=\"\u201cNOX Gaming quilted cotton\u201d a \u00e9t\u00e9 ajout\u00e9 \u00e0 votre panier\" role=\"button\" data-no-translation=\"\" data-trp-gettext=\"\" data-no-translation-aria-label=\"\" data-no-translation-data-success_message=\"\">+ Panier<\/a>\t<span id=\"woocommerce_loop_add_to_cart_link_describedby_4149\" class=\"screen-reader-text\">\n\t\t\t<\/span>\n<\/div><\/li>\n<li class=\"product type-product post-4152 status-publish instock product_cat-merchandise product_tag-daily-nox-collection product_tag-nox-gaming product_tag-nox-merchandise product_tag-shop has-post-thumbnail taxable shipping-taxable purchasable product-type-simple\" >\n\t<a href=\"https:\/\/www.noxgaming.ca\/fr\/product\/hoodie-sport\/\" class=\"woocommerce-LoopProduct-link woocommerce-loop-product__link\"><div class=\"bde-woo-product-image\"><img loading=\"lazy\" decoding=\"async\" width=\"300\" height=\"300\" src=\"https:\/\/www.noxgaming.ca\/wp-content\/uploads\/2026\/02\/HoodieSportLogoBrodeBlancAvant-PhotoRoom-PhotoRoom-300x300.png\" class=\"attachment-woocommerce_thumbnail size-woocommerce_thumbnail\" alt=\"Sweat \u00e0 capuche de sport NOX Gaming\" srcset=\"https:\/\/www.noxgaming.ca\/wp-content\/uploads\/2026\/02\/HoodieSportLogoBrodeBlancAvant-PhotoRoom-PhotoRoom-300x300.png 300w, https:\/\/www.noxgaming.ca\/wp-content\/uploads\/2026\/02\/HoodieSportLogoBrodeBlancAvant-PhotoRoom-PhotoRoom-150x150.png 150w, https:\/\/www.noxgaming.ca\/wp-content\/uploads\/2026\/02\/HoodieSportLogoBrodeBlancAvant-PhotoRoom-PhotoRoom-13x12.png 13w\" sizes=\"auto, (max-width: 300px) 100vw, 300px\" \/><\/div><h2 class=\"woocommerce-loop-product__title\">Sweat \u00e0 capuche de sport NOX Gaming<\/h2>\n\t<span class=\"price\"><span class=\"woocommerce-Price-amount amount\"><bdi><span class=\"woocommerce-Price-currencySymbol\">&#36;<\/span>79.99<\/bdi><\/span><\/span>\n<\/a><div class=\"bde-woo-product-footer\"><a href=\"\/fr\/wp-json\/wp\/v2\/pages\/279?add-to-cart=4152\" aria-describedby=\"woocommerce_loop_add_to_cart_link_describedby_4152\" data-quantity=\"1\" class=\"button product_type_simple add_to_cart_button ajax_add_to_cart\" data-product_id=\"4152\" data-product_sku=\"\" aria-label=\"Ajouter au panier : \u201cNOX Gaming sports hoodie\u201d\" rel=\"nofollow\" data-success_message=\"\u201cNOX Gaming sports hoodie\u201d a \u00e9t\u00e9 ajout\u00e9 \u00e0 votre panier\" role=\"button\" data-no-translation=\"\" data-trp-gettext=\"\" data-no-translation-aria-label=\"\" data-no-translation-data-success_message=\"\">+ Panier<\/a>\t<span id=\"woocommerce_loop_add_to_cart_link_describedby_4152\" class=\"screen-reader-text\">\n\t\t\t<\/span>\n<\/div><\/li>\n<li class=\"product type-product post-4155 status-publish last instock product_cat-merchandise product_tag-daily-nox-collection product_tag-nox-gaming product_tag-nox-merchandise product_tag-shop has-post-thumbnail taxable shipping-taxable purchasable product-type-simple\" >\n\t<a href=\"https:\/\/www.noxgaming.ca\/fr\/product\/long-sleeve-shirt\/\" class=\"woocommerce-LoopProduct-link woocommerce-loop-product__link\"><div class=\"bde-woo-product-image\"><img loading=\"lazy\" decoding=\"async\" width=\"300\" height=\"300\" src=\"https:\/\/www.noxgaming.ca\/wp-content\/uploads\/2026\/02\/MancheLongueLogoNormalAvant-PhotoRoom-PhotoRoom-300x300.png\" class=\"attachment-woocommerce_thumbnail size-woocommerce_thumbnail\" alt=\"Chandail \u00e0 manches longues NOX Gaming\" srcset=\"https:\/\/www.noxgaming.ca\/wp-content\/uploads\/2026\/02\/MancheLongueLogoNormalAvant-PhotoRoom-PhotoRoom-300x300.png 300w, https:\/\/www.noxgaming.ca\/wp-content\/uploads\/2026\/02\/MancheLongueLogoNormalAvant-PhotoRoom-PhotoRoom-150x150.png 150w, https:\/\/www.noxgaming.ca\/wp-content\/uploads\/2026\/02\/MancheLongueLogoNormalAvant-PhotoRoom-PhotoRoom-11x12.png 11w\" sizes=\"auto, (max-width: 300px) 100vw, 300px\" \/><\/div><h2 class=\"woocommerce-loop-product__title\">Chandail \u00e0 manches longues NOX Gaming<\/h2>\n\t<span class=\"price\"><span class=\"woocommerce-Price-amount amount\"><bdi><span class=\"woocommerce-Price-currencySymbol\">&#36;<\/span>39.99<\/bdi><\/span><\/span>\n<\/a><div class=\"bde-woo-product-footer\"><a href=\"\/fr\/wp-json\/wp\/v2\/pages\/279?add-to-cart=4155\" aria-describedby=\"woocommerce_loop_add_to_cart_link_describedby_4155\" data-quantity=\"1\" class=\"button product_type_simple add_to_cart_button ajax_add_to_cart\" data-product_id=\"4155\" data-product_sku=\"\" aria-label=\"Ajouter au panier : \u201cNOX Gaming long-sleeve shirt\u201d\" rel=\"nofollow\" data-success_message=\"\u201cNOX Gaming long-sleeve shirt\u201d a \u00e9t\u00e9 ajout\u00e9 \u00e0 votre panier\" role=\"button\" data-no-translation=\"\" data-trp-gettext=\"\" data-no-translation-aria-label=\"\" data-no-translation-data-success_message=\"\">+ Panier<\/a>\t<span id=\"woocommerce_loop_add_to_cart_link_describedby_4155\" class=\"screen-reader-text\">\n\t\t\t<\/span>\n<\/div><\/li>\n<\/ul>\n<\/div>\r\n<\/div><\/div>\n<\/section>","protected":false},"excerpt":{"rendered":"","protected":false},"author":2,"featured_media":0,"parent":451,"menu_order":0,"comment_status":"closed","ping_status":"closed","template":"","meta":{"_acf_changed":false,"_breakdance_hide_in_design_set":false,"_breakdance_tags":"","footnotes":""},"class_list":["post-279","page","type-page","status-publish","hentry"],"acf":[],"_links":{"self":[{"href":"https:\/\/www.noxgaming.ca\/fr\/wp-json\/wp\/v2\/pages\/279","targetHints":{"allow":["GET"]}}],"collection":[{"href":"https:\/\/www.noxgaming.ca\/fr\/wp-json\/wp\/v2\/pages"}],"about":[{"href":"https:\/\/www.noxgaming.ca\/fr\/wp-json\/wp\/v2\/types\/page"}],"author":[{"embeddable":true,"href":"https:\/\/www.noxgaming.ca\/fr\/wp-json\/wp\/v2\/users\/2"}],"replies":[{"embeddable":true,"href":"https:\/\/www.noxgaming.ca\/fr\/wp-json\/wp\/v2\/comments?post=279"}],"version-history":[{"count":7,"href":"https:\/\/www.noxgaming.ca\/fr\/wp-json\/wp\/v2\/pages\/279\/revisions"}],"predecessor-version":[{"id":3213,"href":"https:\/\/www.noxgaming.ca\/fr\/wp-json\/wp\/v2\/pages\/279\/revisions\/3213"}],"up":[{"embeddable":true,"href":"https:\/\/www.noxgaming.ca\/fr\/wp-json\/wp\/v2\/pages\/451"}],"wp:attachment":[{"href":"https:\/\/www.noxgaming.ca\/fr\/wp-json\/wp\/v2\/media?parent=279"}],"curies":[{"name":"wp","href":"https:\/\/api.w.org\/{rel}","templated":true}]}}