{"id":222,"date":"2025-12-23T14:57:34","date_gmt":"2025-12-23T14:57:34","guid":{"rendered":"https:\/\/www.noxgaming.ca\/?page_id=222"},"modified":"2026-02-20T11:41:52","modified_gmt":"2026-02-20T16:41:52","slug":"nox-gaming-discord","status":"publish","type":"page","link":"https:\/\/www.noxgaming.ca\/fr\/nox-gaming-discord\/","title":{"rendered":"NOX Gaming Discord"},"content":{"rendered":"<section class=\"bde-section-222-100 bde-section\">\n  \n  \n\t\n\n\n\n<div class=\"section-container\"><div class=\"bde-columns-222-101 bde-columns\"><div class=\"bde-column-222-102 bde-column\">\n  \n  \n\t\n\n\n\n<img decoding=\"async\" class=\"bde-image2-222-104 bde-image2\" src=\"https:\/\/www.noxcomputers.ca\/wp-content\/uploads\/2025\/12\/NOX-Gaming-logo_Couleur41_resized_resized_resized.webp\" loading=\"lazy\" srcset=\"https:\/\/www.noxcomputers.ca\/wp-content\/uploads\/2025\/12\/NOX-Gaming-logo_Couleur41_resized_resized_resized.webp 313w, https:\/\/www.noxcomputers.ca\/wp-content\/uploads\/2025\/12\/NOX-Gaming-logo_Couleur41_resized_resized_resized-300x56.webp 300w\" sizes=\"(max-width: 313px) 100vw, 313px\"><h1 class=\"bde-heading-222-105 bde-heading\">\nRejoins le Discord de NOX Gaming\n<\/h1><div class=\"bde-button-222-106 bde-button\">\n        \n    \n    \n    \n    \n            \n                    \n            \n            \n\n    \n    \n    \n    \n    \n    <a class=\"breakdance-link button-atom button-atom--primary bde-button__button\" href=\"https:\/\/discord.gg\/gRCVDXj978\" target=\"_blank\" data-type=\"url\"  >\n\n    \n        <span class=\"button-atom__text\">Rejoins le Discord<\/span>\n\n        \n        \n                <\/a>\n\n    \n\n\n<\/div>\n<\/div><div class=\"bde-column-222-103 bde-column\">\n  \n  \n\t\n\n\n\n<img decoding=\"async\" class=\"bde-image2-222-107 bde-image2\" src=\"https:\/\/www.noxcomputers.ca\/wp-content\/uploads\/2025\/12\/Page-Discord-Channel-NOX-Gaming.webp\" loading=\"lazy\" srcset=\"https:\/\/www.noxcomputers.ca\/wp-content\/uploads\/2025\/12\/Page-Discord-Channel-NOX-Gaming.webp 625w, https:\/\/www.noxcomputers.ca\/wp-content\/uploads\/2025\/12\/Page-Discord-Channel-NOX-Gaming-300x300.webp 300w, https:\/\/www.noxcomputers.ca\/wp-content\/uploads\/2025\/12\/Page-Discord-Channel-NOX-Gaming-150x150.webp 150w, https:\/\/www.noxcomputers.ca\/wp-content\/uploads\/2025\/12\/Page-Discord-Channel-NOX-Gaming-600x600.webp 600w\" sizes=\"(max-width: 625px) 100vw, 625px\">\n<\/div><\/div><\/div>\n<\/section><section class=\"bde-section-222-108 bde-section\">\n  \n  \n\t\n\n\n\n<div class=\"section-container\"><div class=\"bde-columns-222-109 bde-columns\"><div class=\"bde-column-222-110 bde-column\">\n  \n  \n\t\n\n\n\n<img decoding=\"async\" class=\"bde-image2-222-112 bde-image2\" src=\"https:\/\/www.noxcomputers.ca\/wp-content\/uploads\/2025\/12\/Creation-sans-titre3_resized.webp\" loading=\"lazy\" srcset=\"https:\/\/www.noxcomputers.ca\/wp-content\/uploads\/2025\/12\/Creation-sans-titre3_resized.webp 625w, https:\/\/www.noxcomputers.ca\/wp-content\/uploads\/2025\/12\/Creation-sans-titre3_resized-300x174.webp 300w, https:\/\/www.noxcomputers.ca\/wp-content\/uploads\/2025\/12\/Creation-sans-titre3_resized-600x348.webp 600w\" sizes=\"(max-width: 625px) 100vw, 625px\">\n<\/div><div class=\"bde-column-222-111 bde-column\">\n  \n  \n\t\n\n\n\n<h3 class=\"bde-heading-222-113 bde-heading\">\nPartage tes id\u00e9es\n<\/h3><div class=\"bde-text-222-114 bde-text\">\nQue tu aies des questions, des id\u00e9es ou des suggestions, ou que tu veuilles simplement partager tes pens\u00e9es sur SimRacing, ou tes jeux PC pr\u00e9f\u00e9r\u00e9s, le NOX Gaming Discord est l'endroit id\u00e9al pour trouver une communaut\u00e9 active et impliqu\u00e9e avec laquelle tu pourras t'am\u00e9liorer et trouver de nouvelles id\u00e9es !\n<\/div>\n<\/div><\/div><\/div>\n<\/section><section class=\"bde-section-222-115 bde-section\">\n  \n  \n\t\n\n\n\n<div class=\"section-container\"><div class=\"bde-columns-222-116 bde-columns\"><div class=\"bde-column-222-117 bde-column\">\n  \n  \n\t\n\n\n\n<h3 class=\"bde-heading-222-120 bde-heading\">\nConcours et promotions\n<\/h3><div class=\"bde-text-222-121 bde-text\">\nProfitez de concours exclusifs \u00e0 notre Discord NOX Gaming avec des prix uniques, et des codes promotionnels occasionnels uniquement annonc\u00e9s dans la communaut\u00e9.\n<\/div>\n<\/div><div class=\"bde-column-222-118 bde-column\">\n  \n  \n\t\n\n\n\n<img decoding=\"async\" class=\"bde-image2-222-119 bde-image2\" src=\"https:\/\/www.noxcomputers.ca\/wp-content\/uploads\/2025\/12\/Discord-Giveaway-NOX-Gaming-Promotion-Discord.avif\" loading=\"lazy\" srcset=\"https:\/\/www.noxcomputers.ca\/wp-content\/uploads\/2025\/12\/Discord-Giveaway-NOX-Gaming-Promotion-Discord.avif 1000w, https:\/\/www.noxcomputers.ca\/wp-content\/uploads\/2025\/12\/Discord-Giveaway-NOX-Gaming-Promotion-Discord-300x166.avif 300w, https:\/\/www.noxcomputers.ca\/wp-content\/uploads\/2025\/12\/Discord-Giveaway-NOX-Gaming-Promotion-Discord-768x425.avif 768w, https:\/\/www.noxcomputers.ca\/wp-content\/uploads\/2025\/12\/Discord-Giveaway-NOX-Gaming-Promotion-Discord-600x332.avif 600w\" sizes=\"(max-width: 1000px) 100vw, 1000px\">\n<\/div><\/div><\/div>\n<\/section><section class=\"bde-section-222-122 bde-section\">\n  \n  \n\t\n\n\n\n<div class=\"section-container\"><div class=\"bde-columns-222-123 bde-columns\"><div class=\"bde-column-222-124 bde-column\">\n  \n  \n\t\n\n\n\n<img decoding=\"async\" class=\"bde-image2-222-126 bde-image2\" src=\"https:\/\/www.noxcomputers.ca\/wp-content\/uploads\/2025\/12\/SIMAGIC-Tech-support-NOX-Gaming-CANADA-Discord.webp\" loading=\"lazy\" srcset=\"https:\/\/www.noxcomputers.ca\/wp-content\/uploads\/2025\/12\/SIMAGIC-Tech-support-NOX-Gaming-CANADA-Discord.webp 1000w, https:\/\/www.noxcomputers.ca\/wp-content\/uploads\/2025\/12\/SIMAGIC-Tech-support-NOX-Gaming-CANADA-Discord-300x260.webp 300w, https:\/\/www.noxcomputers.ca\/wp-content\/uploads\/2025\/12\/SIMAGIC-Tech-support-NOX-Gaming-CANADA-Discord-768x666.webp 768w, https:\/\/www.noxcomputers.ca\/wp-content\/uploads\/2025\/12\/SIMAGIC-Tech-support-NOX-Gaming-CANADA-Discord-600x520.webp 600w\" sizes=\"(max-width: 1000px) 100vw, 1000px\">\n<\/div><div class=\"bde-column-222-125 bde-column\">\n  \n  \n\t\n\n\n\n<h3 class=\"bde-heading-222-127 bde-heading\">\nSupport technique\n<\/h3><div class=\"bde-text-222-128 bde-text\">\nPose tes questions \u00e0 la communaut\u00e9 pour obtenir une aide rapide et efficace de la part de passionn\u00e9s exp\u00e9riment\u00e9s de SimRacing et de PC Gaming.<br><br>Ne t'inqui\u00e8te pas, nous continuerons \u00e0 t'aider rapidement comme d'habitude ! Mais la communaut\u00e9 Discord de NOX Gaming peut avoir des solutions uniques \u00e0 des probl\u00e8mes communs ou des pr\u00e9occupations, et des conseils pour am\u00e9liorer votre configuration de jeu ou votre plate-forme de SimRacing !<br><br>L'\u00e9quipe de NOX Gaming reste \u00e9galement active sur Discord, proposant des solutions directement issues des fabricants pour les probl\u00e8mes plus complexes.\n<\/div>\n<\/div><\/div><\/div>\n<\/section><section class=\"bde-section-222-129 bde-section\">\n  \n  \n\t\n\n\n\n<div class=\"section-container\"><div class=\"bde-columns-222-130 bde-columns\"><div class=\"bde-column-222-131 bde-column\">\n  \n  \n\t\n\n\n\n<h2 class=\"bde-heading-222-133 bde-heading\">\nRejoins le serveur Discord de NOX Gaming d\u00e8s aujourd'hui !\n<\/h2><img decoding=\"async\" class=\"bde-image2-222-134 bde-image2\" src=\"https:\/\/www.noxcomputers.ca\/wp-content\/uploads\/2025\/12\/Discord-log2o_resized_resized.webp\" loading=\"lazy\" srcset=\"https:\/\/www.noxcomputers.ca\/wp-content\/uploads\/2025\/12\/Discord-log2o_resized_resized.webp 960w, https:\/\/www.noxcomputers.ca\/wp-content\/uploads\/2025\/12\/Discord-log2o_resized_resized-300x58.webp 300w, https:\/\/www.noxcomputers.ca\/wp-content\/uploads\/2025\/12\/Discord-log2o_resized_resized-768x147.webp 768w, https:\/\/www.noxcomputers.ca\/wp-content\/uploads\/2025\/12\/Discord-log2o_resized_resized-600x115.webp 600w\" sizes=\"(max-width: 960px) 100vw, 960px\"><div class=\"bde-button-222-135 bde-button\">\n        \n    \n    \n    \n    \n            \n                    \n            \n            \n\n    \n    \n    \n    \n    \n    <a class=\"breakdance-link button-atom button-atom--primary bde-button__button\" href=\"https:\/\/discord.gg\/gRCVDXj978\" target=\"_blank\" data-type=\"url\"  >\n\n    \n        <span class=\"button-atom__text\">Rejoins le Discord<\/span>\n\n        \n        \n                <\/a>\n\n    \n\n\n<\/div>\n<\/div><\/div><\/div>\n<\/section>","protected":false},"excerpt":{"rendered":"<p>Join the NOX Gaming Discord Join the Discord Share your ideas Whether you have questions, ideas or suggestions, or if you just want to share your thoughts on SimRacing, or your favorite PC games, the NOX Gaming Discord is the perfect place to find an active, involved community with whom you can improve and come [&hellip;]<\/p>\n","protected":false},"author":2,"featured_media":275,"parent":0,"menu_order":0,"comment_status":"closed","ping_status":"closed","template":"","meta":{"_acf_changed":false,"_breakdance_hide_in_design_set":false,"_breakdance_tags":"","footnotes":""},"class_list":["post-222","page","type-page","status-publish","has-post-thumbnail","hentry"],"acf":[],"_links":{"self":[{"href":"https:\/\/www.noxgaming.ca\/fr\/wp-json\/wp\/v2\/pages\/222","targetHints":{"allow":["GET"]}}],"collection":[{"href":"https:\/\/www.noxgaming.ca\/fr\/wp-json\/wp\/v2\/pages"}],"about":[{"href":"https:\/\/www.noxgaming.ca\/fr\/wp-json\/wp\/v2\/types\/page"}],"author":[{"embeddable":true,"href":"https:\/\/www.noxgaming.ca\/fr\/wp-json\/wp\/v2\/users\/2"}],"replies":[{"embeddable":true,"href":"https:\/\/www.noxgaming.ca\/fr\/wp-json\/wp\/v2\/comments?post=222"}],"version-history":[{"count":5,"href":"https:\/\/www.noxgaming.ca\/fr\/wp-json\/wp\/v2\/pages\/222\/revisions"}],"predecessor-version":[{"id":755,"href":"https:\/\/www.noxgaming.ca\/fr\/wp-json\/wp\/v2\/pages\/222\/revisions\/755"}],"wp:featuredmedia":[{"embeddable":true,"href":"https:\/\/www.noxgaming.ca\/fr\/wp-json\/wp\/v2\/media\/275"}],"wp:attachment":[{"href":"https:\/\/www.noxgaming.ca\/fr\/wp-json\/wp\/v2\/media?parent=222"}],"curies":[{"name":"wp","href":"https:\/\/api.w.org\/{rel}","templated":true}]}}