{"id":218,"date":"2025-12-23T14:57:48","date_gmt":"2025-12-23T14:57:48","guid":{"rendered":"https:\/\/www.noxgaming.ca\/?page_id=218"},"modified":"2026-02-20T11:50:10","modified_gmt":"2026-02-20T16:50:10","slug":"preparation-expedition","status":"publish","type":"page","link":"https:\/\/www.noxgaming.ca\/fr\/preparation-shipping\/","title":{"rendered":"Preparation &#038; Shipping"},"content":{"rendered":"<section class=\"bde-section-218-100 bde-section\">\n              \n  \n  \n\t\n\n  <div class=\"section-background-overlay\"><\/div>\n\n\n<div class=\"section-container\"><div class=\"bde-columns-218-104 bde-columns\"><div class=\"bde-column-218-105 bde-column\">\n  \n  \n\t\n\n\n\n<img decoding=\"async\" class=\"bde-image2-218-101 bde-image2\" src=\"https:\/\/www.noxcomputers.ca\/wp-content\/uploads\/2025\/12\/NOX-Gaming-logo_Couleur41_resized_resized_resized.webp\" loading=\"lazy\" srcset=\"https:\/\/www.noxcomputers.ca\/wp-content\/uploads\/2025\/12\/NOX-Gaming-logo_Couleur41_resized_resized_resized.webp 313w, https:\/\/www.noxcomputers.ca\/wp-content\/uploads\/2025\/12\/NOX-Gaming-logo_Couleur41_resized_resized_resized-300x56.webp 300w\" sizes=\"(max-width: 313px) 100vw, 313px\"><h1 class=\"bde-heading-218-102 bde-heading\">\nPr\u00e9paration et exp\u00e9dition\n<\/h1><div class=\"bde-text-218-103 bde-text\">\nChez NOX Gaming, chaque commande est soigneusement pr\u00e9par\u00e9e et exp\u00e9di\u00e9e rapidement, afin que tu puisses profiter de ton nouvel \u00e9quipement le plus t\u00f4t possible.\n<\/div>\n<\/div><\/div><\/div>\n<\/section><section class=\"bde-section-218-107 bde-section\">\n  \n  \n\t\n\n\n\n<div class=\"section-container\"><h2 class=\"bde-heading-218-112 bde-heading\">\nAchat\n<\/h2><div class=\"bde-text-218-115 bde-text\">\nLa livraison est gratuite pour les commandes de 135$ CAD et plus.*<br>Le ramassage en magasin est toujours gratuit, et nous te contacterons lorsque ta commande sera pr\u00eate.<br><br>*Certains frais suppl\u00e9mentaires peuvent s'appliquer pour la livraison dans les r\u00e9gions \u00e9loign\u00e9es, ou pour les produits plus lourds et plus volumineux tels que les rigs, les ch\u00e2ssis, les frames, les si\u00e8ges et les accessoires de rigs SimRacing. Contacte-nous pour en savoir plus.<br>\n<\/div><div class=\"bde-fancy-divider-218-130 bde-fancy-divider\">\n\n\n<div class=\"bde-fancy-divider__wrapper\">\n  <div class=\"bde-fancy-divider__separator has-content\">\n  \t    \t    \t    \t\t\t    \t\t<div class=\"bde-fancy-divider__content bde-fancy-divider__content--icon\"><svg xmlns=\"http:\/\/www.w3.org\/2000\/svg\" viewbox=\"0 0 640 512\"><!--! Font Awesome Free 6.5.1 by @fontawesome - https:\/\/fontawesome.com License - https:\/\/fontawesome.com\/license\/free (Icons: CC BY 4.0, Fonts: SIL OFL 1.1, Code: MIT License) Copyright 2023 Fonticons, Inc. --><path d=\"M112 0C85.5 0 64 21.5 64 48V96H16c-8.8 0-16 7.2-16 16s7.2 16 16 16H64 272c8.8 0 16 7.2 16 16s-7.2 16-16 16H64 48c-8.8 0-16 7.2-16 16s7.2 16 16 16H64 240c8.8 0 16 7.2 16 16s-7.2 16-16 16H64 16c-8.8 0-16 7.2-16 16s7.2 16 16 16H64 208c8.8 0 16 7.2 16 16s-7.2 16-16 16H64V416c0 53 43 96 96 96s96-43 96-96H384c0 53 43 96 96 96s96-43 96-96h32c17.7 0 32-14.3 32-32s-14.3-32-32-32V288 256 237.3c0-17-6.7-33.3-18.7-45.3L512 114.7c-12-12-28.3-18.7-45.3-18.7H416V48c0-26.5-21.5-48-48-48H112zM544 237.3V256H416V160h50.7L544 237.3zM160 368a48 48 0 1 1 0 96 48 48 0 1 1 0-96zm272 48a48 48 0 1 1 96 0 48 48 0 1 1 -96 0z\"\/><\/svg><\/div>\n    \t                  <\/div>\n<\/div>\n\n<\/div><h2 class=\"bde-heading-218-114 bde-heading\">\nPr\u00e9paration\n<\/h2><ul class=\"bde-basic-list-218-116 bde-basic-list\">\n  <li  >    \n          La majorit\u00e9 de nos ordinateurs sont fabriqu\u00e9s sur commande. Par cons\u00e9quent, les d\u00e9lais pour les commandes peuvent aller de 3 \u00e0 10 jours ouvrables, selon le volume des commandes.\n      <\/li>\n  <li  >    \n          Tu peux choisir l'option \"Construction prioritaire\" pour \u00eatre plac\u00e9 en haut de la liste d'attente de construction lors de l'achat d'un PC de jeu.\n      <\/li>\n  <li  >    \n          Pour le mat\u00e9riel SimRacing et les PC pr\u00eats \u00e0 \u00eatre exp\u00e9di\u00e9s (PC hybride + certains pr\u00e9-configur\u00e9s), attends-toi \u00e0 des d\u00e9lais d'environ un \u00e0 quatre jours ouvrables.\n      <\/li>\n  <li  >    \n          Si un ou plusieurs articles de ta commande sont en rupture de stock, nous te contacterons par t\u00e9l\u00e9phone ou par email pour t'informer des d\u00e9lais et des solutions disponibles d\u00e8s que possible.\n      <\/li>\n<\/ul><div class=\"bde-fancy-divider-218-131 bde-fancy-divider\">\n\n\n<div class=\"bde-fancy-divider__wrapper\">\n  <div class=\"bde-fancy-divider__separator has-content\">\n  \t    \t    \t    \t\t\t    \t\t<div class=\"bde-fancy-divider__content bde-fancy-divider__content--icon\"><svg xmlns=\"http:\/\/www.w3.org\/2000\/svg\" viewbox=\"0 0 640 512\"><!--! Font Awesome Free 6.5.1 by @fontawesome - https:\/\/fontawesome.com License - https:\/\/fontawesome.com\/license\/free (Icons: CC BY 4.0, Fonts: SIL OFL 1.1, Code: MIT License) Copyright 2023 Fonticons, Inc. --><path d=\"M112 0C85.5 0 64 21.5 64 48V96H16c-8.8 0-16 7.2-16 16s7.2 16 16 16H64 272c8.8 0 16 7.2 16 16s-7.2 16-16 16H64 48c-8.8 0-16 7.2-16 16s7.2 16 16 16H64 240c8.8 0 16 7.2 16 16s-7.2 16-16 16H64 16c-8.8 0-16 7.2-16 16s7.2 16 16 16H64 208c8.8 0 16 7.2 16 16s-7.2 16-16 16H64V416c0 53 43 96 96 96s96-43 96-96H384c0 53 43 96 96 96s96-43 96-96h32c17.7 0 32-14.3 32-32s-14.3-32-32-32V288 256 237.3c0-17-6.7-33.3-18.7-45.3L512 114.7c-12-12-28.3-18.7-45.3-18.7H416V48c0-26.5-21.5-48-48-48H112zM544 237.3V256H416V160h50.7L544 237.3zM160 368a48 48 0 1 1 0 96 48 48 0 1 1 0-96zm272 48a48 48 0 1 1 96 0 48 48 0 1 1 -96 0z\"\/><\/svg><\/div>\n    \t                  <\/div>\n<\/div>\n\n<\/div><h2 class=\"bde-heading-218-120 bde-heading\">\nEmballage\n<\/h2><ul class=\"bde-basic-list-218-123 bde-basic-list\">\n  <li  >    \n          Les ordinateurs sont emball\u00e9s en toute s\u00e9curit\u00e9 avec de la mousse de polyur\u00e9thane extensible InstaPak\u00ae, du polystyr\u00e8ne et du papier bulle suppl\u00e9mentaire.\n      <\/li>\n  <li  >    \n          Les produits SimRacing sont exp\u00e9di\u00e9s dans leur bo\u00eete d'origine. Si plusieurs articles sont command\u00e9s, nous les assemblons dans une ou plusieurs bo\u00eetes.\n      <\/li>\n<\/ul><div class=\"bde-fancy-divider-218-132 bde-fancy-divider\">\n\n\n<div class=\"bde-fancy-divider__wrapper\">\n  <div class=\"bde-fancy-divider__separator has-content\">\n  \t    \t    \t    \t\t\t    \t\t<div class=\"bde-fancy-divider__content bde-fancy-divider__content--icon\"><svg xmlns=\"http:\/\/www.w3.org\/2000\/svg\" viewbox=\"0 0 640 512\"><!--! Font Awesome Free 6.5.1 by @fontawesome - https:\/\/fontawesome.com License - https:\/\/fontawesome.com\/license\/free (Icons: CC BY 4.0, Fonts: SIL OFL 1.1, Code: MIT License) Copyright 2023 Fonticons, Inc. --><path d=\"M112 0C85.5 0 64 21.5 64 48V96H16c-8.8 0-16 7.2-16 16s7.2 16 16 16H64 272c8.8 0 16 7.2 16 16s-7.2 16-16 16H64 48c-8.8 0-16 7.2-16 16s7.2 16 16 16H64 240c8.8 0 16 7.2 16 16s-7.2 16-16 16H64 16c-8.8 0-16 7.2-16 16s7.2 16 16 16H64 208c8.8 0 16 7.2 16 16s-7.2 16-16 16H64V416c0 53 43 96 96 96s96-43 96-96H384c0 53 43 96 96 96s96-43 96-96h32c17.7 0 32-14.3 32-32s-14.3-32-32-32V288 256 237.3c0-17-6.7-33.3-18.7-45.3L512 114.7c-12-12-28.3-18.7-45.3-18.7H416V48c0-26.5-21.5-48-48-48H112zM544 237.3V256H416V160h50.7L544 237.3zM160 368a48 48 0 1 1 0 96 48 48 0 1 1 0-96zm272 48a48 48 0 1 1 96 0 48 48 0 1 1 -96 0z\"\/><\/svg><\/div>\n    \t                  <\/div>\n<\/div>\n\n<\/div><h2 class=\"bde-heading-218-122 bde-heading\">\nExp\u00e9dition\n<\/h2><ul class=\"bde-basic-list-218-121 bde-basic-list\">\n  <li  >    \n          Nous utilisons Purolator et Canpar comme principaux partenaires de livraison.\n      <\/li>\n  <li  >    \n          Selon la destination, ou en cas de co\u00fbts exhaustif par nos partenaires traditionnels, nous utilisons occasionnellement Postes Canada, Fedex, GLS et UPS.\n      <\/li>\n  <li  >    \n          <span style=\"color:red;font-weight:700;text-decoration:underline;\">Nous t'enverrons un lien de suivi de commande d\u00e8s que ta commande sera exp\u00e9di\u00e9e.<\/span><br>\n      <\/li>\n  <li  >    \n          <span style=\"font-weight:700;text-decoration:underline;\">Il est normal de ne pas recevoir imm\u00e9diatement un num\u00e9ro de suivi.<\/span> Il sera envoy\u00e9 d\u00e8s que l'exp\u00e9dition sera termin\u00e9e.<br>\n      <\/li>\n<\/ul><div class=\"bde-fancy-divider-218-133 bde-fancy-divider\">\n\n\n<div class=\"bde-fancy-divider__wrapper\">\n  <div class=\"bde-fancy-divider__separator has-content\">\n  \t    \t    \t    \t\t\t    \t\t<div class=\"bde-fancy-divider__content bde-fancy-divider__content--icon\"><svg xmlns=\"http:\/\/www.w3.org\/2000\/svg\" viewbox=\"0 0 640 512\"><!--! Font Awesome Free 6.5.1 by @fontawesome - https:\/\/fontawesome.com License - https:\/\/fontawesome.com\/license\/free (Icons: CC BY 4.0, Fonts: SIL OFL 1.1, Code: MIT License) Copyright 2023 Fonticons, Inc. --><path d=\"M112 0C85.5 0 64 21.5 64 48V96H16c-8.8 0-16 7.2-16 16s7.2 16 16 16H64 272c8.8 0 16 7.2 16 16s-7.2 16-16 16H64 48c-8.8 0-16 7.2-16 16s7.2 16 16 16H64 240c8.8 0 16 7.2 16 16s-7.2 16-16 16H64 16c-8.8 0-16 7.2-16 16s7.2 16 16 16H64 208c8.8 0 16 7.2 16 16s-7.2 16-16 16H64V416c0 53 43 96 96 96s96-43 96-96H384c0 53 43 96 96 96s96-43 96-96h32c17.7 0 32-14.3 32-32s-14.3-32-32-32V288 256 237.3c0-17-6.7-33.3-18.7-45.3L512 114.7c-12-12-28.3-18.7-45.3-18.7H416V48c0-26.5-21.5-48-48-48H112zM544 237.3V256H416V160h50.7L544 237.3zM160 368a48 48 0 1 1 0 96 48 48 0 1 1 0-96zm272 48a48 48 0 1 1 96 0 48 48 0 1 1 -96 0z\"\/><\/svg><\/div>\n    \t                  <\/div>\n<\/div>\n\n<\/div><h2 class=\"bde-heading-218-124 bde-heading\">\nR\u00e9ception des commandes\n<\/h2><ul class=\"bde-basic-list-218-125 bde-basic-list\">\n  <li  >    \n          Nous exigeons une signature pour nos livraisons afin qu'elles ne soient pas laiss\u00e9es sans surveillance.\n      <\/li>\n  <li  >    \n          Si tu souhaites r\u00e9cup\u00e9rer ton colis dans ton entrep\u00f4t local, pr\u00e9viens-nous imm\u00e9diatement apr\u00e8s avoir pass\u00e9 ta commande. Nous essaierons de rendre cela possible avec Purolator ou Canpar.\n      <\/li>\n  <li  >    \n          Dans le cas d'un ordinateur, un guide de d\u00e9marrage rapide sera inclus dans la bo\u00eete. Si tu rencontres des difficult\u00e9s dans le processus, n'h\u00e9site pas \u00e0 nous contacter sur Messenger.\n      <\/li>\n<\/ul><div class=\"bde-fancy-divider-218-134 bde-fancy-divider\">\n\n\n<div class=\"bde-fancy-divider__wrapper\">\n  <div class=\"bde-fancy-divider__separator has-content\">\n  \t    \t    \t    \t\t\t    \t\t<div class=\"bde-fancy-divider__content bde-fancy-divider__content--icon\"><svg xmlns=\"http:\/\/www.w3.org\/2000\/svg\" viewbox=\"0 0 640 512\"><!--! Font Awesome Free 6.5.1 by @fontawesome - https:\/\/fontawesome.com License - https:\/\/fontawesome.com\/license\/free (Icons: CC BY 4.0, Fonts: SIL OFL 1.1, Code: MIT License) Copyright 2023 Fonticons, Inc. --><path d=\"M112 0C85.5 0 64 21.5 64 48V96H16c-8.8 0-16 7.2-16 16s7.2 16 16 16H64 272c8.8 0 16 7.2 16 16s-7.2 16-16 16H64 48c-8.8 0-16 7.2-16 16s7.2 16 16 16H64 240c8.8 0 16 7.2 16 16s-7.2 16-16 16H64 16c-8.8 0-16 7.2-16 16s7.2 16 16 16H64 208c8.8 0 16 7.2 16 16s-7.2 16-16 16H64V416c0 53 43 96 96 96s96-43 96-96H384c0 53 43 96 96 96s96-43 96-96h32c17.7 0 32-14.3 32-32s-14.3-32-32-32V288 256 237.3c0-17-6.7-33.3-18.7-45.3L512 114.7c-12-12-28.3-18.7-45.3-18.7H416V48c0-26.5-21.5-48-48-48H112zM544 237.3V256H416V160h50.7L544 237.3zM160 368a48 48 0 1 1 0 96 48 48 0 1 1 0-96zm272 48a48 48 0 1 1 96 0 48 48 0 1 1 -96 0z\"\/><\/svg><\/div>\n    \t                  <\/div>\n<\/div>\n\n<\/div><div class=\"bde-columns-218-126 bde-columns\"><div class=\"bde-column-218-127 bde-column\">\n  \n  \n\t\n\n\n\n<div class=\"bde-button-218-129 bde-button\">\n        \n    \n    \n    \n    \n            \n                    \n            \n            \n\n    \n    \n    \n    \n    \n    <a class=\"breakdance-link button-atom button-atom--primary bde-button__button\" href=\"\/fr\/m.me\/noxgaming.ca\/\" target=\"_self\" data-type=\"url\"  >\n\n    \n        <span class=\"button-atom__text\">Contacte-nous sur Messenger<\/span>\n\n        \n        \n                <\/a>\n\n    \n\n\n<\/div>\n<\/div><\/div><\/div>\n<\/section>","protected":false},"excerpt":{"rendered":"<p>Preparation &#038; Shipping At NOX Gaming, every order is carefully prepared and dispatched quickly, so you can enjoy your new equipment as soon as possible. Purchase Shipping if free for orders of 135$ CAD and more.*In-store pickup is always free, and we&#8217;ll contact you when your order is ready.*Some additional fees may apply for delivery [&hellip;]<\/p>\n","protected":false},"author":2,"featured_media":0,"parent":0,"menu_order":0,"comment_status":"closed","ping_status":"closed","template":"","meta":{"_acf_changed":false,"_breakdance_hide_in_design_set":false,"_breakdance_tags":"","footnotes":""},"class_list":["post-218","page","type-page","status-publish","hentry"],"acf":[],"_links":{"self":[{"href":"https:\/\/www.noxgaming.ca\/fr\/wp-json\/wp\/v2\/pages\/218","targetHints":{"allow":["GET"]}}],"collection":[{"href":"https:\/\/www.noxgaming.ca\/fr\/wp-json\/wp\/v2\/pages"}],"about":[{"href":"https:\/\/www.noxgaming.ca\/fr\/wp-json\/wp\/v2\/types\/page"}],"author":[{"embeddable":true,"href":"https:\/\/www.noxgaming.ca\/fr\/wp-json\/wp\/v2\/users\/2"}],"replies":[{"embeddable":true,"href":"https:\/\/www.noxgaming.ca\/fr\/wp-json\/wp\/v2\/comments?post=218"}],"version-history":[{"count":7,"href":"https:\/\/www.noxgaming.ca\/fr\/wp-json\/wp\/v2\/pages\/218\/revisions"}],"predecessor-version":[{"id":430521,"href":"https:\/\/www.noxgaming.ca\/fr\/wp-json\/wp\/v2\/pages\/218\/revisions\/430521"}],"wp:attachment":[{"href":"https:\/\/www.noxgaming.ca\/fr\/wp-json\/wp\/v2\/media?parent=218"}],"curies":[{"name":"wp","href":"https:\/\/api.w.org\/{rel}","templated":true}]}}